{"id":56218,"date":"2022-10-08T18:49:24","date_gmt":"2022-10-08T18:49:24","guid":{"rendered":"https:\/\/topgetestet.de\/?product=puma-herren-electrify-nitro-turn-laufschuh"},"modified":"2022-10-08T18:49:24","modified_gmt":"2022-10-08T18:49:24","slug":"puma-herren-electrify-nitro-turn-laufschuh","status":"publish","type":"product","link":"https:\/\/topgetestet.de\/?product=puma-herren-electrify-nitro-turn-laufschuh","title":{"rendered":"PUMA Herren Electrify Nitro Turn Laufschuh"},"content":{"rendered":"<p>Price: <span style=\"color:#b12704\">[price_with_discount]<\/span><br \/><i><small>(as of [price_update_date] &#8211; <span class=\"wp_automatic_amazon_disclaimer\" title=\"Product prices and availability are accurate as of the date\/time indicated and are subject to change. Any price and availability information displayed on [relevant Amazon Site(s), as applicable] at the time of purchase will apply to the purchase of this product.\">Details<\/span>)<\/small><\/i><\/p>\n<p><a href=\"https:\/\/amazon.de\/dp\/B09QKWSKJP?tag=topgetestet09-21\"><img decoding=\"async\" src=\"https:\/\/i.imgur.com\/ISRHEWs.png\"><\/a><br \/>\n[ad_1]<br \/>\n <span>Mit unserer Electrify-Kollektion von Performance-Laufschuhen ist Schluss mit langweiligen Lauf-Sessions. Unsere Electrify Nitro Turn Laufschuhe sind vollgepackt mit der neuesten Sporttechnologie, mit einer dualen NITRO FOAM und ProFoam Zwischensohle f\u00fcr leichte, hohe Rebound-Leistung und einer PUMAGRIP-Au\u00dfensohle f\u00fcr ultimative Traktion auf jedem Untergrund. NITRO FOAM: Fortschrittliche Technologie von PUMA f\u00fcr herausragende Reaktionsf\u00e4higkeit und D\u00e4mpfung bei geringem Gewicht. ProFoam: PUMAs leichte EVA-Zwischensohle mit hoher R\u00fcckfederung bietet sofortige D\u00e4mpfung und Reaktionsf\u00e4higkeit.. PUMAGRIP: Strapazierf\u00e4hige PUMA-Gummiverbindung f\u00fcr Halt auf jedem Untergrund. Niedriger Schaft. Zweifarbiges, leichtgewichtiges Mesh-Obermaterial mit reflektierenden Designelementen. Zweiteilige NITRO FOAM und ProFoam Lite Zwischensohle. PUMAGRIP Laufsohle. TPU Fersenspoiler.<\/span> <br \/> Produktabmessungen \u200f : \u200e  25.5 x 19.5 x 10 cm; 700 Gramm <br \/> Im Angebot von Amazon.de seit \u200f : \u200e  16. Juni 2021 <br \/> Hersteller \u200f : \u200e  PUMA <br \/> ASIN \u200f : \u200e  B097C96D7M <br \/> Modellnummer \u200f : \u200e  376704 <br \/> Kategorie \u200f : \u200e  Herren <\/p>\n<p>Sohle: Leder<br \/>Verschluss: Schn\u00fcrung<br \/>Absatzform: Flach<br \/>Schuhweite: Medium<br \/>Nicht wasserfest<br \/>\n<br \/>[ad_2]<\/p>\n","protected":false},"excerpt":{"rendered":"<p>Price: [price_with_discount](as of [price_update_date] &#8211; Details) [ad_1] Mit unserer Electrify-Kollektion von Performance-Laufschuhen ist Schluss mit langweiligen Lauf-Sessions. Unsere Electrify Nitro Turn Laufschuhe sind vollgepackt mit der neuesten Sporttechnologie, mit einer<\/p>\n","protected":false},"featured_media":56219,"comment_status":"open","ping_status":"closed","template":"","meta":[],"product_cat":[234],"product_tag":[235],"class_list":{"0":"post-56218","1":"product","2":"type-product","3":"status-publish","4":"has-post-thumbnail","6":"product_cat-shoes","7":"product_tag-mens-road-running-shoes","9":"first","10":"instock","11":"shipping-taxable","12":"product-type-external"},"aioseo_notices":[],"_links":{"self":[{"href":"https:\/\/topgetestet.de\/index.php?rest_route=\/wp\/v2\/product\/56218","targetHints":{"allow":["GET"]}}],"collection":[{"href":"https:\/\/topgetestet.de\/index.php?rest_route=\/wp\/v2\/product"}],"about":[{"href":"https:\/\/topgetestet.de\/index.php?rest_route=\/wp\/v2\/types\/product"}],"replies":[{"embeddable":true,"href":"https:\/\/topgetestet.de\/index.php?rest_route=%2Fwp%2Fv2%2Fcomments&post=56218"}],"wp:featuredmedia":[{"embeddable":true,"href":"https:\/\/topgetestet.de\/index.php?rest_route=\/wp\/v2\/media\/56219"}],"wp:attachment":[{"href":"https:\/\/topgetestet.de\/index.php?rest_route=%2Fwp%2Fv2%2Fmedia&parent=56218"}],"wp:term":[{"taxonomy":"product_cat","embeddable":true,"href":"https:\/\/topgetestet.de\/index.php?rest_route=%2Fwp%2Fv2%2Fproduct_cat&post=56218"},{"taxonomy":"product_tag","embeddable":true,"href":"https:\/\/topgetestet.de\/index.php?rest_route=%2Fwp%2Fv2%2Fproduct_tag&post=56218"}],"curies":[{"name":"wp","href":"https:\/\/api.w.org\/{rel}","templated":true}]}}