{"id":56118,"date":"2022-10-08T14:23:39","date_gmt":"2022-10-08T14:23:39","guid":{"rendered":"https:\/\/topgetestet.de\/?post_type=product&#038;p=56118"},"modified":"2022-10-08T14:23:39","modified_gmt":"2022-10-08T14:23:39","slug":"the-prvke-21-liter-grun-photo-bundel-v3","status":"publish","type":"product","link":"https:\/\/topgetestet.de\/?product=the-prvke-21-liter-grun-photo-bundel-v3","title":{"rendered":"The PRVKE 21 Liter gr\u00fcn Photo Bundel V3"},"content":{"rendered":"<p>Price: <span style=\"color:#b12704\">[price_with_discount]<\/span><br \/><i><small>(as of [price_update_date] &#8211; <span class=\"wp_automatic_amazon_disclaimer\" title=\"Product prices and availability are accurate as of the date\/time indicated and are subject to change. Any price and availability information displayed on [relevant Amazon Site(s), as applicable] at the time of purchase will apply to the purchase of this product.\">Details<\/span>)<\/small><\/i><\/p>\n<p><a href=\"https:\/\/amazon.de\/dp\/B095FCXY7F?tag=topgetestet09-21\"><img decoding=\"async\" src=\"https:\/\/i.imgur.com\/ISRHEWs.png\"><\/a><br \/>\n[ad_1]<br \/>\n <span>THE PRVKE 21 Liter gr\u00fcn Photo Bundel V3.<\/span> <br \/>THE PRVKE 21 Liter gr\u00fcn Photo Bundel V3<br \/>WANDRD<br \/>WANDRD<br \/>Kamera sonstiges Zubeh\u00f6r<br \/>\n<br \/>[ad_2]<\/p>\n","protected":false},"excerpt":{"rendered":"<p>Price: [price_with_discount](as of [price_update_date] &#8211; Details) [ad_1] THE PRVKE 21 Liter gr\u00fcn Photo Bundel V3. THE PRVKE 21 Liter gr\u00fcn Photo Bundel V3WANDRDWANDRDKamera sonstiges Zubeh\u00f6r [ad_2]<\/p>\n","protected":false},"featured_media":56119,"comment_status":"open","ping_status":"closed","template":"","meta":[],"product_cat":[226],"product_tag":[240],"class_list":{"0":"post-56118","1":"product","2":"type-product","3":"status-publish","4":"has-post-thumbnail","6":"product_cat-cameras","7":"product_tag-camera-photo","9":"first","10":"instock","11":"sale","12":"shipping-taxable","13":"product-type-external"},"aioseo_notices":[],"_links":{"self":[{"href":"https:\/\/topgetestet.de\/index.php?rest_route=\/wp\/v2\/product\/56118","targetHints":{"allow":["GET"]}}],"collection":[{"href":"https:\/\/topgetestet.de\/index.php?rest_route=\/wp\/v2\/product"}],"about":[{"href":"https:\/\/topgetestet.de\/index.php?rest_route=\/wp\/v2\/types\/product"}],"replies":[{"embeddable":true,"href":"https:\/\/topgetestet.de\/index.php?rest_route=%2Fwp%2Fv2%2Fcomments&post=56118"}],"wp:featuredmedia":[{"embeddable":true,"href":"https:\/\/topgetestet.de\/index.php?rest_route=\/wp\/v2\/media\/56119"}],"wp:attachment":[{"href":"https:\/\/topgetestet.de\/index.php?rest_route=%2Fwp%2Fv2%2Fmedia&parent=56118"}],"wp:term":[{"taxonomy":"product_cat","embeddable":true,"href":"https:\/\/topgetestet.de\/index.php?rest_route=%2Fwp%2Fv2%2Fproduct_cat&post=56118"},{"taxonomy":"product_tag","embeddable":true,"href":"https:\/\/topgetestet.de\/index.php?rest_route=%2Fwp%2Fv2%2Fproduct_tag&post=56118"}],"curies":[{"name":"wp","href":"https:\/\/api.w.org\/{rel}","templated":true}]}}