{"id":55957,"date":"2022-10-08T10:33:51","date_gmt":"2022-10-08T10:33:51","guid":{"rendered":"https:\/\/topgetestet.de\/?product=vaude-womens-all-year-elope-softshell-jacket-softshelljacke-damen"},"modified":"2022-10-08T10:33:51","modified_gmt":"2022-10-08T10:33:51","slug":"vaude-womens-all-year-elope-softshell-jacket-softshelljacke-damen","status":"publish","type":"product","link":"https:\/\/topgetestet.de\/?product=vaude-womens-all-year-elope-softshell-jacket-softshelljacke-damen","title":{"rendered":"VAUDE Women&#8217;s All Year Elope Softshell Jacket &#8211; Softshelljacke Damen"},"content":{"rendered":"<p>Price: <span style=\"color:#b12704\">[price_with_discount]<\/span><br \/><i><small>(as of [price_update_date] &#8211; <span class=\"wp_automatic_amazon_disclaimer\" title=\"Product prices and availability are accurate as of the date\/time indicated and are subject to change. Any price and availability information displayed on [relevant Amazon Site(s), as applicable] at the time of purchase will apply to the purchase of this product.\">Details<\/span>)<\/small><\/i><\/p>\n<p><a href=\"https:\/\/amazon.de\/dp\/B09JSX8RSY?tag=topgetestet09-21\"><img decoding=\"async\" src=\"https:\/\/i.imgur.com\/ISRHEWs.png\"><\/a><br \/>\n[ad_1]<br \/>\n <span>F\u00fcr ambitionierte Wanderinnen: Wer gern schnell rund um Berg und Tal unterwegs ist, findet in dieser elastischen Softshelljacke mit partiell gepr\u00e4gter Au\u00dfenseite ein funktionelles und bew\u00e4hrtes Kleidungsst\u00fcck f\u00fcr das ganze Jahr. Das Softshell-Material sch\u00fctzt dank Membran zu 100 % vor b\u00f6igem Wind am Gipfel oder auch an k\u00fchleren Sommerabenden. Die Unterarmbel\u00fcftung geht von der Achsel bis zur R\u00fcckseite und sorgt daf\u00fcr, dass das K\u00f6rperklima auch bei anstrengenden Bergtouren reguliert werden kann. Der 2-Wege-Frontrei\u00dfverschluss macht Hosentaschen jederzeit problemlos zug\u00e4nglich. Die Kapuze passt sich optimal an den Kopf an und l\u00e4sst sich bequem mit einer Hand verstellen. Die \u00c4rmelabschl\u00fcsse k\u00f6nnen mit Klett reguliert werden. Mit dem hohen Stehkragen und der leicht angerauten Innenseite wird aus der Softshelljacke ein angenehm weiches Kleidungsst\u00fcck f\u00fcr die \u00dcbergangszeit sowie im Sommer hoch oben im Gebirge. Die Softshelljacke ist zu 100 % aus recycelten Materialien hergestellt. Das VAUDE Green Shape-Label steht f\u00fcr ein umweltfreundliches, funktionelles Produkt aus nachhaltigen und bluesign\u00ae zertifizierten Materialien.<\/span> <br \/> Verpackungsabmessungen \u200f : \u200e  37.1 x 25.5 x 11.5 cm; 540 Gramm <br \/> Im Angebot von Amazon.de seit \u200f : \u200e  19. Oktober 2021 <br \/> Hersteller \u200f : \u200e  Vaude <br \/> ASIN \u200f : \u200e  B09JSXJDN3 <br \/> Modellnummer \u200f : \u200e  426111790340 <br \/> Kategorie \u200f : \u200e  Damen <\/p>\n<p>[ad_2]<\/p>\n","protected":false},"excerpt":{"rendered":"<p>Price: [price_with_discount](as of [price_update_date] &#8211; Details) [ad_1] F\u00fcr ambitionierte Wanderinnen: Wer gern schnell rund um Berg und Tal unterwegs ist, findet in dieser elastischen Softshelljacke mit partiell gepr\u00e4gter Au\u00dfenseite ein<\/p>\n","protected":false},"featured_media":55958,"comment_status":"open","ping_status":"closed","template":"","meta":[],"product_cat":[232],"product_tag":[],"class_list":{"0":"post-55957","1":"product","2":"type-product","3":"status-publish","4":"has-post-thumbnail","6":"product_cat-women-fashion","8":"first","9":"instock","10":"shipping-taxable","11":"product-type-external"},"aioseo_notices":[],"_links":{"self":[{"href":"https:\/\/topgetestet.de\/index.php?rest_route=\/wp\/v2\/product\/55957","targetHints":{"allow":["GET"]}}],"collection":[{"href":"https:\/\/topgetestet.de\/index.php?rest_route=\/wp\/v2\/product"}],"about":[{"href":"https:\/\/topgetestet.de\/index.php?rest_route=\/wp\/v2\/types\/product"}],"replies":[{"embeddable":true,"href":"https:\/\/topgetestet.de\/index.php?rest_route=%2Fwp%2Fv2%2Fcomments&post=55957"}],"wp:featuredmedia":[{"embeddable":true,"href":"https:\/\/topgetestet.de\/index.php?rest_route=\/wp\/v2\/media\/55958"}],"wp:attachment":[{"href":"https:\/\/topgetestet.de\/index.php?rest_route=%2Fwp%2Fv2%2Fmedia&parent=55957"}],"wp:term":[{"taxonomy":"product_cat","embeddable":true,"href":"https:\/\/topgetestet.de\/index.php?rest_route=%2Fwp%2Fv2%2Fproduct_cat&post=55957"},{"taxonomy":"product_tag","embeddable":true,"href":"https:\/\/topgetestet.de\/index.php?rest_route=%2Fwp%2Fv2%2Fproduct_tag&post=55957"}],"curies":[{"name":"wp","href":"https:\/\/api.w.org\/{rel}","templated":true}]}}