{"id":55717,"date":"2022-10-08T05:23:34","date_gmt":"2022-10-08T05:23:34","guid":{"rendered":"https:\/\/topgetestet.de\/?product=nura-nuraphones-over-ear-noise-cancellin"},"modified":"2022-10-08T05:23:34","modified_gmt":"2022-10-08T05:23:34","slug":"nura-nuraphones-over-ear-noise-cancellin","status":"publish","type":"product","link":"https:\/\/topgetestet.de\/?product=nura-nuraphones-over-ear-noise-cancellin","title":{"rendered":"Nura Nuraphones Over Ear Noise-Cancellin"},"content":{"rendered":"<p>Price: <span style=\"color:#b12704\">[price_with_discount]<\/span><br \/><i><small>(as of [price_update_date] &#8211; <span class=\"wp_automatic_amazon_disclaimer\" title=\"Product prices and availability are accurate as of the date\/time indicated and are subject to change. Any price and availability information displayed on [relevant Amazon Site(s), as applicable] at the time of purchase will apply to the purchase of this product.\">Details<\/span>)<\/small><\/i><\/p>\n<p><a href=\"https:\/\/amazon.de\/dp\/B0833GMD7K?tag=topgetestet09-21\"><img decoding=\"async\" src=\"https:\/\/i.imgur.com\/ISRHEWs.png\"><\/a><br \/>\n[ad_1]<br \/>\n <span>Nura Nuraphones Over Ear Noise-Cancellin<\/span> <br \/> Batterien \u200f : \u200e  1 Lithium-Ionen Batterien erforderlich (enthalten). <br \/> Auslaufartikel (Produktion durch Hersteller eingestellt) \u200f : \u200e  Nein <br \/> Produktabmessungen \u200f : \u200e  1 x 1 x 1 cm; 300 Gramm <br \/> Im Angebot von Amazon.de seit \u200f : \u200e  13. Februar 2020 <br \/> Hersteller \u200f : \u200e  Nura <br \/> ASIN \u200f : \u200e  B0833GMD7K <br \/> Modellnummer \u200f : \u200e  I20B <br \/> Herkunftsland \u200f : \u200e  Polen <\/p>\n<p>INDIVIDUELLER SOUND: Der einzige Kopfh\u00f6rer weltweit, der sich automatisch an Ihre Art und Weise anpasst, Musik zu h\u00f6ren<br \/>IN-EAR- UND OVER-EAR-DESIGN: In-Ear-Ohrst\u00f6psel \u00fcbertragen klare Melodien, Over-Ear-Schalen mit Vibration lassen den Bass sp\u00fcrbar werden. W\u00e4hlen Sie selbst, wie weit Sie in den Bass eintauchen. Von leise bis erste Reihe.<br \/>ANC + SOCIAL MODE: Genie\u00dfen Sie Musik ohne st\u00f6rende Au\u00dfenger\u00e4usche und h\u00f6ren Sie im Social Mode Gespr\u00e4che und Ihre Umgebung mit einem Knopfdruck.<br \/>WEITERE FUNKTIONEN: kabelloses aptX-HD-Bluetooth und Kabeloptionen, 4 externe Mikrofone f\u00fcr klare Sprachanrufe, mehr als 20 Stunden kabellose Akkulaufzeit, kostenlose nuraphone-App.<br \/>LIEFERUMFANG: Nuraphone, eine Aufbewahrungstasche, zus\u00e4tzliche Ohrst\u00f6psel (Gr\u00f6\u00dfe S und L), Ladekabel mit propriet\u00e4rem Stecker und USB-A, ein analoges Verbindungskabel (3,5 mm Stereo-Klinke auf propriet\u00e4ren Stecker)<br \/>\n<br \/>[ad_2]<\/p>\n","protected":false},"excerpt":{"rendered":"<p>Price: [price_with_discount](as of [price_update_date] &#8211; Details) [ad_1] Nura Nuraphones Over Ear Noise-Cancellin Batterien \u200f : \u200e 1 Lithium-Ionen Batterien erforderlich (enthalten). Auslaufartikel (Produktion durch Hersteller eingestellt) \u200f : \u200e Nein<\/p>\n","protected":false},"featured_media":55718,"comment_status":"open","ping_status":"closed","template":"","meta":[],"product_cat":[225],"product_tag":[],"class_list":{"0":"post-55717","1":"product","2":"type-product","3":"status-publish","4":"has-post-thumbnail","6":"product_cat-electronics","8":"first","9":"instock","10":"shipping-taxable","11":"product-type-external"},"aioseo_notices":[],"_links":{"self":[{"href":"https:\/\/topgetestet.de\/index.php?rest_route=\/wp\/v2\/product\/55717","targetHints":{"allow":["GET"]}}],"collection":[{"href":"https:\/\/topgetestet.de\/index.php?rest_route=\/wp\/v2\/product"}],"about":[{"href":"https:\/\/topgetestet.de\/index.php?rest_route=\/wp\/v2\/types\/product"}],"replies":[{"embeddable":true,"href":"https:\/\/topgetestet.de\/index.php?rest_route=%2Fwp%2Fv2%2Fcomments&post=55717"}],"wp:featuredmedia":[{"embeddable":true,"href":"https:\/\/topgetestet.de\/index.php?rest_route=\/wp\/v2\/media\/55718"}],"wp:attachment":[{"href":"https:\/\/topgetestet.de\/index.php?rest_route=%2Fwp%2Fv2%2Fmedia&parent=55717"}],"wp:term":[{"taxonomy":"product_cat","embeddable":true,"href":"https:\/\/topgetestet.de\/index.php?rest_route=%2Fwp%2Fv2%2Fproduct_cat&post=55717"},{"taxonomy":"product_tag","embeddable":true,"href":"https:\/\/topgetestet.de\/index.php?rest_route=%2Fwp%2Fv2%2Fproduct_tag&post=55717"}],"curies":[{"name":"wp","href":"https:\/\/api.w.org\/{rel}","templated":true}]}}