{"id":55434,"date":"2022-10-07T21:03:08","date_gmt":"2022-10-07T21:03:08","guid":{"rendered":"https:\/\/topgetestet.de\/?product=ghostbusters-the-video-game-remastered-nintendo-switch-usk-12"},"modified":"2022-10-07T21:03:08","modified_gmt":"2022-10-07T21:03:08","slug":"ghostbusters-the-video-game-remastered-nintendo-switch-usk-12","status":"publish","type":"product","link":"https:\/\/topgetestet.de\/?product=ghostbusters-the-video-game-remastered-nintendo-switch-usk-12","title":{"rendered":"Ghostbusters The Video Game Remastered Nintendo Switch USK: 12"},"content":{"rendered":"<p>Price: <span style=\"color:#b12704\">[price_with_discount]<\/span><br \/><i><small>(as of [price_update_date] &#8211; <span class=\"wp_automatic_amazon_disclaimer\" title=\"Product prices and availability are accurate as of the date\/time indicated and are subject to change. Any price and availability information displayed on [relevant Amazon Site(s), as applicable] at the time of purchase will apply to the purchase of this product.\">Details<\/span>)<\/small><\/i><\/p>\n<p><a href=\"https:\/\/amazon.de\/dp\/B09CQ9261W?tag=topgetestet09-21\"><img decoding=\"async\" src=\"https:\/\/i.imgur.com\/ISRHEWs.png\"><\/a><br \/>\n[ad_1]<br \/>\n <span>Ghostbusters The Video Game Remastered Nintendo Switch USK: 12 Verpackungsgr\u00f6\u00dfe: Inhalt: 1 St\u00fcck Originalqualit\u00e4t von Diverser<\/span> <br \/>Inhalt: 1 St\u00fcck<br \/>\n<br \/>[ad_2]<\/p>\n","protected":false},"excerpt":{"rendered":"<p>Price: [price_with_discount](as of [price_update_date] &#8211; Details) [ad_1] Ghostbusters The Video Game Remastered Nintendo Switch USK: 12 Verpackungsgr\u00f6\u00dfe: Inhalt: 1 St\u00fcck Originalqualit\u00e4t von Diverser Inhalt: 1 St\u00fcck [ad_2]<\/p>\n","protected":false},"featured_media":55435,"comment_status":"open","ping_status":"closed","template":"","meta":[],"product_cat":[227],"product_tag":[267],"class_list":{"0":"post-55434","1":"product","2":"type-product","3":"status-publish","4":"has-post-thumbnail","6":"product_cat-gaming","7":"product_tag-video-games","9":"first","10":"instock","11":"shipping-taxable","12":"product-type-external"},"aioseo_notices":[],"_links":{"self":[{"href":"https:\/\/topgetestet.de\/index.php?rest_route=\/wp\/v2\/product\/55434","targetHints":{"allow":["GET"]}}],"collection":[{"href":"https:\/\/topgetestet.de\/index.php?rest_route=\/wp\/v2\/product"}],"about":[{"href":"https:\/\/topgetestet.de\/index.php?rest_route=\/wp\/v2\/types\/product"}],"replies":[{"embeddable":true,"href":"https:\/\/topgetestet.de\/index.php?rest_route=%2Fwp%2Fv2%2Fcomments&post=55434"}],"wp:featuredmedia":[{"embeddable":true,"href":"https:\/\/topgetestet.de\/index.php?rest_route=\/wp\/v2\/media\/55435"}],"wp:attachment":[{"href":"https:\/\/topgetestet.de\/index.php?rest_route=%2Fwp%2Fv2%2Fmedia&parent=55434"}],"wp:term":[{"taxonomy":"product_cat","embeddable":true,"href":"https:\/\/topgetestet.de\/index.php?rest_route=%2Fwp%2Fv2%2Fproduct_cat&post=55434"},{"taxonomy":"product_tag","embeddable":true,"href":"https:\/\/topgetestet.de\/index.php?rest_route=%2Fwp%2Fv2%2Fproduct_tag&post=55434"}],"curies":[{"name":"wp","href":"https:\/\/api.w.org\/{rel}","templated":true}]}}