{"id":55428,"date":"2022-10-07T20:49:39","date_gmt":"2022-10-07T20:49:39","guid":{"rendered":"https:\/\/topgetestet.de\/?product=head-hypertek-herren-tanktop-armellos"},"modified":"2022-10-07T20:49:39","modified_gmt":"2022-10-07T20:49:39","slug":"head-hypertek-herren-tanktop-armellos","status":"publish","type":"product","link":"https:\/\/topgetestet.de\/?product=head-hypertek-herren-tanktop-armellos","title":{"rendered":"HEAD Hypertek Herren-Tanktop, \u00e4rmellos"},"content":{"rendered":"<p>Price: <span style=\"color:#b12704\">[price_with_discount]<\/span><br \/><i><small>(as of [price_update_date] &#8211; <span class=\"wp_automatic_amazon_disclaimer\" title=\"Product prices and availability are accurate as of the date\/time indicated and are subject to change. Any price and availability information displayed on [relevant Amazon Site(s), as applicable] at the time of purchase will apply to the purchase of this product.\">Details<\/span>)<\/small><\/i><\/p>\n<p><a href=\"https:\/\/amazon.de\/dp\/B084T6F2X1?tag=topgetestet09-21\"><img decoding=\"async\" src=\"https:\/\/i.imgur.com\/ISRHEWs.png\"><\/a><br \/>\n[ad_1]<br \/>\n <br \/> Produktabmessungen \u200f : \u200e  2.54 x 2.54 x 2.54 cm; 158.76 Gramm <br \/> Im Angebot von Amazon.de seit \u200f : \u200e  19. Februar 2020 <br \/> ASIN \u200f : \u200e  B084T6F2X1 <br \/> Modellnummer \u200f : \u200e  HEM191TX04029 <br \/> Kategorie \u200f : \u200e  Herren <\/p>\n<p>Halten Sie Pushing: Dieses Sport-Top ist aus einem schnell trocknenden Stoff hergestellt, das Feuchtigkeit von der Haut ableitet. Bleiben Sie trocken und komfortabel w\u00e4hrend intensiver \u00dcbungen und opfern Sie nie die letzte Wiederholung wegen Schwei\u00df.<br \/>\u00c4rmellos<br \/>Verschluss: Pull-On<br \/>Polyester Spandex<br \/>Pflegehinweis: Kalt b\u00fcgeln, Nicht chemisch reinigen, Trocknen bei niedriger Temperatur., Nicht bleichen, Nicht b\u00fcgeln, Kaltes Waschen, Maschinenw\u00e4sche<br \/>Modellnummer: HEM191TX04029<br \/>\n<br \/>[ad_2]<\/p>\n","protected":false},"excerpt":{"rendered":"<p>Price: [price_with_discount](as of [price_update_date] &#8211; Details) [ad_1] Produktabmessungen \u200f : \u200e 2.54 x 2.54 x 2.54 cm; 158.76 Gramm Im Angebot von Amazon.de seit \u200f : \u200e 19. Februar 2020<\/p>\n","protected":false},"featured_media":55429,"comment_status":"open","ping_status":"closed","template":"","meta":[],"product_cat":[231],"product_tag":[],"class_list":{"0":"post-55428","1":"product","2":"type-product","3":"status-publish","4":"has-post-thumbnail","6":"product_cat-mens-fashion","8":"first","9":"instock","10":"shipping-taxable","11":"product-type-external"},"aioseo_notices":[],"_links":{"self":[{"href":"https:\/\/topgetestet.de\/index.php?rest_route=\/wp\/v2\/product\/55428","targetHints":{"allow":["GET"]}}],"collection":[{"href":"https:\/\/topgetestet.de\/index.php?rest_route=\/wp\/v2\/product"}],"about":[{"href":"https:\/\/topgetestet.de\/index.php?rest_route=\/wp\/v2\/types\/product"}],"replies":[{"embeddable":true,"href":"https:\/\/topgetestet.de\/index.php?rest_route=%2Fwp%2Fv2%2Fcomments&post=55428"}],"wp:featuredmedia":[{"embeddable":true,"href":"https:\/\/topgetestet.de\/index.php?rest_route=\/wp\/v2\/media\/55429"}],"wp:attachment":[{"href":"https:\/\/topgetestet.de\/index.php?rest_route=%2Fwp%2Fv2%2Fmedia&parent=55428"}],"wp:term":[{"taxonomy":"product_cat","embeddable":true,"href":"https:\/\/topgetestet.de\/index.php?rest_route=%2Fwp%2Fv2%2Fproduct_cat&post=55428"},{"taxonomy":"product_tag","embeddable":true,"href":"https:\/\/topgetestet.de\/index.php?rest_route=%2Fwp%2Fv2%2Fproduct_tag&post=55428"}],"curies":[{"name":"wp","href":"https:\/\/api.w.org\/{rel}","templated":true}]}}