{"id":55383,"date":"2022-10-07T20:27:45","date_gmt":"2022-10-07T20:27:45","guid":{"rendered":"https:\/\/topgetestet.de\/?product=srfc-kopfhorer-2-mattschwarz-one-matte-black"},"modified":"2022-10-07T20:27:45","modified_gmt":"2022-10-07T20:27:45","slug":"srfc-kopfhorer-2-mattschwarz-one-matte-black","status":"publish","type":"product","link":"https:\/\/topgetestet.de\/?product=srfc-kopfhorer-2-mattschwarz-one-matte-black","title":{"rendered":"SRFC Kopfh\u00f6rer 2 Mattschwarz. One Matte Black"},"content":{"rendered":"<p>Price: <span style=\"color:#b12704\">[price_with_discount]<\/span><br \/><i><small>(as of [price_update_date] &#8211; <span class=\"wp_automatic_amazon_disclaimer\" title=\"Product prices and availability are accurate as of the date\/time indicated and are subject to change. Any price and availability information displayed on [relevant Amazon Site(s), as applicable] at the time of purchase will apply to the purchase of this product.\">Details<\/span>)<\/small><\/i><\/p>\n<p><a href=\"https:\/\/amazon.de\/dp\/B0876MW2MT?tag=topgetestet09-21\"><img decoding=\"async\" src=\"https:\/\/i.imgur.com\/ISRHEWs.png\"><\/a><br \/>\n[ad_1]<br \/>\n <span>Ob Sie zu Hause arbeiten oder entspannen, h\u00f6ren Sie den ganzen Tag mit neuen Surface Headphones 2 bequem und stilvoll zu. Ihre Musik und Telefonate klingen spektakul\u00e4r mit verbessertem Omnisonic-Sound. Optimieren Sie Ablenkungen mit einstellbarer Ger\u00e4uschunterdr\u00fcckung H\u00f6ren Sie fast eine Stunde Musik mit nur einer 5-min\u00fctigen Aufladung \u2014 und h\u00f6ren Sie den ganzen Tag mit bis zu 20 Stunden Akkulaufzeit. Verwenden Sie au\u00dferdem Touch, um Ihre Musik zu steuern, Anrufe zu erhalten, Unterst\u00fctzung zu erhalten und vieles mehr.<\/span> <br \/> Produktabmessungen \u200f : \u200e  20.4 x 19.5 x 4.8 cm; 290 Gramm <br \/> Im Angebot von Amazon.de seit \u200f : \u200e  5. Juni 2020 <br \/> Hersteller \u200f : \u200e  Microsoft <br \/> ASIN \u200f : \u200e  B0876MW2MT <br \/> Modellnummer \u200f : \u200e  QXL-00010 <br \/> Herkunftsland \u200f : \u200e  China <\/p>\n<p>Spektakul\u00e4rer Omnisonic Sound h\u00fcllt Sie in Ihre Lieblingsmusik, Shows und mehr.<br \/>Mit den On-Ear-Zifferbl\u00e4ttern k\u00f6nnen Sie die Lautst\u00e4rke einstellen oder sie leise halten, mit 13 Stufen aktiver Ger\u00e4uschunterdr\u00fcckung. Weiche Over-Ear-Pads sind atmungsaktiv, leicht und bequem.<br \/>Intuitive Touch-Bedienelemente lassen Sie Titel \u00fcberspringen, Anrufe annehmen\/beenden und freih\u00e4ndige Unterst\u00fctzung erhalten.<br \/>Profitieren Sie von Microsoft 365*. Verwenden Sie Surface Kopfh\u00f6rer 2, um mehr mit Outlook, PowerPoint und Word zu tun. (*Microsoft 365 Abonnement erforderlich) mit 4 Mikrofonen pro Ohrmuschel f\u00fcr au\u00dfergew\u00f6hnliche Sprachklarheit und Ger\u00e4uschunterdr\u00fcckung.<br \/>Vollst\u00e4ndige Aufladung dauert jetzt bis zu 20 Stunden und h\u00f6ren Sie fast eine Stunde Musik mit einer 5-min\u00fctigen Aufladung.<br \/>\n<br \/>[ad_2]<\/p>\n","protected":false},"excerpt":{"rendered":"<p>Price: [price_with_discount](as of [price_update_date] &#8211; Details) [ad_1] Ob Sie zu Hause arbeiten oder entspannen, h\u00f6ren Sie den ganzen Tag mit neuen Surface Headphones 2 bequem und stilvoll zu. Ihre Musik<\/p>\n","protected":false},"featured_media":55384,"comment_status":"open","ping_status":"closed","template":"","meta":[],"product_cat":[225],"product_tag":[],"class_list":{"0":"post-55383","1":"product","2":"type-product","3":"status-publish","4":"has-post-thumbnail","6":"product_cat-electronics","8":"first","9":"instock","10":"shipping-taxable","11":"product-type-external"},"aioseo_notices":[],"_links":{"self":[{"href":"https:\/\/topgetestet.de\/index.php?rest_route=\/wp\/v2\/product\/55383","targetHints":{"allow":["GET"]}}],"collection":[{"href":"https:\/\/topgetestet.de\/index.php?rest_route=\/wp\/v2\/product"}],"about":[{"href":"https:\/\/topgetestet.de\/index.php?rest_route=\/wp\/v2\/types\/product"}],"replies":[{"embeddable":true,"href":"https:\/\/topgetestet.de\/index.php?rest_route=%2Fwp%2Fv2%2Fcomments&post=55383"}],"wp:featuredmedia":[{"embeddable":true,"href":"https:\/\/topgetestet.de\/index.php?rest_route=\/wp\/v2\/media\/55384"}],"wp:attachment":[{"href":"https:\/\/topgetestet.de\/index.php?rest_route=%2Fwp%2Fv2%2Fmedia&parent=55383"}],"wp:term":[{"taxonomy":"product_cat","embeddable":true,"href":"https:\/\/topgetestet.de\/index.php?rest_route=%2Fwp%2Fv2%2Fproduct_cat&post=55383"},{"taxonomy":"product_tag","embeddable":true,"href":"https:\/\/topgetestet.de\/index.php?rest_route=%2Fwp%2Fv2%2Fproduct_tag&post=55383"}],"curies":[{"name":"wp","href":"https:\/\/api.w.org\/{rel}","templated":true}]}}