{"id":55291,"date":"2022-10-07T18:47:44","date_gmt":"2022-10-07T18:47:44","guid":{"rendered":"https:\/\/topgetestet.de\/?product=railway-empire-complete-collection-playstation-4"},"modified":"2022-10-07T18:47:44","modified_gmt":"2022-10-07T18:47:44","slug":"railway-empire-complete-collection-playstation-4","status":"publish","type":"product","link":"https:\/\/topgetestet.de\/?product=railway-empire-complete-collection-playstation-4","title":{"rendered":"Railway Empire Complete Collection (Playstation 4)"},"content":{"rendered":"<p>Price: <span style=\"color:#b12704\">[price_with_discount]<\/span><br \/><i><small>(as of [price_update_date] &#8211; <span class=\"wp_automatic_amazon_disclaimer\" title=\"Product prices and availability are accurate as of the date\/time indicated and are subject to change. Any price and availability information displayed on [relevant Amazon Site(s), as applicable] at the time of purchase will apply to the purchase of this product.\">Details<\/span>)<\/small><\/i><\/p>\n<p><a href=\"https:\/\/amazon.de\/dp\/B089TS39VH?tag=topgetestet09-21\"><img decoding=\"async\" src=\"https:\/\/i.imgur.com\/ISRHEWs.png\"><\/a><br \/>\n[ad_1]<br \/>\n <span>Die Railway Empire &#8211; Complete Collection enth\u00e4lt das umfassende Basisspiel, alle DLCs (Mexico, The Great Lake, Crossing the Andes, Great Britain &amp; Ireland, Germany, France, Northern Europe, Down Under) und alle kostenfreien Updates die bisher ver\u00f6ffentlicht wurden. &#8211; In einer umfangreichen Kampagne erschlie\u00dfen Sie Schritt f\u00fcr Schritt die Vereinigten Staaten der 1830er &#8211; von der Westk\u00fcste bis zur Ostk\u00fcste warten zahlreiche amerikanische St\u00e4dte auf die Errungenschaften der Eisenbahn. &#8211; Meistern Sie herausfordernde Aufgaben in abwechslungsreichen Szerien oder basteln Sie im Modellbaumodus ganz ohne finziellen Druck an Ihrem Streckennetz. &#8211; F\u00fchren Sie Ihr Eisenbahnimperium zum Erfolg, indem Sie ein weitverzweigtes Schienennetz errichten und den Personen- sowie G\u00fcterverkehr optimieren. &#8211; Setzen Sie die St\u00e4rken und Schw\u00e4chen von \u00fcber 40 historisch chgebildeten Lokomotiven und \u00fcber 30 verschiedenen Waggons geschickt f\u00fcr sich ein. &#8211; Erforschen Sie mehr als 300 neue Technologien \u00fcber f\u00fcnf verschiedene Epochen hinweg. &#8211; Behaupten Sie sich gegen bis zu 3 konkurrierende Tycoons und sabotieren Sie Ihre Kontrahenten, indem Sie Banditen bezahlen oder Spione anheuern. &#8211; Erkunden Sie Ihr Schienennetz aus der Ich-Perspektive an Bord der eigenen Z\u00fcge.<\/span> <br \/> Alterseinstufung \u200f : \u200e  USK ab 0 freigegeben <br \/> Sprache \u200f : \u200e  Englisch, Franz\u00f6sisch, Deutsch, Italienisch, Russisch, Spanisch <br \/> Handbuch \u200f : \u200e  Deutsch <br \/> Produktabmessungen \u200f : \u200e  15.1 x 17.1 x 1.4 cm; 60 Gramm <br \/> Erscheinungstermin \u200f : \u200e  7. August 2020 <br \/> Untertitel: \u200f : \u200e  Englisch, Franz\u00f6sisch, Deutsch, Italienisch, Russisch, Spanisch <br \/> ASIN \u200f : \u200e  B089TS39VH <br \/> Modellnummer \u200f : \u200e  1058321 <br \/> Herkunftsland \u200f : \u200e  Deutschland <\/p>\n<p>In einer umfangreichen Kampagne erschlie\u00dfen Sie Schritt f\u00fcr Schritt die Vereinigten Staaten der 1830er &#8211; von der Westk\u00fcste bis zur Ostk\u00fcste<br \/>F\u00fchren Sie Ihr Eisenbahnimperium zum Erfolg, indem Sie ein weitverzweigtes Schienennetz errichten und den Personen- sowie G\u00fcterverkehr optimieren<br \/>Erforschen Sie mehr als 300 neue Technologien \u00fcber f\u00fcnf verschiedene Epochen hinweg<br \/>\n<br \/>[ad_2]<\/p>\n","protected":false},"excerpt":{"rendered":"<p>Price: [price_with_discount](as of [price_update_date] &#8211; Details) [ad_1] Die Railway Empire &#8211; Complete Collection enth\u00e4lt das umfassende Basisspiel, alle DLCs (Mexico, The Great Lake, Crossing the Andes, Great Britain &amp; Ireland,<\/p>\n","protected":false},"featured_media":55292,"comment_status":"open","ping_status":"closed","template":"","meta":[],"product_cat":[227],"product_tag":[261],"class_list":{"0":"post-55291","1":"product","2":"type-product","3":"status-publish","4":"has-post-thumbnail","6":"product_cat-gaming","7":"product_tag-playstation-legacy-games","9":"first","10":"instock","11":"shipping-taxable","12":"product-type-external"},"aioseo_notices":[],"_links":{"self":[{"href":"https:\/\/topgetestet.de\/index.php?rest_route=\/wp\/v2\/product\/55291","targetHints":{"allow":["GET"]}}],"collection":[{"href":"https:\/\/topgetestet.de\/index.php?rest_route=\/wp\/v2\/product"}],"about":[{"href":"https:\/\/topgetestet.de\/index.php?rest_route=\/wp\/v2\/types\/product"}],"replies":[{"embeddable":true,"href":"https:\/\/topgetestet.de\/index.php?rest_route=%2Fwp%2Fv2%2Fcomments&post=55291"}],"wp:featuredmedia":[{"embeddable":true,"href":"https:\/\/topgetestet.de\/index.php?rest_route=\/wp\/v2\/media\/55292"}],"wp:attachment":[{"href":"https:\/\/topgetestet.de\/index.php?rest_route=%2Fwp%2Fv2%2Fmedia&parent=55291"}],"wp:term":[{"taxonomy":"product_cat","embeddable":true,"href":"https:\/\/topgetestet.de\/index.php?rest_route=%2Fwp%2Fv2%2Fproduct_cat&post=55291"},{"taxonomy":"product_tag","embeddable":true,"href":"https:\/\/topgetestet.de\/index.php?rest_route=%2Fwp%2Fv2%2Fproduct_tag&post=55291"}],"curies":[{"name":"wp","href":"https:\/\/api.w.org\/{rel}","templated":true}]}}