{"id":55282,"date":"2022-10-07T18:46:43","date_gmt":"2022-10-07T18:46:43","guid":{"rendered":"https:\/\/topgetestet.de\/?product=gildan-herren-herren-softstyle-ringspun-t-shirt"},"modified":"2022-10-07T18:46:43","modified_gmt":"2022-10-07T18:46:43","slug":"gildan-herren-herren-softstyle-ringspun-t-shirt","status":"publish","type":"product","link":"https:\/\/topgetestet.de\/?product=gildan-herren-herren-softstyle-ringspun-t-shirt","title":{"rendered":"Gildan Herren Herren-Softstyle Ringspun T &#8211; Shirt"},"content":{"rendered":"<p>Price: <span style=\"color:#b12704\">[price_with_discount]<\/span><br \/><i><small>(as of [price_update_date] &#8211; <span class=\"wp_automatic_amazon_disclaimer\" title=\"Product prices and availability are accurate as of the date\/time indicated and are subject to change. Any price and availability information displayed on [relevant Amazon Site(s), as applicable] at the time of purchase will apply to the purchase of this product.\">Details<\/span>)<\/small><\/i><\/p>\n<p><a href=\"https:\/\/amazon.de\/dp\/B003212NLS?tag=topgetestet09-21\"><img decoding=\"async\" src=\"https:\/\/i.imgur.com\/ISRHEWs.png\"><\/a><br \/>\n[ad_1]<br \/>\n <span>100% vorgeschrumpfter Baumwolle gesponnener; Dunkle Heather, Heather Irish Gr\u00fcn, Heather Milit\u00e4rgr\u00fcn, Heather Navy, Heather Orange Heather Lila, Heather Royal sind 65% Polyester, 35% Baumwolle; Antique Cherry Red, Antik Heliconia, Antik Sapphire und RS Sport Grau sind 90% Baumwolle, 10% Polyester; Graphite Heather 50% Baumwolle und 50% Polyester; ? Zoll Rippstrickkragen; Doppelnaht \u00c4rmeln und Bund; verklebte Nacken und Schultern<\/span> <br \/> Produktabmessungen \u200f : \u200e  27.94 x 20.32 x 7.62 cm; 113 Gramm <br \/> Im Angebot von Amazon.de seit \u200f : \u200e  23. Februar 2019 <br \/> Hersteller \u200f : \u200e  Gildan <br \/> ASIN \u200f : \u200e  B07NGHK26K <br \/> Modellnummer \u200f : \u200e  G640 <br \/> Kategorie \u200f : \u200e  Herren <\/p>\n<p>[ad_2]<\/p>\n","protected":false},"excerpt":{"rendered":"<p>Price: [price_with_discount](as of [price_update_date] &#8211; Details) [ad_1] 100% vorgeschrumpfter Baumwolle gesponnener; Dunkle Heather, Heather Irish Gr\u00fcn, Heather Milit\u00e4rgr\u00fcn, Heather Navy, Heather Orange Heather Lila, Heather Royal sind 65% Polyester, 35%<\/p>\n","protected":false},"featured_media":55283,"comment_status":"open","ping_status":"closed","template":"","meta":[],"product_cat":[231],"product_tag":[],"class_list":{"0":"post-55282","1":"product","2":"type-product","3":"status-publish","4":"has-post-thumbnail","6":"product_cat-mens-fashion","8":"first","9":"instock","10":"shipping-taxable","11":"product-type-external"},"aioseo_notices":[],"_links":{"self":[{"href":"https:\/\/topgetestet.de\/index.php?rest_route=\/wp\/v2\/product\/55282","targetHints":{"allow":["GET"]}}],"collection":[{"href":"https:\/\/topgetestet.de\/index.php?rest_route=\/wp\/v2\/product"}],"about":[{"href":"https:\/\/topgetestet.de\/index.php?rest_route=\/wp\/v2\/types\/product"}],"replies":[{"embeddable":true,"href":"https:\/\/topgetestet.de\/index.php?rest_route=%2Fwp%2Fv2%2Fcomments&post=55282"}],"wp:featuredmedia":[{"embeddable":true,"href":"https:\/\/topgetestet.de\/index.php?rest_route=\/wp\/v2\/media\/55283"}],"wp:attachment":[{"href":"https:\/\/topgetestet.de\/index.php?rest_route=%2Fwp%2Fv2%2Fmedia&parent=55282"}],"wp:term":[{"taxonomy":"product_cat","embeddable":true,"href":"https:\/\/topgetestet.de\/index.php?rest_route=%2Fwp%2Fv2%2Fproduct_cat&post=55282"},{"taxonomy":"product_tag","embeddable":true,"href":"https:\/\/topgetestet.de\/index.php?rest_route=%2Fwp%2Fv2%2Fproduct_tag&post=55282"}],"curies":[{"name":"wp","href":"https:\/\/api.w.org\/{rel}","templated":true}]}}