{"id":55092,"date":"2022-10-07T17:09:52","date_gmt":"2022-10-07T17:09:52","guid":{"rendered":"https:\/\/topgetestet.de\/?product=deuter-damen-trail-28-sl-wanderrucksack"},"modified":"2022-10-07T17:09:52","modified_gmt":"2022-10-07T17:09:52","slug":"deuter-damen-trail-28-sl-wanderrucksack","status":"publish","type":"product","link":"https:\/\/topgetestet.de\/?product=deuter-damen-trail-28-sl-wanderrucksack","title":{"rendered":"deuter Damen Trail 28 Sl Wanderrucksack"},"content":{"rendered":"<p>Price: <span style=\"color:#b12704\">[price_with_discount]<\/span><br \/><i><small>(as of [price_update_date] &#8211; <span class=\"wp_automatic_amazon_disclaimer\" title=\"Product prices and availability are accurate as of the date\/time indicated and are subject to change. Any price and availability information displayed on [relevant Amazon Site(s), as applicable] at the time of purchase will apply to the purchase of this product.\">Details<\/span>)<\/small><\/i><\/p>\n<p><a href=\"https:\/\/amazon.de\/dp\/B08JQYJC9T?tag=topgetestet09-21\"><img decoding=\"async\" src=\"https:\/\/i.imgur.com\/ISRHEWs.png\"><\/a><br \/>\n[ad_1]<\/p>\n<p>       Produktbeschreibung des Herstellers <\/p>\n<p>              <img decoding=\"async\" alt=\"Hiking; Wandern; Tagestour; Deuter; Rucksack; Backpack; Trail; Klettersteig\" src=\"https:\/\/images-na.ssl-images-amazon.com\/images\/G\/01\/x-locale\/common\/grey-pixel.gif\" class=\"a-lazy-loaded\" data-src=\"https:\/\/m.media-amazon.com\/images\/S\/aplus-media\/vc\/51e9f210-99d9-48ff-ab35-e15cc13fecdb.__CR0,156,1500,464_PT0_SX970_V1___.jpg\"><\/p>\n<p>               <img decoding=\"async\" alt=\"Hiking; Wandern; Tagestour; Deuter; Rucksack; Backpack; Trail; Klettersteig\" src=\"https:\/\/m.media-amazon.com\/images\/S\/aplus-media\/vc\/51e9f210-99d9-48ff-ab35-e15cc13fecdb.__CR0,156,1500,464_PT0_SX970_V1___.jpg\"><\/p>\n<p>               <img decoding=\"async\" alt=\"Trail; Wanderrucksack; Deuter; Hiking; Backpack; Klettersteig; Klettern; Via Ferrata\" src=\"https:\/\/images-na.ssl-images-amazon.com\/images\/G\/01\/x-locale\/common\/grey-pixel.gif\" class=\"a-spacing-mini a-lazy-loaded\" data-src=\"https:\/\/m.media-amazon.com\/images\/S\/aplus-media\/vc\/2bb118eb-03f7-42ce-8683-05ca6a4c6909.__CR201,0,1440,1920_PT0_SX300_V1___.png\"><\/p>\n<p>                <img decoding=\"async\" alt=\"Trail; Wanderrucksack; Deuter; Hiking; Backpack; Klettersteig; Klettern; Via Ferrata\" src=\"https:\/\/m.media-amazon.com\/images\/S\/aplus-media\/vc\/2bb118eb-03f7-42ce-8683-05ca6a4c6909.__CR201,0,1440,1920_PT0_SX300_V1___.png\"><\/p>\n<p> <\/p>\n<p>                <img decoding=\"async\" alt=\"Deuter;Deuter Sport;Logo; SPort; Outdoor; Lifestyle\" src=\"https:\/\/images-na.ssl-images-amazon.com\/images\/G\/01\/x-locale\/common\/grey-pixel.gif\" class=\"a-spacing-mini a-lazy-loaded\" data-src=\"https:\/\/m.media-amazon.com\/images\/S\/aplus-media\/vc\/7734a309-531d-416f-82c9-ae16772cc1e6.__CR0,81,797,399_PT0_SX350_V1___.jpg\"><\/p>\n<p>                 <img decoding=\"async\" alt=\"Deuter;Deuter Sport;Logo; SPort; Outdoor; Lifestyle\" src=\"https:\/\/m.media-amazon.com\/images\/S\/aplus-media\/vc\/7734a309-531d-416f-82c9-ae16772cc1e6.__CR0,81,797,399_PT0_SX350_V1___.jpg\"><\/p>\n<p>                 deuter Sport GmbH  <\/p>\n<p class=\"a-spacing-small a-size-small a-color-secondary\"> In enger Zusammenarbeit mit Bergsport-Profis entwickelt deuter funktionale und qualitativ hochwertigste Outdoorprodukte, die dem Kunden Sicherheit und Zuverl\u00e4ssigkeit auch in extremen Situationen garantieren. deuter ist seit 1898 Outdoorexperte aus Leidenschaft, Tradition und eigener Erfahrung. Innovation ist seit jeher der Antrieb der Mitarbeiter. Deshalb reicht das Vertrauen in die hochwertigen Rucks\u00e4cke und Schlafs\u00e4cke von deuter von Expeditionsbergsteigern bis hin zu Waldkinderg\u00e4rten. <\/p>\n<h3 class=\"a-spacing-mini\"> deuter Trail 28 SL <\/h3>\n<p>                Wander-\/Klettersteigrucksack  <\/p>\n<p class=\"a-spacing-base\"> F\u00fcr alpine Bergsportler und Klettersteiggeher, die einen Rucksack sch\u00e4tzen, der nah am K\u00f6rper sitzt und gleichzeitig Bel\u00fcftung bietet. <\/p>\n<p class=\"a-spacing-base\"> Der cleane, leichte Rucksack ist sehr vielseitig \u2013 unter anderem zeigt er sich am Klettersteig oder bei sportlichen Wanderungen als perfekter Begleiter. Mit dem Aircontact R\u00fcckensystem ist bester Tragekomfort garantiert und durch innovative Details wie die Karabiner-Fixierung am Schultertr\u00e4ger wird der Trail zum Klettersteigrucksack mit Expertise. <\/p>\n<p>                     Bewegliche ActiveFit Schultertr\u00e4ger unterst\u00fctzen den Tragekomfort mit einer formstabilen und gepolsterten Konstruktion<br \/>\n                     Abnehmbare Regenh\u00fclle mit eigenem Staufach<br \/>\n                     Vorrichtung f\u00fcr Trinksystem (kompatibel mit deuter Streamer 2.0 und 3.0)<br \/>\n                     Pickel- und Wanderstockhalterung &#8211; auch f\u00fcr Faltst\u00f6cke<br \/>\n                     Karabiner-Fixierung f\u00fcr das Klettersteigset an den Schultertr\u00e4gern<br \/>\n                     Ger\u00e4umige Deckeltasche mit Schl\u00fcsselclip<br \/>\n                     Schlaufen f\u00fcr die Helmhalterung (als Accessoire erh\u00e4ltlich)<br \/>\n                     SL Women&#8217;s Fit &#8211; frauenspezifische Passform, perfekt angepasst auf die weibliche Anatomie   <\/p>\n<h3 class=\"a-spacing-small\"> Highlights <\/h3>\n<p> <img decoding=\"async\" alt=\"R\u00fcckensystem; Kontaktr\u00fccken; Aircontact; Deuter; Backpack; Rucksack\" src=\"https:\/\/images-na.ssl-images-amazon.com\/images\/G\/01\/x-locale\/common\/grey-pixel.gif\" class=\"a-lazy-loaded\" data-src=\"https:\/\/m.media-amazon.com\/images\/S\/aplus-media\/vc\/367ef0e4-a9be-4c51-a6db-7dfca3b36859.__CR0,303,1404,1404_PT0_SX220_V1___.png\">\n                     <\/p>\n<p>                      <img decoding=\"async\" alt=\"R\u00fcckensystem; Kontaktr\u00fccken; Aircontact; Deuter; Backpack; Rucksack\" src=\"https:\/\/m.media-amazon.com\/images\/S\/aplus-media\/vc\/367ef0e4-a9be-4c51-a6db-7dfca3b36859.__CR0,303,1404,1404_PT0_SX220_V1___.png\"><\/p>\n<p> <img decoding=\"async\" alt=\"Frontaler Zugang; Rei\u00dfverschluss; \u00d6ffnung; Front\" src=\"https:\/\/images-na.ssl-images-amazon.com\/images\/G\/01\/x-locale\/common\/grey-pixel.gif\" class=\"a-lazy-loaded\" data-src=\"https:\/\/m.media-amazon.com\/images\/S\/aplus-media\/vc\/d4972d60-e56f-467f-a617-b04d881bf574.__CR0,94,1826,1826_PT0_SX220_V1___.png\">\n                     <\/p>\n<p>                      <img decoding=\"async\" alt=\"Frontaler Zugang; Rei\u00dfverschluss; \u00d6ffnung; Front\" src=\"https:\/\/m.media-amazon.com\/images\/S\/aplus-media\/vc\/d4972d60-e56f-467f-a617-b04d881bf574.__CR0,94,1826,1826_PT0_SX220_V1___.png\"><\/p>\n<p> <img decoding=\"async\" alt=\"Seitentaschen; Taschen; Deckeltasche; H\u00fcftgurt; Rei\u00dfverschluss; Elastisch; Seite; Deuter\" src=\"https:\/\/images-na.ssl-images-amazon.com\/images\/G\/01\/x-locale\/common\/grey-pixel.gif\" class=\"a-lazy-loaded\" data-src=\"https:\/\/m.media-amazon.com\/images\/S\/aplus-media\/vc\/a5d6b892-9ae5-4c57-b830-9886176fb7c7.__CR0,543,1377,1377_PT0_SX220_V1___.png\">\n                     <\/p>\n<p>                      <img decoding=\"async\" alt=\"Seitentaschen; Taschen; Deckeltasche; H\u00fcftgurt; Rei\u00dfverschluss; Elastisch; Seite; Deuter\" src=\"https:\/\/m.media-amazon.com\/images\/S\/aplus-media\/vc\/a5d6b892-9ae5-4c57-b830-9886176fb7c7.__CR0,543,1377,1377_PT0_SX220_V1___.png\"><\/p>\n<p> <img decoding=\"async\" alt=\"Deckel; Deckelkonstruktion; Deckelfach; Deuter; Rucksack\" src=\"https:\/\/images-na.ssl-images-amazon.com\/images\/G\/01\/x-locale\/common\/grey-pixel.gif\" class=\"a-lazy-loaded\" data-src=\"https:\/\/m.media-amazon.com\/images\/S\/aplus-media\/vc\/f6a036e9-3d34-438f-a0f8-a5ea419ddb4e.__CR0,452,1325,1325_PT0_SX220_V1___.png\">\n                     <\/p>\n<p>                      <img decoding=\"async\" alt=\"Deckel; Deckelkonstruktion; Deckelfach; Deuter; Rucksack\" src=\"https:\/\/m.media-amazon.com\/images\/S\/aplus-media\/vc\/f6a036e9-3d34-438f-a0f8-a5ea419ddb4e.__CR0,452,1325,1325_PT0_SX220_V1___.png\"><\/p>\n<p>                     Aircontact System  <\/p>\n<p class=\"a-size-small\"> 15% weniger schwitzen als mit einem herk\u00f6mmlichen K\u00f6rperkontakt-Rucksack &#8211; nachgewiesen in einem Feldtest von Gabriel L.&amp;T. in Zusammenarbeit mit der Universit\u00e4t Erlangen &#8211; bei gleichzeitig perfekter Last\u00fcbertragung und optimal ausbalanciertem, sicherem Sitz. <\/p>\n<p>                     Frontaler Rei\u00dfverschluss-Zugang  <\/p>\n<p class=\"a-size-small\"> Rei\u00dfverschluss-Zugang an der Voderseite des Rucksacks mit dem sich Kleidung oder Ausr\u00fcstung im unteren Bereich des Rucksack leicht erreichen lassen. <\/p>\n<p>                     Taschen  <\/p>\n<p class=\"a-size-small\"> Eine Rei\u00dfverschluss-Seitentasche, eine elastische Seitentasche, Rei\u00dfverschluss-Tasche an einer H\u00fcftflosse und eine ger\u00e4umige Deckeltasche. <\/p>\n<p>                     Deckelkonstruktion  <\/p>\n<p class=\"a-size-small\"> Die flache Deckelkonstruktion sorgt f\u00fcr eine gute Kopffreiheit, auch mit Helm. <\/p>\n<p class=\"a-size-small\"> Bei wenig Ladung kann der Deckel im Hauptfach verstaut werden. <\/p>\n<p>              <img decoding=\"async\" alt=\"PFC Frei; Ohne PFC; Impr\u00e4gnierung; Wasserabweisend; Umweltschonend; Nachhaltig; Deuter\" src=\"https:\/\/images-na.ssl-images-amazon.com\/images\/G\/01\/x-locale\/common\/grey-pixel.gif\" class=\"a-lazy-loaded\" data-src=\"https:\/\/m.media-amazon.com\/images\/S\/aplus-media\/vc\/651645a0-7c52-4e2c-9416-45c6c5cb3b31.__CR0,0,300,300_PT0_SX300_V1___.jpg\"><\/p>\n<p>               <img decoding=\"async\" alt=\"PFC Frei; Ohne PFC; Impr\u00e4gnierung; Wasserabweisend; Umweltschonend; Nachhaltig; Deuter\" src=\"https:\/\/m.media-amazon.com\/images\/S\/aplus-media\/vc\/651645a0-7c52-4e2c-9416-45c6c5cb3b31.__CR0,0,300,300_PT0_SX300_V1___.jpg\"><\/p>\n<h3 class=\"a-spacing-mini\"> PFC Frei <\/h3>\n<p> Leistungsstarke Materialien mit PFC-freier schmutz- und wasserabweisender Impr\u00e4gnierung: <\/p>\n<p> Um die wasser- und schmutzabweisenden Eigenschaften sicherzustellen, verwendet deuter eine gesundheitlich unbedenkliche DWR Beschichtung, die vollst\u00e4ndig auf PFC verzichtet. Diese spezielle Oberfl\u00e4chenbehandlung bewirkt, dass Wasser auf der Au\u00dfenseite der Textilien abperlt. So bleibt das Material trocken und die Natur sauber. <\/p>\n<p>[ad_2]<\/p>\n","protected":false},"excerpt":{"rendered":"<p>Price: [price_with_discount](as of [price_update_date] &#8211; Details) [ad_1] Produktbeschreibung des Herstellers deuter Sport GmbH In enger Zusammenarbeit mit Bergsport-Profis entwickelt deuter funktionale und qualitativ hochwertigste Outdoorprodukte, die dem Kunden Sicherheit und<\/p>\n","protected":false},"featured_media":55093,"comment_status":"open","ping_status":"closed","template":"","meta":[],"product_cat":[227],"product_tag":[272],"class_list":{"0":"post-55092","1":"product","2":"type-product","3":"status-publish","4":"has-post-thumbnail","6":"product_cat-gaming","7":"product_tag-sports-outdoors","9":"first","10":"instock","11":"sale","12":"shipping-taxable","13":"product-type-external"},"aioseo_notices":[],"_links":{"self":[{"href":"https:\/\/topgetestet.de\/index.php?rest_route=\/wp\/v2\/product\/55092","targetHints":{"allow":["GET"]}}],"collection":[{"href":"https:\/\/topgetestet.de\/index.php?rest_route=\/wp\/v2\/product"}],"about":[{"href":"https:\/\/topgetestet.de\/index.php?rest_route=\/wp\/v2\/types\/product"}],"replies":[{"embeddable":true,"href":"https:\/\/topgetestet.de\/index.php?rest_route=%2Fwp%2Fv2%2Fcomments&post=55092"}],"wp:featuredmedia":[{"embeddable":true,"href":"https:\/\/topgetestet.de\/index.php?rest_route=\/wp\/v2\/media\/55093"}],"wp:attachment":[{"href":"https:\/\/topgetestet.de\/index.php?rest_route=%2Fwp%2Fv2%2Fmedia&parent=55092"}],"wp:term":[{"taxonomy":"product_cat","embeddable":true,"href":"https:\/\/topgetestet.de\/index.php?rest_route=%2Fwp%2Fv2%2Fproduct_cat&post=55092"},{"taxonomy":"product_tag","embeddable":true,"href":"https:\/\/topgetestet.de\/index.php?rest_route=%2Fwp%2Fv2%2Fproduct_tag&post=55092"}],"curies":[{"name":"wp","href":"https:\/\/api.w.org\/{rel}","templated":true}]}}