{"id":55062,"date":"2022-10-07T16:54:25","date_gmt":"2022-10-07T16:54:25","guid":{"rendered":"https:\/\/topgetestet.de\/?product=shein-damen-hoodie-kapuzenjacke-langarm-sweatshirt-kapuzensweatshirt-mit-reisverschluss"},"modified":"2022-10-07T16:54:25","modified_gmt":"2022-10-07T16:54:25","slug":"shein-damen-hoodie-kapuzenjacke-langarm-sweatshirt-kapuzensweatshirt-mit-reisverschluss","status":"publish","type":"product","link":"https:\/\/topgetestet.de\/?product=shein-damen-hoodie-kapuzenjacke-langarm-sweatshirt-kapuzensweatshirt-mit-reisverschluss","title":{"rendered":"SheIn Damen Hoodie Kapuzenjacke Langarm Sweatshirt Kapuzensweatshirt mit Rei\u00dfverschluss"},"content":{"rendered":"<p>Price: <span style=\"color:#b12704\">[price_with_discount]<\/span><br \/><i><small>(as of [price_update_date] &#8211; <span class=\"wp_automatic_amazon_disclaimer\" title=\"Product prices and availability are accurate as of the date\/time indicated and are subject to change. Any price and availability information displayed on [relevant Amazon Site(s), as applicable] at the time of purchase will apply to the purchase of this product.\">Details<\/span>)<\/small><\/i><\/p>\n<p><a href=\"https:\/\/amazon.de\/dp\/B0B3VT9JCN?tag=topgetestet09-21\"><img decoding=\"async\" src=\"https:\/\/i.imgur.com\/ISRHEWs.png\"><\/a><br \/>\n[ad_1]<br \/>\n <span>*SheIn ist einer der weltweiten Online-Modeh\u00e4ndler und bietet die neuesten Styles und Trends.<br \/> *SheIn bringt jeden Tag beliebte Kleidung auf den Markt und macht die Modebewohner design- und modebewusster.<br \/> *Nat\u00fcrlich ist Qualit\u00e4t nicht mit teuren Marken zu vergleichen, aber der Schnitt und die Farbe der Kleidung sind absolut einwandfrei. Solange Sie keine wertvolle Marke wollen, sind die Qualit\u00e4tsanforderungen die gleichen wie bei den meisten Ladenartikeln. Dann finden Sie hier unbegrenzten Spa\u00df.<br \/> *Hier sind Ihre Einkaufstipps: Achten Sie auf den Gr\u00f6\u00dfenstandard! Es ist besser, eine gr\u00f6\u00dfere Gr\u00f6\u00dfe zu haben, da die Gr\u00f6\u00dfe in Asien kleiner sein wird als die normale Gr\u00f6\u00dfe von Europa, S, M, L-Systemstandard.<br \/> *SheIn bietet Ihnen einen schnellen Transportservice. Sie k\u00f6nnen das Produkt innerhalb von 5-10 Werktagen ab Kaufdatum erhalten. 90% der Produkte k\u00f6nnen p\u00fcnktlich in den deutschen Raum geliefert werden.<br \/> Gr\u00f6\u00dfen-Informationen (cm)<\/p>\n<p> XS: Schulterbreite:63.78, L\u00e4nge:60, \u00c4rmell\u00e4nge:46, Brust:116, \u00c4rmelaufschlag:17\/<br \/> S: Schulterbreite:65.78, L\u00e4nge:61.5, \u00c4rmell\u00e4nge:47, Brust:120, \u00c4rmelaufschlag:18\/<br \/> M: Schulterbreite:67.78, L\u00e4nge:63, \u00c4rmell\u00e4nge:48, Brust:124, \u00c4rmelaufschlag:19\/<br \/> L: Schulterbreite:69.78, L\u00e4nge:64.5, \u00c4rmell\u00e4nge:49, Brust:128, \u00c4rmelaufschlag:20\/<br \/><\/span> <br \/> Verpackungsabmessungen \u200f : \u200e  35.56 x 26.67 x 1.27 cm; 340 Gramm <br \/> Im Angebot von Amazon.de seit \u200f : \u200e  10. Juni 2022 <br \/> ASIN \u200f : \u200e  B0B3QJ2QM7 <br \/> Modellnummer \u200f : \u200e  S9-sw2111068814484985-XS <br \/> Kategorie \u200f : \u200e  Damen <\/p>\n<p>L\u00e4ssig \/ Einfarbig \/ Regul\u00e4r \/ mit Kapuze \/ Reisverschluss \/ Regul\u00e4re Passform<br \/>Langarm<br \/>Verschluss: Rei\u00dfverschluss<br \/>100% Polyester<br \/>Pflegehinweis: Maschinenw\u00e4sche<br \/>Modellnummer: S9-sw2111068814484985-XS<br \/>\n<br \/>[ad_2]<\/p>\n","protected":false},"excerpt":{"rendered":"<p>Price: [price_with_discount](as of [price_update_date] &#8211; Details) [ad_1] *SheIn ist einer der weltweiten Online-Modeh\u00e4ndler und bietet die neuesten Styles und Trends. *SheIn bringt jeden Tag beliebte Kleidung auf den Markt und<\/p>\n","protected":false},"featured_media":55063,"comment_status":"open","ping_status":"closed","template":"","meta":[],"product_cat":[233],"product_tag":[276],"class_list":{"0":"post-55062","1":"product","2":"type-product","3":"status-publish","4":"has-post-thumbnail","6":"product_cat-fitness","7":"product_tag-womens-clothing","9":"first","10":"instock","11":"shipping-taxable","12":"product-type-external"},"aioseo_notices":[],"_links":{"self":[{"href":"https:\/\/topgetestet.de\/index.php?rest_route=\/wp\/v2\/product\/55062","targetHints":{"allow":["GET"]}}],"collection":[{"href":"https:\/\/topgetestet.de\/index.php?rest_route=\/wp\/v2\/product"}],"about":[{"href":"https:\/\/topgetestet.de\/index.php?rest_route=\/wp\/v2\/types\/product"}],"replies":[{"embeddable":true,"href":"https:\/\/topgetestet.de\/index.php?rest_route=%2Fwp%2Fv2%2Fcomments&post=55062"}],"wp:featuredmedia":[{"embeddable":true,"href":"https:\/\/topgetestet.de\/index.php?rest_route=\/wp\/v2\/media\/55063"}],"wp:attachment":[{"href":"https:\/\/topgetestet.de\/index.php?rest_route=%2Fwp%2Fv2%2Fmedia&parent=55062"}],"wp:term":[{"taxonomy":"product_cat","embeddable":true,"href":"https:\/\/topgetestet.de\/index.php?rest_route=%2Fwp%2Fv2%2Fproduct_cat&post=55062"},{"taxonomy":"product_tag","embeddable":true,"href":"https:\/\/topgetestet.de\/index.php?rest_route=%2Fwp%2Fv2%2Fproduct_tag&post=55062"}],"curies":[{"name":"wp","href":"https:\/\/api.w.org\/{rel}","templated":true}]}}