{"id":54916,"date":"2022-10-07T13:25:11","date_gmt":"2022-10-07T13:25:11","guid":{"rendered":"https:\/\/topgetestet.de\/?post_type=product&#038;p=54916"},"modified":"2022-10-07T13:25:11","modified_gmt":"2022-10-07T13:25:11","slug":"lomography-diana-f-kamera-mr-pink","status":"publish","type":"product","link":"https:\/\/topgetestet.de\/?product=lomography-diana-f-kamera-mr-pink","title":{"rendered":"Lomography Diana F+ Kamera Mr. Pink"},"content":{"rendered":"<p>Price: <span style=\"color:#b12704\">[price_with_discount]<\/span><br \/><i><small>(as of [price_update_date] &#8211; <span class=\"wp_automatic_amazon_disclaimer\" title=\"Product prices and availability are accurate as of the date\/time indicated and are subject to change. Any price and availability information displayed on [relevant Amazon Site(s), as applicable] at the time of purchase will apply to the purchase of this product.\">Details<\/span>)<\/small><\/i><\/p>\n<p><a href=\"https:\/\/amazon.de\/dp\/B001RCT9WA?tag=topgetestet09-21\"><img decoding=\"async\" src=\"https:\/\/i.imgur.com\/ISRHEWs.png\"><\/a><br \/>\n[ad_1]<br \/>\n <span class=\"a-text-bold\">Diana F+ Mr. Pink<\/span><span><\/p>\n<p> Diana F+ Special Edition &#8211; Mr. Pink <\/p>\n<p> &#8220;A loving recreation of the legendary 1960&#8217;s all-plastic electronic flash camera.&#8221;<\/p>\n<p> Als Retro Kamera hat die Diana+ seit dem Relaunch von Lomography Furore gemacht. Ein Beweis daf\u00fcr, dass analoge Fotografie noch lange nicht den L\u00f6ffel abgeben wird. Im Gegenteil, wir sch\u00f6pfen nach und lassen Freunde der alten Schule und ihre Fotos noch besser aussehen:<br \/> Die brandheisse Diana F+ ist mit einem elektronischen Blitz versehen, der an das Blitzgewitter aus Zeiten der fr\u00fchen 60er Jahre erinnert. Mit Verlaub: Er besticht durch seinen unglaublich smarten Retrolook. Als Draufgabe sind im Package zwei Blitzadaptoren dabei, um den Blitz auch f\u00fcr herk\u00f6mmliche Kameras verwenden zu k\u00f6nnen.<\/p>\n<p> <\/span><span class=\"a-text-bold\">Features<\/span><span><br \/> &#8211; Die Plastik-Fantastik Diana Linse<br \/> &#8211; Zwei Verschlussgeschwindigkeiten<br \/> &#8211; Zwei Bildgr\u00f6\u00dfen<br \/> 12 vollformatige (5.2 x 5.2 cm) oder 16 kleinere, quadratische Bilder im traditionellen Diana Format (4.2 x 4.2 cm)<br \/> &#8211; Mittelformat 120 mm Film<br \/> &#8211; Mehrfach- und Teilbelichtung<br \/> &#8211; Lochkamera Funktion (Linse abmontieren, Blende auf Lochfunktion stellen und los geht`s)<br \/> &#8211; Endlos-Panorama Funktion<\/p>\n<p> <\/span><span class=\"a-text-bold\">Im Package inkludiert:<\/span><span><br \/> &#8211; Diana F+ Kamera<br \/> &#8211; Diana F+ Blitz oldschool<br \/> &#8211; 2 Blitzadaptoren<br \/> &#8211; Farbfilter<br \/> &#8211; Linsenabdeckung<br \/> &#8211; Diana F+ Fotobuch<br \/> &#8211; Handbuch<br \/> &#8211; 4.2 x 4.2 cm Maske<br \/> &#8211; 4.65 x 4.65 cm Panoramamaske<br \/><\/span><br \/>\n<br \/>[ad_2]<\/p>\n","protected":false},"excerpt":{"rendered":"<p>Price: [price_with_discount](as of [price_update_date] &#8211; Details) [ad_1] Diana F+ Mr. Pink Diana F+ Special Edition &#8211; Mr. Pink &#8220;A loving recreation of the legendary 1960&#8217;s all-plastic electronic flash camera.&#8221; Als<\/p>\n","protected":false},"featured_media":54917,"comment_status":"open","ping_status":"closed","template":"","meta":[],"product_cat":[226],"product_tag":[251],"class_list":{"0":"post-54916","1":"product","2":"type-product","3":"status-publish","4":"has-post-thumbnail","6":"product_cat-cameras","7":"product_tag-instant-film-cameras","9":"first","10":"instock","11":"shipping-taxable","12":"product-type-external"},"aioseo_notices":[],"_links":{"self":[{"href":"https:\/\/topgetestet.de\/index.php?rest_route=\/wp\/v2\/product\/54916","targetHints":{"allow":["GET"]}}],"collection":[{"href":"https:\/\/topgetestet.de\/index.php?rest_route=\/wp\/v2\/product"}],"about":[{"href":"https:\/\/topgetestet.de\/index.php?rest_route=\/wp\/v2\/types\/product"}],"replies":[{"embeddable":true,"href":"https:\/\/topgetestet.de\/index.php?rest_route=%2Fwp%2Fv2%2Fcomments&post=54916"}],"wp:featuredmedia":[{"embeddable":true,"href":"https:\/\/topgetestet.de\/index.php?rest_route=\/wp\/v2\/media\/54917"}],"wp:attachment":[{"href":"https:\/\/topgetestet.de\/index.php?rest_route=%2Fwp%2Fv2%2Fmedia&parent=54916"}],"wp:term":[{"taxonomy":"product_cat","embeddable":true,"href":"https:\/\/topgetestet.de\/index.php?rest_route=%2Fwp%2Fv2%2Fproduct_cat&post=54916"},{"taxonomy":"product_tag","embeddable":true,"href":"https:\/\/topgetestet.de\/index.php?rest_route=%2Fwp%2Fv2%2Fproduct_tag&post=54916"}],"curies":[{"name":"wp","href":"https:\/\/api.w.org\/{rel}","templated":true}]}}