{"id":54821,"date":"2022-10-07T09:49:34","date_gmt":"2022-10-07T09:49:34","guid":{"rendered":"https:\/\/topgetestet.de\/?product=mega-man-legacy-collection-2-pegi"},"modified":"2022-10-07T09:49:34","modified_gmt":"2022-10-07T09:49:34","slug":"mega-man-legacy-collection-2-pegi","status":"publish","type":"product","link":"https:\/\/topgetestet.de\/?product=mega-man-legacy-collection-2-pegi","title":{"rendered":"Mega Man Legacy Collection 2 (PEGI)"},"content":{"rendered":"<p>Price: <span style=\"color:#b12704\">[price_with_discount]<\/span><br \/><i><small>(as of [price_update_date] &#8211; <span class=\"wp_automatic_amazon_disclaimer\" title=\"Product prices and availability are accurate as of the date\/time indicated and are subject to change. Any price and availability information displayed on [relevant Amazon Site(s), as applicable] at the time of purchase will apply to the purchase of this product.\">Details<\/span>)<\/small><\/i><\/p>\n<p><a href=\"https:\/\/amazon.de\/dp\/B071LTKF4M?tag=topgetestet09-21\"><img decoding=\"async\" src=\"https:\/\/i.imgur.com\/ISRHEWs.png\"><\/a><br \/>\n[ad_1]<br \/>\n <span>Booster laden!<\/p>\n<p>Es ist an der Zeit f\u00fcr eine Reise in die Vergangenheit des Blue Bombers! In diesem Nachfolger zur Mega Man Legacy Collection, die die Original-8-Bit-Titel der Reihe umfasste, reisen Spieler durch verschiedene \u00c4ren klassischer Side-scrolling-Mega Man-Action. Dr. Wily und seine Roboter-Gesellen f\u00fchren sie von 16- zu 32-Bit-Spielen und wieder zur\u00fcck in die 8-Bit-\u00c4ra. Die Mega Man Legacy Collection 2 enth\u00e4lt Mega Man 7, 8, 9 und 10 sowie Bonusinhalte wie zus\u00e4tzliche Herausforderungen mit Online-Bestenlisten, Zug\u00e4nglichkeitsoptionen f\u00fcr sowohl erfahrene als auch neue Spieler, und vieles mehr.<\/p>\n<p>Zus\u00e4tzlich zu diesen vier zeitlosen Abenteuern enth\u00e4lt die Sammlung ein digitales Museum mit hunderten seltener Konzept- und Production-Artworks und bietet weitere Spieloptionen wie zus\u00e4tzlichen Schutz und Checkpoint-Speicherst\u00e4nde f\u00fcr alle, die erstmals diese Mega Man-Teile ausprobieren. Auch enthalten ist ein Challenge Mode mit Herausforderungen wie dem Boss Rush-Modus und rearrangierten Levelabfolgen. Die besten Spieler k\u00f6nnen sich auch hier auf Online-Leaderboards verewigen.<\/p>\n<p>Last but not least enth\u00e4lt die Mega Man Legacy Collection 2 die zus\u00e4tzlichen Modi, Stages und spielbaren Charaktere, die urspr\u00fcnglich als DLCs f\u00fcr Mega Man 9 und 10 ver\u00f6ffentlicht wurden. Musikliebhaber freuen sich zus\u00e4tzlich \u00fcber den Music Player-Modus mit allen unvergesslichen Beats der in der Sammlung enthaltenenen Mega Man-Spiele.<\/p>\n<p>Englische Version, auf deutschen Konsolen spielbar!<\/span> <br \/> Auslaufartikel (Produktion durch Hersteller eingestellt) \u200f : \u200e  Nein <br \/> Alterseinstufung \u200f : \u200e  Unbekannt <br \/> Sprache \u200f : \u200e  Englisch <br \/> Produktabmessungen \u200f : \u200e  1.52 x 13.46 x 17.02 cm; 30 Gramm <br \/> Erscheinungstermin \u200f : \u200e  18. August 2017 <br \/> ASIN \u200f : \u200e  B071LTKF4M <br \/> Modellnummer \u200f : \u200e  56033 <br \/> Herkunftsland \u200f : \u200e  Deutschland <\/p>\n<p>[ad_2]<\/p>\n","protected":false},"excerpt":{"rendered":"<p>Price: [price_with_discount](as of [price_update_date] &#8211; Details) [ad_1] Booster laden! Es ist an der Zeit f\u00fcr eine Reise in die Vergangenheit des Blue Bombers! In diesem Nachfolger zur Mega Man Legacy<\/p>\n","protected":false},"featured_media":54822,"comment_status":"open","ping_status":"closed","template":"","meta":[],"product_cat":[227],"product_tag":[261],"class_list":{"0":"post-54821","1":"product","2":"type-product","3":"status-publish","4":"has-post-thumbnail","6":"product_cat-gaming","7":"product_tag-playstation-legacy-games","9":"first","10":"instock","11":"shipping-taxable","12":"product-type-external"},"aioseo_notices":[],"_links":{"self":[{"href":"https:\/\/topgetestet.de\/index.php?rest_route=\/wp\/v2\/product\/54821","targetHints":{"allow":["GET"]}}],"collection":[{"href":"https:\/\/topgetestet.de\/index.php?rest_route=\/wp\/v2\/product"}],"about":[{"href":"https:\/\/topgetestet.de\/index.php?rest_route=\/wp\/v2\/types\/product"}],"replies":[{"embeddable":true,"href":"https:\/\/topgetestet.de\/index.php?rest_route=%2Fwp%2Fv2%2Fcomments&post=54821"}],"wp:featuredmedia":[{"embeddable":true,"href":"https:\/\/topgetestet.de\/index.php?rest_route=\/wp\/v2\/media\/54822"}],"wp:attachment":[{"href":"https:\/\/topgetestet.de\/index.php?rest_route=%2Fwp%2Fv2%2Fmedia&parent=54821"}],"wp:term":[{"taxonomy":"product_cat","embeddable":true,"href":"https:\/\/topgetestet.de\/index.php?rest_route=%2Fwp%2Fv2%2Fproduct_cat&post=54821"},{"taxonomy":"product_tag","embeddable":true,"href":"https:\/\/topgetestet.de\/index.php?rest_route=%2Fwp%2Fv2%2Fproduct_tag&post=54821"}],"curies":[{"name":"wp","href":"https:\/\/api.w.org\/{rel}","templated":true}]}}