{"id":54817,"date":"2022-10-07T09:44:23","date_gmt":"2022-10-07T09:44:23","guid":{"rendered":"https:\/\/topgetestet.de\/?product=under-armour-unisex-hosen-rush"},"modified":"2022-10-07T09:44:23","modified_gmt":"2022-10-07T09:44:23","slug":"under-armour-unisex-hosen-rush","status":"publish","type":"product","link":"https:\/\/topgetestet.de\/?product=under-armour-unisex-hosen-rush","title":{"rendered":"Under Armour Unisex Hosen Rush"},"content":{"rendered":"<p>Price: <span style=\"color:#b12704\">[price_with_discount]<\/span><br \/><i><small>(as of [price_update_date] &#8211; <span class=\"wp_automatic_amazon_disclaimer\" title=\"Product prices and availability are accurate as of the date\/time indicated and are subject to change. Any price and availability information displayed on [relevant Amazon Site(s), as applicable] at the time of purchase will apply to the purchase of this product.\">Details<\/span>)<\/small><\/i><\/p>\n<p><a href=\"https:\/\/amazon.de\/dp\/B084CM8YY6?tag=topgetestet09-21\"><img decoding=\"async\" src=\"https:\/\/i.imgur.com\/ISRHEWs.png\"><\/a><br \/>\n[ad_1]<br \/>\n <span>Es ist weich und angenehm auf der Haut. Der Stretchstoff erm\u00f6glicht gr\u00f6\u00dfere Beweglichkeit in alle Richtungen. Stylische Herren Hose f\u00fcr Familie oder Freunde, Urlaub oder auch als l\u00e4ssige und sportliche Alltagskleidung. Tolle Geschenkidee f\u00fcr jeden Anlass wie Geburtstag oder Urlaub.<\/span> <br \/> Produktabmessungen \u200f : \u200e  18 x 91 x 43 cm; 120 Gramm <br \/> Im Angebot von Amazon.de seit \u200f : \u200e  18. M\u00e4rz 2021 <br \/> Hersteller \u200f : \u200e  Under Armour <br \/> ASIN \u200f : \u200e  B084CM8YY6 <br \/> Modellnummer \u200f : \u200e  1350149 <br \/> Kategorie \u200f : \u200e  Herren <\/p>\n<p>[ad_2]<\/p>\n","protected":false},"excerpt":{"rendered":"<p>Price: [price_with_discount](as of [price_update_date] &#8211; Details) [ad_1] Es ist weich und angenehm auf der Haut. Der Stretchstoff erm\u00f6glicht gr\u00f6\u00dfere Beweglichkeit in alle Richtungen. Stylische Herren Hose f\u00fcr Familie oder Freunde,<\/p>\n","protected":false},"featured_media":54818,"comment_status":"open","ping_status":"closed","template":"","meta":[],"product_cat":[231],"product_tag":[],"class_list":{"0":"post-54817","1":"product","2":"type-product","3":"status-publish","4":"has-post-thumbnail","6":"product_cat-mens-fashion","8":"first","9":"instock","10":"shipping-taxable","11":"product-type-external"},"aioseo_notices":[],"_links":{"self":[{"href":"https:\/\/topgetestet.de\/index.php?rest_route=\/wp\/v2\/product\/54817","targetHints":{"allow":["GET"]}}],"collection":[{"href":"https:\/\/topgetestet.de\/index.php?rest_route=\/wp\/v2\/product"}],"about":[{"href":"https:\/\/topgetestet.de\/index.php?rest_route=\/wp\/v2\/types\/product"}],"replies":[{"embeddable":true,"href":"https:\/\/topgetestet.de\/index.php?rest_route=%2Fwp%2Fv2%2Fcomments&post=54817"}],"wp:featuredmedia":[{"embeddable":true,"href":"https:\/\/topgetestet.de\/index.php?rest_route=\/wp\/v2\/media\/54818"}],"wp:attachment":[{"href":"https:\/\/topgetestet.de\/index.php?rest_route=%2Fwp%2Fv2%2Fmedia&parent=54817"}],"wp:term":[{"taxonomy":"product_cat","embeddable":true,"href":"https:\/\/topgetestet.de\/index.php?rest_route=%2Fwp%2Fv2%2Fproduct_cat&post=54817"},{"taxonomy":"product_tag","embeddable":true,"href":"https:\/\/topgetestet.de\/index.php?rest_route=%2Fwp%2Fv2%2Fproduct_tag&post=54817"}],"curies":[{"name":"wp","href":"https:\/\/api.w.org\/{rel}","templated":true}]}}