{"id":5468,"date":"2022-08-31T17:53:07","date_gmt":"2022-08-31T17:53:07","guid":{"rendered":"https:\/\/topgetestet.de\/?product=asics-herren-noosa-tri-14-road-running-shoe"},"modified":"2022-08-31T17:53:07","modified_gmt":"2022-08-31T17:53:07","slug":"asics-herren-noosa-tri-14-road-running-shoe","status":"publish","type":"product","link":"https:\/\/topgetestet.de\/?product=asics-herren-noosa-tri-14-road-running-shoe","title":{"rendered":"ASICS Herren Noosa Tri 14 Road Running Shoe"},"content":{"rendered":"<p>Price: <span style=\"color:#b12704\">[price_with_discount]<\/span><br \/><i><small>(as of [price_update_date] &#8211; <span class=\"wp_automatic_amazon_disclaimer\" title=\"Product prices and availability are accurate as of the date\/time indicated and are subject to change. Any price and availability information displayed on [relevant Amazon Site(s), as applicable] at the time of purchase will apply to the purchase of this product.\">Details<\/span>)<\/small><\/i><\/p>\n<p><a href=\"https:\/\/amazon.de\/dp\/B09MWJDP52?tag=topgetestet09-21\"><img decoding=\"async\" src=\"https:\/\/i.imgur.com\/ISRHEWs.png\"><\/a><br \/>\n[ad_1]<br \/>\n <span>Der Asics GEL-Noosa Tri 14 Laufschuh ist ein stylischer Laufschuh mit auff\u00e4lligem Design. Er wird mit einer leichten Gummisohle geliefert, die f\u00fcr ein besonders geschmeidiges und flexibles Laufgef\u00fchl sorgt. Die reaktionsfreudige und robuste FLYTEFOAM-Zwischensohle, kombiniert mit einer hervorragenden GEL-D\u00e4mpfung, garantiert ein angenehmes Tragegef\u00fchl und Ausdauer. Eine AHAR-Fersenkappe l\u00e4sst den Fu\u00df nat\u00fcrlicher und gleichm\u00e4\u00dfiger laufen und erh\u00f6ht die Haltbarkeit des Schuhs.<\/span> <br \/> Verpackungsabmessungen \u200f : \u200e  31.7 x 20.1 x 12.2 cm; 550 Gramm <br \/> Im Angebot von Amazon.de seit \u200f : \u200e  16. Mai 2022 <br \/> Hersteller \u200f : \u200e  Asics <br \/> ASIN \u200f : \u200e  B0B1F2Z7TR <br \/> Modellnummer \u200f : \u200e  1011B368-001 <br \/> Kategorie \u200f : \u200e  Herren <\/p>\n<p>Innenmaterial: Synthetic<br \/>Sohle: Gummi<br \/>Verschluss: Schn\u00fcrung<br \/>Absatzform: Flach<br \/>Schuhweite: Schmal<br \/>Nicht wasserfest<br \/>\n<br \/>[ad_2]<\/p>\n","protected":false},"excerpt":{"rendered":"<p>Price: [price_with_discount](as of [price_update_date] &#8211; Details) [ad_1] Der Asics GEL-Noosa Tri 14 Laufschuh ist ein stylischer Laufschuh mit auff\u00e4lligem Design. Er wird mit einer leichten Gummisohle geliefert, die f\u00fcr ein<\/p>\n","protected":false},"featured_media":5469,"comment_status":"open","ping_status":"closed","template":"","meta":[],"product_cat":[234],"product_tag":[235],"class_list":{"0":"post-5468","1":"product","2":"type-product","3":"status-publish","4":"has-post-thumbnail","6":"product_cat-shoes","7":"product_tag-mens-road-running-shoes","9":"first","10":"instock","11":"shipping-taxable","12":"product-type-external"},"aioseo_notices":[],"_links":{"self":[{"href":"https:\/\/topgetestet.de\/index.php?rest_route=\/wp\/v2\/product\/5468","targetHints":{"allow":["GET"]}}],"collection":[{"href":"https:\/\/topgetestet.de\/index.php?rest_route=\/wp\/v2\/product"}],"about":[{"href":"https:\/\/topgetestet.de\/index.php?rest_route=\/wp\/v2\/types\/product"}],"replies":[{"embeddable":true,"href":"https:\/\/topgetestet.de\/index.php?rest_route=%2Fwp%2Fv2%2Fcomments&post=5468"}],"wp:featuredmedia":[{"embeddable":true,"href":"https:\/\/topgetestet.de\/index.php?rest_route=\/wp\/v2\/media\/5469"}],"wp:attachment":[{"href":"https:\/\/topgetestet.de\/index.php?rest_route=%2Fwp%2Fv2%2Fmedia&parent=5468"}],"wp:term":[{"taxonomy":"product_cat","embeddable":true,"href":"https:\/\/topgetestet.de\/index.php?rest_route=%2Fwp%2Fv2%2Fproduct_cat&post=5468"},{"taxonomy":"product_tag","embeddable":true,"href":"https:\/\/topgetestet.de\/index.php?rest_route=%2Fwp%2Fv2%2Fproduct_tag&post=5468"}],"curies":[{"name":"wp","href":"https:\/\/api.w.org\/{rel}","templated":true}]}}