{"id":54661,"date":"2022-10-07T05:12:20","date_gmt":"2022-10-07T05:12:20","guid":{"rendered":"https:\/\/topgetestet.de\/?product=vans-damen-filmore-hi-vansguard-sneaker-2"},"modified":"2022-10-07T05:12:20","modified_gmt":"2022-10-07T05:12:20","slug":"vans-damen-filmore-hi-vansguard-sneaker-2","status":"publish","type":"product","link":"https:\/\/topgetestet.de\/?product=vans-damen-filmore-hi-vansguard-sneaker-2","title":{"rendered":"Vans Damen Filmore Hi Vansguard Sneaker"},"content":{"rendered":"<p>Price: <span style=\"color:#b12704\">[price_with_discount]<\/span><br \/><i><small>(as of [price_update_date] &#8211; <span class=\"wp_automatic_amazon_disclaimer\" title=\"Product prices and availability are accurate as of the date\/time indicated and are subject to change. Any price and availability information displayed on [relevant Amazon Site(s), as applicable] at the time of purchase will apply to the purchase of this product.\">Details<\/span>)<\/small><\/i><\/p>\n<p><a href=\"https:\/\/amazon.de\/dp\/B0B3S27BM8?tag=topgetestet09-21\"><img decoding=\"async\" src=\"https:\/\/i.imgur.com\/ISRHEWs.png\"><\/a><br \/>\n[ad_1]<br \/>\n <span>Inspiriert von Vans Classic Sk8-Hi, ist der Filmore Hi VansGuard ein hoch geschnittenes, vulkanisiertes Schn\u00fcrdesign mit Vans Signatur-Seitenstreifen, einem runden Zehenbereich, einem gepolsterten Kragen f\u00fcr zus\u00e4tzlichen Komfort, einem glatten Futter und einer d\u00e4mpfenden Innensohle. Es verf\u00fcgt \u00fcber die wasserabweisenden VansGuard-Au\u00dfenmaterialien und eine Reverse Waffle Au\u00dfensohle f\u00fcr bessere Traktion.<\/span> <br \/> Verpackungsabmessungen \u200f : \u200e  27.7 x 20.6 x 10.7 cm; 1 Kilogramm <br \/> Im Angebot von Amazon.de seit \u200f : \u200e  10. Juni 2022 <br \/> Hersteller \u200f : \u200e  Vans <br \/> ASIN \u200f : \u200e  B0B3S1QF6R <br \/> Modellnummer \u200f : \u200e  VN0A5HYVBLK1 <br \/> Kategorie \u200f : \u200e  Damen <\/p>\n<p>Innenmaterial: Synthetik<br \/>Sohle: Gummi<br \/>Verschluss: Schn\u00fcrung<br \/>Absatzh\u00f6he: 1 cm<br \/>Absatzform: Flach<br \/>Schuhweite: Medium<br \/>\n<br \/>[ad_2]<\/p>\n","protected":false},"excerpt":{"rendered":"<p>Price: [price_with_discount](as of [price_update_date] &#8211; Details) [ad_1] Inspiriert von Vans Classic Sk8-Hi, ist der Filmore Hi VansGuard ein hoch geschnittenes, vulkanisiertes Schn\u00fcrdesign mit Vans Signatur-Seitenstreifen, einem runden Zehenbereich, einem gepolsterten<\/p>\n","protected":false},"featured_media":54662,"comment_status":"open","ping_status":"closed","template":"","meta":[],"product_cat":[230],"product_tag":[266],"class_list":{"0":"post-54661","1":"product","2":"type-product","3":"status-publish","4":"has-post-thumbnail","6":"product_cat-fashion","7":"product_tag-womens-fashion-sneakers","9":"first","10":"instock","11":"shipping-taxable","12":"product-type-external"},"aioseo_notices":[],"_links":{"self":[{"href":"https:\/\/topgetestet.de\/index.php?rest_route=\/wp\/v2\/product\/54661","targetHints":{"allow":["GET"]}}],"collection":[{"href":"https:\/\/topgetestet.de\/index.php?rest_route=\/wp\/v2\/product"}],"about":[{"href":"https:\/\/topgetestet.de\/index.php?rest_route=\/wp\/v2\/types\/product"}],"replies":[{"embeddable":true,"href":"https:\/\/topgetestet.de\/index.php?rest_route=%2Fwp%2Fv2%2Fcomments&post=54661"}],"wp:featuredmedia":[{"embeddable":true,"href":"https:\/\/topgetestet.de\/index.php?rest_route=\/wp\/v2\/media\/54662"}],"wp:attachment":[{"href":"https:\/\/topgetestet.de\/index.php?rest_route=%2Fwp%2Fv2%2Fmedia&parent=54661"}],"wp:term":[{"taxonomy":"product_cat","embeddable":true,"href":"https:\/\/topgetestet.de\/index.php?rest_route=%2Fwp%2Fv2%2Fproduct_cat&post=54661"},{"taxonomy":"product_tag","embeddable":true,"href":"https:\/\/topgetestet.de\/index.php?rest_route=%2Fwp%2Fv2%2Fproduct_tag&post=54661"}],"curies":[{"name":"wp","href":"https:\/\/api.w.org\/{rel}","templated":true}]}}