{"id":5425,"date":"2022-08-31T17:43:03","date_gmt":"2022-08-31T17:43:03","guid":{"rendered":"https:\/\/topgetestet.de\/?product=nike-herren-free-run-5-0-road-running-shoe"},"modified":"2022-08-31T17:43:03","modified_gmt":"2022-08-31T17:43:03","slug":"nike-herren-free-run-5-0-road-running-shoe","status":"publish","type":"product","link":"https:\/\/topgetestet.de\/?product=nike-herren-free-run-5-0-road-running-shoe","title":{"rendered":"Nike Herren Free Run 5.0 Road Running Shoe"},"content":{"rendered":"<p>Price: <span style=\"color:#b12704\">[price_with_discount]<\/span><br \/><i><small>(as of [price_update_date] &#8211; <span class=\"wp_automatic_amazon_disclaimer\" title=\"Product prices and availability are accurate as of the date\/time indicated and are subject to change. Any price and availability information displayed on [relevant Amazon Site(s), as applicable] at the time of purchase will apply to the purchase of this product.\">Details<\/span>)<\/small><\/i><\/p>\n<p><a href=\"https:\/\/amazon.de\/dp\/B098PC5TP7?tag=topgetestet09-21\"><img decoding=\"async\" src=\"https:\/\/i.imgur.com\/ISRHEWs.png\"><\/a><br \/>\n[ad_1]<br \/>\n <span>Der Nike Free Run 5.0 ist ein Laufschuh, der druch sein leichtes und bequemes Tragegef\u00fchl \u00fcberzeugt. Der socken\u00e4hnliche Innenschuh garantiert einen sicheren Sitz und die leichte und flexible Au\u00dfensohle besitzt eine angenehme D\u00e4mpfung und vermittelt ein barfu\u00df\u00e4hnliches Laufgef\u00fchl. Das atmungsaktive Obermaterial erlaubt eine gute Luftzirkulation.<\/span> <br \/> Sprache \u200f : \u200e  Englisch, Englisch, Englisch, Englisch, Englisch <br \/> Verpackungsabmessungen \u200f : \u200e  33.4 x 21.4 x 11.4 cm; 510 Gramm <br \/> Im Angebot von Amazon.de seit \u200f : \u200e  5. Juli 2021 <br \/> Hersteller \u200f : \u200e  Nike <br \/> ASIN \u200f : \u200e  B098PDJDLJ <br \/> Modellnummer \u200f : \u200e  CZ1884-001 <br \/> Kategorie \u200f : \u200e  Herren <\/p>\n<p>[ad_2]<\/p>\n","protected":false},"excerpt":{"rendered":"<p>Price: [price_with_discount](as of [price_update_date] &#8211; Details) [ad_1] Der Nike Free Run 5.0 ist ein Laufschuh, der druch sein leichtes und bequemes Tragegef\u00fchl \u00fcberzeugt. Der socken\u00e4hnliche Innenschuh garantiert einen sicheren Sitz<\/p>\n","protected":false},"featured_media":5426,"comment_status":"open","ping_status":"closed","template":"","meta":[],"product_cat":[234],"product_tag":[235],"class_list":{"0":"post-5425","1":"product","2":"type-product","3":"status-publish","4":"has-post-thumbnail","6":"product_cat-shoes","7":"product_tag-mens-road-running-shoes","9":"first","10":"instock","11":"shipping-taxable","12":"product-type-external"},"aioseo_notices":[],"_links":{"self":[{"href":"https:\/\/topgetestet.de\/index.php?rest_route=\/wp\/v2\/product\/5425","targetHints":{"allow":["GET"]}}],"collection":[{"href":"https:\/\/topgetestet.de\/index.php?rest_route=\/wp\/v2\/product"}],"about":[{"href":"https:\/\/topgetestet.de\/index.php?rest_route=\/wp\/v2\/types\/product"}],"replies":[{"embeddable":true,"href":"https:\/\/topgetestet.de\/index.php?rest_route=%2Fwp%2Fv2%2Fcomments&post=5425"}],"wp:featuredmedia":[{"embeddable":true,"href":"https:\/\/topgetestet.de\/index.php?rest_route=\/wp\/v2\/media\/5426"}],"wp:attachment":[{"href":"https:\/\/topgetestet.de\/index.php?rest_route=%2Fwp%2Fv2%2Fmedia&parent=5425"}],"wp:term":[{"taxonomy":"product_cat","embeddable":true,"href":"https:\/\/topgetestet.de\/index.php?rest_route=%2Fwp%2Fv2%2Fproduct_cat&post=5425"},{"taxonomy":"product_tag","embeddable":true,"href":"https:\/\/topgetestet.de\/index.php?rest_route=%2Fwp%2Fv2%2Fproduct_tag&post=5425"}],"curies":[{"name":"wp","href":"https:\/\/api.w.org\/{rel}","templated":true}]}}