{"id":5396,"date":"2022-08-31T17:33:53","date_gmt":"2022-08-31T17:33:53","guid":{"rendered":"https:\/\/topgetestet.de\/?product=asics-herren-patriot-12-road-running-shoe"},"modified":"2022-08-31T17:33:53","modified_gmt":"2022-08-31T17:33:53","slug":"asics-herren-patriot-12-road-running-shoe","status":"publish","type":"product","link":"https:\/\/topgetestet.de\/?product=asics-herren-patriot-12-road-running-shoe","title":{"rendered":"ASICS Herren Patriot 12 Road Running Shoe"},"content":{"rendered":"<p>Price: <span style=\"color:#b12704\">[price_with_discount]<\/span><br \/><i><small>(as of [price_update_date] &#8211; <span class=\"wp_automatic_amazon_disclaimer\" title=\"Product prices and availability are accurate as of the date\/time indicated and are subject to change. Any price and availability information displayed on [relevant Amazon Site(s), as applicable] at the time of purchase will apply to the purchase of this product.\">Details<\/span>)<\/small><\/i><\/p>\n<p><a href=\"https:\/\/amazon.de\/dp\/B09MWH6YV4?tag=topgetestet09-21\"><img decoding=\"async\" src=\"https:\/\/i.imgur.com\/ISRHEWs.png\"><\/a><br \/>\n[ad_1]<br \/>\n <span>Der PATRIOT 12 Laufschuh wurde entwickelt, um L\u00e4ufern zu helfen, weiter zu kommen, und bietet au\u00dferdem ein federndes und gepolstertes Gef\u00fchl unter den F\u00fc\u00dfen. Dieser Schuh ist mit einem atmungsaktiven Mesh-Obermaterial ausgestattet, das eine bessere Luftzirkulation f\u00f6rdert und den F\u00fc\u00dfen hilft, w\u00e4hrend des Laufs k\u00fchler zu bleiben. Erg\u00e4nzt mit EVA-Technologie in der Zwischensohle, um eine federbelastete Reaktion zu erzeugen, bietet dieser Schuh auch eine hervorragende Sto\u00dfd\u00e4mpfung. Schlie\u00dflich bietet die Integration einer geformten Gummiau\u00dfensohle zus\u00e4tzlichen Halt.<\/span> <br \/> Produktabmessungen \u200f : \u200e  31.2 x 21.3 x 9.2 cm; 400 Gramm <br \/> Im Angebot von Amazon.de seit \u200f : \u200e  2. Dezember 2021 <br \/> Hersteller \u200f : \u200e  Asics <br \/> ASIN \u200f : \u200e  B09MWGMW76 <br \/> Modellnummer \u200f : \u200e  1011A823-417 <br \/> Kategorie \u200f : \u200e  Herren <\/p>\n<p>Innenmaterial: Synthetic<br \/>Sohle: Gummi<br \/>Verschluss: Schn\u00fcrung<br \/>Absatzform: Kein Absatz<br \/>Materialzusammensetzung: Synthetic<br \/>Schuhweite: Normale<br \/>\n<br \/>[ad_2]<\/p>\n","protected":false},"excerpt":{"rendered":"<p>Price: [price_with_discount](as of [price_update_date] &#8211; Details) [ad_1] Der PATRIOT 12 Laufschuh wurde entwickelt, um L\u00e4ufern zu helfen, weiter zu kommen, und bietet au\u00dferdem ein federndes und gepolstertes Gef\u00fchl unter den<\/p>\n","protected":false},"featured_media":5397,"comment_status":"open","ping_status":"closed","template":"","meta":[],"product_cat":[234],"product_tag":[235],"class_list":{"0":"post-5396","1":"product","2":"type-product","3":"status-publish","4":"has-post-thumbnail","6":"product_cat-shoes","7":"product_tag-mens-road-running-shoes","9":"first","10":"instock","11":"shipping-taxable","12":"product-type-external"},"aioseo_notices":[],"_links":{"self":[{"href":"https:\/\/topgetestet.de\/index.php?rest_route=\/wp\/v2\/product\/5396","targetHints":{"allow":["GET"]}}],"collection":[{"href":"https:\/\/topgetestet.de\/index.php?rest_route=\/wp\/v2\/product"}],"about":[{"href":"https:\/\/topgetestet.de\/index.php?rest_route=\/wp\/v2\/types\/product"}],"replies":[{"embeddable":true,"href":"https:\/\/topgetestet.de\/index.php?rest_route=%2Fwp%2Fv2%2Fcomments&post=5396"}],"wp:featuredmedia":[{"embeddable":true,"href":"https:\/\/topgetestet.de\/index.php?rest_route=\/wp\/v2\/media\/5397"}],"wp:attachment":[{"href":"https:\/\/topgetestet.de\/index.php?rest_route=%2Fwp%2Fv2%2Fmedia&parent=5396"}],"wp:term":[{"taxonomy":"product_cat","embeddable":true,"href":"https:\/\/topgetestet.de\/index.php?rest_route=%2Fwp%2Fv2%2Fproduct_cat&post=5396"},{"taxonomy":"product_tag","embeddable":true,"href":"https:\/\/topgetestet.de\/index.php?rest_route=%2Fwp%2Fv2%2Fproduct_tag&post=5396"}],"curies":[{"name":"wp","href":"https:\/\/api.w.org\/{rel}","templated":true}]}}