{"id":53945,"date":"2022-10-06T20:46:37","date_gmt":"2022-10-06T20:46:37","guid":{"rendered":"https:\/\/topgetestet.de\/?product=microsoft-surface-headphones-2-bluetooth-kopfhorer-mit-rauschunterdruckung-matt-schwarz"},"modified":"2022-10-06T20:46:37","modified_gmt":"2022-10-06T20:46:37","slug":"microsoft-surface-headphones-2-bluetooth-kopfhorer-mit-rauschunterdruckung-matt-schwarz","status":"publish","type":"product","link":"https:\/\/topgetestet.de\/?product=microsoft-surface-headphones-2-bluetooth-kopfhorer-mit-rauschunterdruckung-matt-schwarz","title":{"rendered":"Microsoft Surface Headphones 2, Bluetooth-Kopfh\u00f6rer mit Rauschunterdr\u00fcckung, matt schwarz"},"content":{"rendered":"<p>Price: <span style=\"color:#b12704\">[price_with_discount]<\/span><br \/><i><small>(as of [price_update_date] &#8211; <span class=\"wp_automatic_amazon_disclaimer\" title=\"Product prices and availability are accurate as of the date\/time indicated and are subject to change. Any price and availability information displayed on [relevant Amazon Site(s), as applicable] at the time of purchase will apply to the purchase of this product.\">Details<\/span>)<\/small><\/i><\/p>\n<p><a href=\"https:\/\/amazon.de\/dp\/B0883RZ64V?tag=topgetestet09-21\"><img decoding=\"async\" src=\"https:\/\/i.imgur.com\/ISRHEWs.png\"><\/a><br \/>\n[ad_1]<br \/>\n Genie\u00dfen Sie spektakul\u00e4ren Omnisonic-Sound zum H\u00f6ren von Musik, zum Ansehen von Sendungen und zum Telefonieren. Bleiben Sie konzentriert, indem Sie Au\u00dfenger\u00e4usche reduzieren. Bequemes H\u00f6ren den ganzen Tag \u00fcber. <br \/>13 Stufen Rauschunterdr\u00fcckung<br \/>8 Mikrofone f\u00fcr au\u00dfergew\u00f6hnliche Sprachklarheit<br \/>Intuitive Touch-Steuerung<br \/>USB-C Schnellladung, 1 Stunde H\u00f6rzeit in 5 Minuten<br \/>Bis zu 20 Stunden Akkulaufzeit, kompatibel mit Siri und Google Assistant<br \/>Enthaltene Komponenten : Ladekabel<br \/>\n<br \/>[ad_2]<\/p>\n","protected":false},"excerpt":{"rendered":"<p>Price: [price_with_discount](as of [price_update_date] &#8211; Details) [ad_1] Genie\u00dfen Sie spektakul\u00e4ren Omnisonic-Sound zum H\u00f6ren von Musik, zum Ansehen von Sendungen und zum Telefonieren. Bleiben Sie konzentriert, indem Sie Au\u00dfenger\u00e4usche reduzieren. Bequemes<\/p>\n","protected":false},"featured_media":53946,"comment_status":"open","ping_status":"closed","template":"","meta":[],"product_cat":[225],"product_tag":[],"class_list":{"0":"post-53945","1":"product","2":"type-product","3":"status-publish","4":"has-post-thumbnail","6":"product_cat-electronics","8":"first","9":"instock","10":"shipping-taxable","11":"product-type-external"},"aioseo_notices":[],"_links":{"self":[{"href":"https:\/\/topgetestet.de\/index.php?rest_route=\/wp\/v2\/product\/53945","targetHints":{"allow":["GET"]}}],"collection":[{"href":"https:\/\/topgetestet.de\/index.php?rest_route=\/wp\/v2\/product"}],"about":[{"href":"https:\/\/topgetestet.de\/index.php?rest_route=\/wp\/v2\/types\/product"}],"replies":[{"embeddable":true,"href":"https:\/\/topgetestet.de\/index.php?rest_route=%2Fwp%2Fv2%2Fcomments&post=53945"}],"wp:featuredmedia":[{"embeddable":true,"href":"https:\/\/topgetestet.de\/index.php?rest_route=\/wp\/v2\/media\/53946"}],"wp:attachment":[{"href":"https:\/\/topgetestet.de\/index.php?rest_route=%2Fwp%2Fv2%2Fmedia&parent=53945"}],"wp:term":[{"taxonomy":"product_cat","embeddable":true,"href":"https:\/\/topgetestet.de\/index.php?rest_route=%2Fwp%2Fv2%2Fproduct_cat&post=53945"},{"taxonomy":"product_tag","embeddable":true,"href":"https:\/\/topgetestet.de\/index.php?rest_route=%2Fwp%2Fv2%2Fproduct_tag&post=53945"}],"curies":[{"name":"wp","href":"https:\/\/api.w.org\/{rel}","templated":true}]}}