{"id":53900,"date":"2022-10-06T18:53:41","date_gmt":"2022-10-06T18:53:41","guid":{"rendered":"https:\/\/topgetestet.de\/?product=naissance-jojobaol-gold-nr-233-500ml-100-reines-kaltgepresstes-ol"},"modified":"2022-10-06T18:53:41","modified_gmt":"2022-10-06T18:53:41","slug":"naissance-jojobaol-gold-nr-233-500ml-100-reines-kaltgepresstes-ol","status":"publish","type":"product","link":"https:\/\/topgetestet.de\/?product=naissance-jojobaol-gold-nr-233-500ml-100-reines-kaltgepresstes-ol","title":{"rendered":"Naissance Jojoba\u00f6l Gold (Nr. 233) 500ml 100% reines, kaltgepresstes \u00d6l"},"content":{"rendered":"<p>Price: <span style=\"color:#b12704\">[price_with_discount]<\/span><br \/><i><small>(as of [price_update_date] &#8211; <span class=\"wp_automatic_amazon_disclaimer\" title=\"Product prices and availability are accurate as of the date\/time indicated and are subject to change. Any price and availability information displayed on [relevant Amazon Site(s), as applicable] at the time of purchase will apply to the purchase of this product.\">Details<\/span>)<\/small><\/i><\/p>\n<p><a href=\"https:\/\/amazon.de\/dp\/B004RGMN1C?tag=topgetestet09-21\"><img decoding=\"async\" src=\"https:\/\/i.imgur.com\/ISRHEWs.png\"><\/a><br \/>\n[ad_1]<\/p>\n<p>       Von der Marke <\/p>\n<p>            <img decoding=\"async\" alt=\"Brand story Naissance\" src=\"https:\/\/images-na.ssl-images-amazon.com\/images\/G\/01\/x-locale\/common\/grey-pixel.gif\" class=\"a-lazy-loaded\" data-src=\"https:\/\/m.media-amazon.com\/images\/S\/aplus-media\/sc\/91a567b4-7f53-492d-b7f4-bb7cd534b4d3.__CR0,0,500,500_PT0_SX315_V1___.jpg\"><\/p>\n<p>             <img decoding=\"async\" alt=\"Brand story Naissance\" src=\"https:\/\/m.media-amazon.com\/images\/S\/aplus-media\/sc\/91a567b4-7f53-492d-b7f4-bb7cd534b4d3.__CR0,0,500,500_PT0_SX315_V1___.jpg\"><\/p>\n<h3> Unsere Geschichte <\/h3>\n<p>              Wie haben wir begonnen<br \/>\n              Die Inspiration hinter Naissance war meine Leidenschaft f\u00fcr nat\u00fcrliche Produkte, die aus meiner Kindheit, die ich mit meiner Familie in Afrika verbracht habe, stammt.  <\/p>\n<p>              Was macht unser Produkt einzigartig<br \/>\n              Wir bauen offene, ehrliche Partnerschaften mit unseren Lieferanten auf. Indem wir direkt mit Anbauern auf der ganzen Welt zusammenarbeiten, k\u00f6nnen wir die hohe Qualit\u00e4t, Nachhaltig und R\u00fcckverfolgbarkeit unserer Produkte garantieren  <\/p>\n<p>              Warum lieben wir, was wir tun<br \/>\n              Wir sind st\u00e4ndig auf der Suche nach besseren, wegweisenden ethischeren und nachhaltigeren M\u00f6glichkeiten zu arbeiten und Dinge zu tun. Dinge, die nicht nur uns als Unternehmen n\u00fctzen, sondern noch viel wichtiger, die auch Individuen, der Gesellschaft und der Welt, in der wir leben, n\u00fctzen.  <\/p>\n<p>KALTGEPRESST: 100 % reines, unraffiniertes, kaltgepresstes Jojoba\u00f6l Gold (Simmondsia chinensis) mit typischem, leicht dezentem Geruch.<br \/>AUSGLEICHEND: Jojoba\u00f6l ist f\u00fcr alle Hauttypen und auch f\u00fcr sensible Haut geeignet. Es wirkt ausgleichend, verstopft die Poren nicht und ist somit perfekt f\u00fcr alle, die unter fettiger Haut leiden. Es enth\u00e4lt Vitamin E, was es zu einem tollen \u00d6l f\u00fcr reife Haut macht.<br \/>N\u00c4HRSTOFFREICH: Reich an den essenziellen Fetts\u00e4uren \u00d6ls\u00e4ure, Erucas\u00e4ure und Eicosens\u00e4ure sowie nat\u00fcrlichem Vitamin E. Der Hauptbestandteil von Jojoba\u00f6l ist Eicosens\u00e4ure, auch bekannt als Arachins\u00e4ure, eine einfach unges\u00e4ttigte Omega-9-Fetts\u00e4ure, die dem nat\u00fcrlich gebildeten \u00d6l in unserem Hauttalg sehr \u00e4hnlich ist. Das bedeutet, dass das \u00d6l gut in die Haut einzieht, sich leicht verteilen l\u00e4sst und keinen Fettfilm hinterl\u00e4sst.<br \/>FEUCHTIGKEITSPFLEGE: Jojoba\u00f6l Gold ist ein ausgezeichneter Feuchtigkeitsspender, es ist tiefenpflegend und f\u00fchlt sich dennoch leicht auf der Haut an. Es bildet eine sch\u00fctzende Barriere auf der Haut, l\u00e4sst die Haut aber trotzdem noch atmen. Ideale Feuchtigkeitsversorgung f\u00fcr Haut, H\u00e4nde, Haare und N\u00e4gel oder als Basis\u00f6l in der Aromatherapie oder in Massage\u00f6lmischungen. L\u00e4sst sich leicht mit \u00e4therischen \u00d6len mischen, um deine eigenen Mischungen herzustellen.<br \/>TIERVERSUCHSFREI und VEGAN.<br \/>\n<br \/>[ad_2]<\/p>\n","protected":false},"excerpt":{"rendered":"<p>Price: [price_with_discount](as of [price_update_date] &#8211; Details) [ad_1] Von der Marke Unsere Geschichte Wie haben wir begonnen Die Inspiration hinter Naissance war meine Leidenschaft f\u00fcr nat\u00fcrliche Produkte, die aus meiner Kindheit,<\/p>\n","protected":false},"featured_media":53901,"comment_status":"open","ping_status":"closed","template":"","meta":[],"product_cat":[228],"product_tag":[239],"class_list":{"0":"post-53900","1":"product","2":"type-product","3":"status-publish","4":"has-post-thumbnail","6":"product_cat-beauty","7":"product_tag-body-skin-care","9":"first","10":"instock","11":"shipping-taxable","12":"product-type-external"},"aioseo_notices":[],"_links":{"self":[{"href":"https:\/\/topgetestet.de\/index.php?rest_route=\/wp\/v2\/product\/53900","targetHints":{"allow":["GET"]}}],"collection":[{"href":"https:\/\/topgetestet.de\/index.php?rest_route=\/wp\/v2\/product"}],"about":[{"href":"https:\/\/topgetestet.de\/index.php?rest_route=\/wp\/v2\/types\/product"}],"replies":[{"embeddable":true,"href":"https:\/\/topgetestet.de\/index.php?rest_route=%2Fwp%2Fv2%2Fcomments&post=53900"}],"wp:featuredmedia":[{"embeddable":true,"href":"https:\/\/topgetestet.de\/index.php?rest_route=\/wp\/v2\/media\/53901"}],"wp:attachment":[{"href":"https:\/\/topgetestet.de\/index.php?rest_route=%2Fwp%2Fv2%2Fmedia&parent=53900"}],"wp:term":[{"taxonomy":"product_cat","embeddable":true,"href":"https:\/\/topgetestet.de\/index.php?rest_route=%2Fwp%2Fv2%2Fproduct_cat&post=53900"},{"taxonomy":"product_tag","embeddable":true,"href":"https:\/\/topgetestet.de\/index.php?rest_route=%2Fwp%2Fv2%2Fproduct_tag&post=53900"}],"curies":[{"name":"wp","href":"https:\/\/api.w.org\/{rel}","templated":true}]}}