{"id":53876,"date":"2022-10-06T18:05:22","date_gmt":"2022-10-06T18:05:22","guid":{"rendered":"https:\/\/topgetestet.de\/?product=harvest-moon-light-of-hope-complete-special-edition-playstation-4"},"modified":"2022-10-06T18:05:22","modified_gmt":"2022-10-06T18:05:22","slug":"harvest-moon-light-of-hope-complete-special-edition-playstation-4","status":"publish","type":"product","link":"https:\/\/topgetestet.de\/?product=harvest-moon-light-of-hope-complete-special-edition-playstation-4","title":{"rendered":"Harvest Moon Light of Hope Complete Special Edition [Playstation 4]"},"content":{"rendered":"<p>Price: <span style=\"color:#b12704\">[price_with_discount]<\/span><br \/><i><small>(as of [price_update_date] &#8211; <span class=\"wp_automatic_amazon_disclaimer\" title=\"Product prices and availability are accurate as of the date\/time indicated and are subject to change. Any price and availability information displayed on [relevant Amazon Site(s), as applicable] at the time of purchase will apply to the purchase of this product.\">Details<\/span>)<\/small><\/i><\/p>\n<p><a href=\"https:\/\/amazon.de\/dp\/B07WHMPT9T?tag=topgetestet09-21\"><img decoding=\"async\" src=\"https:\/\/i.imgur.com\/ISRHEWs.png\"><\/a><br \/>\n[ad_1]<br \/>\n <span>Zur Feier des 20. Geburtstags der beliebten Farmsimulations-Serie, erscheint jetzt die Harvest Moon: Licht der Hoffnung Complete Special Edition auf Playstation 4 und Nintendo Switch. Harvest Moon: Licht der Hoffnung folgt dem Geiste seiner Vorg\u00e4nger und wird Fans der Serie begeistern.<br \/>Auf der Suche nach einem Neustart begeben Sie sich auf eine Reise in ein neues Leben. Leider hat das Wetter andere Pl\u00e4ne, denn Ihr Schiff wird von einem Monsun getroffen und sinkt. Sie treiben in einer kleinen Hafenstadt an, welche aufgrund des Sturms in Tr\u00fcmmern liegt. Dort rettet eine junge \u00c4rztin namens Jeanne Ihnen das Leben. Die Stadt wurde mehr oder weniger verlassen, aber Sie haben sich noch nie vor einer Herausforderung gescheut. Es liegt an Ihnen, die Stadt wieder aufzubauen und den Leuchtturm zu retten, aber es wird nicht einfach. Nichtsdestotrotz, wenn Sie Pflanzen anbauen, sich um das Vieh k\u00fcmmern und Materialien f\u00fcr Reparaturen sammeln, wird es Ihnen m\u00f6glich sein, neue Freunde kennenzulernen, eine Familie zu gr\u00fcnden, den Leuchtturm zu reparieren und die Stadt, Ihr neues Zuhause, zu retten.<\/p>\n<p>Features:<br \/>&#8211; Sammeln Sie wichtige Materialien, um die Stadt und den Leuchtturm wieder aufzubauen<br \/>&#8211; Erf\u00fcllen Sie Anfragen von Dorfbewohnern, um neue Areale und Gegenst\u00e4nde freizuschalten<br \/>&#8211; Neue und einzigartige Festivals, inklusive des &#8220;DoC Racing Festival&#8221;<br \/>&#8211; Lernen Sie mit Hilfe der bedienungsfreundlichen UI und Tutorials, Pflanzen anzubauen<br \/>&#8211; Spielen Sie als Junge oder M\u00e4dchen, heiraten Sie und gr\u00fcnden Sie eine Familie<\/p>\n<p>Complete Special Edition Extras:<br \/>&#8211; Alle zuvor erschienenen Erweiterungen in einem Paket mit Dekorations- und Tool-Upgrade-Pakete, neues Zeichenpaket und neue Charakterepisoden<br \/>&#8211; Co-Op Modus<br \/>&#8211; Neuer, ehef\u00e4higer Charakter<br \/>&#8211; Mehr Story Content, wie Doc und Melanie&#8217;s Spezialepisoden<\/span> <br \/> Alterseinstufung \u200f : \u200e  USK ab 0 freigegeben <br \/> Sprache \u200f : \u200e  Englisch <br \/> Handbuch \u200f : \u200e  Deutsch <br \/> Produktabmessungen \u200f : \u200e  13.9 x 1.4 x 17 cm; 80 Gramm <br \/> Erscheinungstermin \u200f : \u200e  25. Oktober 2019 <br \/> Untertitel: \u200f : \u200e  Englisch, Franz\u00f6sisch, Deutsch <br \/> ASIN \u200f : \u200e  B07WHMPT9T <br \/> Modellnummer \u200f : \u200e  1037598 <\/p>\n<p>Beinhaltet alle bisher erschienenen Erweiterungen in einem Komplettpaket<br \/>Gro\u00dfe und treue Fangemeinde<br \/>Co-Op Modus verf\u00fcgbar<br \/>\n<br \/>[ad_2]<\/p>\n","protected":false},"excerpt":{"rendered":"<p>Price: [price_with_discount](as of [price_update_date] &#8211; Details) [ad_1] Zur Feier des 20. Geburtstags der beliebten Farmsimulations-Serie, erscheint jetzt die Harvest Moon: Licht der Hoffnung Complete Special Edition auf Playstation 4 und<\/p>\n","protected":false},"featured_media":53877,"comment_status":"open","ping_status":"closed","template":"","meta":[],"product_cat":[227],"product_tag":[261],"class_list":{"0":"post-53876","1":"product","2":"type-product","3":"status-publish","4":"has-post-thumbnail","6":"product_cat-gaming","7":"product_tag-playstation-legacy-games","9":"first","10":"instock","11":"shipping-taxable","12":"product-type-external"},"aioseo_notices":[],"_links":{"self":[{"href":"https:\/\/topgetestet.de\/index.php?rest_route=\/wp\/v2\/product\/53876","targetHints":{"allow":["GET"]}}],"collection":[{"href":"https:\/\/topgetestet.de\/index.php?rest_route=\/wp\/v2\/product"}],"about":[{"href":"https:\/\/topgetestet.de\/index.php?rest_route=\/wp\/v2\/types\/product"}],"replies":[{"embeddable":true,"href":"https:\/\/topgetestet.de\/index.php?rest_route=%2Fwp%2Fv2%2Fcomments&post=53876"}],"wp:featuredmedia":[{"embeddable":true,"href":"https:\/\/topgetestet.de\/index.php?rest_route=\/wp\/v2\/media\/53877"}],"wp:attachment":[{"href":"https:\/\/topgetestet.de\/index.php?rest_route=%2Fwp%2Fv2%2Fmedia&parent=53876"}],"wp:term":[{"taxonomy":"product_cat","embeddable":true,"href":"https:\/\/topgetestet.de\/index.php?rest_route=%2Fwp%2Fv2%2Fproduct_cat&post=53876"},{"taxonomy":"product_tag","embeddable":true,"href":"https:\/\/topgetestet.de\/index.php?rest_route=%2Fwp%2Fv2%2Fproduct_tag&post=53876"}],"curies":[{"name":"wp","href":"https:\/\/api.w.org\/{rel}","templated":true}]}}