{"id":53843,"date":"2022-10-06T18:00:20","date_gmt":"2022-10-06T18:00:20","guid":{"rendered":"https:\/\/topgetestet.de\/?product=asics-herren-gt-1000-9-laufschuh"},"modified":"2022-10-06T18:00:20","modified_gmt":"2022-10-06T18:00:20","slug":"asics-herren-gt-1000-9-laufschuh","status":"publish","type":"product","link":"https:\/\/topgetestet.de\/?product=asics-herren-gt-1000-9-laufschuh","title":{"rendered":"ASICS Herren Gt-1000 9 Laufschuh"},"content":{"rendered":"<p>Price: <span style=\"color:#b12704\">[price_with_discount]<\/span><br \/><i><small>(as of [price_update_date] &#8211; <span class=\"wp_automatic_amazon_disclaimer\" title=\"Product prices and availability are accurate as of the date\/time indicated and are subject to change. Any price and availability information displayed on [relevant Amazon Site(s), as applicable] at the time of purchase will apply to the purchase of this product.\">Details<\/span>)<\/small><\/i><\/p>\n<p><a href=\"https:\/\/amazon.de\/dp\/B088XT98BB?tag=topgetestet09-21\"><img decoding=\"async\" src=\"https:\/\/i.imgur.com\/ISRHEWs.png\"><\/a><br \/>\n[ad_1]<br \/>\n <span>Der GT-1000 9 Laufschuh von Asics unterst\u00fctzt dich mit seiner d\u00e4mpfenden GEL-Technologie im Vorder- und R\u00fcckfu\u00dfbereich sowie der r\u00fcckfedernden FLYTEFOAM-Technologie optimal beim Laufen. Das leichte Mesh-Obermaterial sorgt f\u00fcr eine verbesserte Atmungsaktivit\u00e4t. Die stabilisierenden Overlays sorgen zus\u00e4tzlich f\u00fcr eine verbesserte Fu\u00dff\u00fchrung.<\/span> <br \/> Verpackungsabmessungen \u200f : \u200e  29.46 x 19.05 x 10.92 cm; 476 Gramm <br \/> Im Angebot von Amazon.de seit \u200f : \u200e  16. August 2020 <br \/> Hersteller \u200f : \u200e  Asics <br \/> ASIN \u200f : \u200e  B083QTY6GS <br \/> Modellnummer \u200f : \u200e  1081A030 <br \/> Kategorie \u200f : \u200e  Herren <\/p>\n<p>Sohle: Kunstleder<br \/>Verschluss: Schn\u00fcrung<br \/>Absatzform: Flach<br \/>Materialzusammensetzung: 100 % Synthetik<br \/>Schuhweite: Medium<br \/>\n<br \/>[ad_2]<\/p>\n","protected":false},"excerpt":{"rendered":"<p>Price: [price_with_discount](as of [price_update_date] &#8211; Details) [ad_1] Der GT-1000 9 Laufschuh von Asics unterst\u00fctzt dich mit seiner d\u00e4mpfenden GEL-Technologie im Vorder- und R\u00fcckfu\u00dfbereich sowie der r\u00fcckfedernden FLYTEFOAM-Technologie optimal beim Laufen.<\/p>\n","protected":false},"featured_media":53844,"comment_status":"open","ping_status":"closed","template":"","meta":[],"product_cat":[234],"product_tag":[235],"class_list":{"0":"post-53843","1":"product","2":"type-product","3":"status-publish","4":"has-post-thumbnail","6":"product_cat-shoes","7":"product_tag-mens-road-running-shoes","9":"first","10":"instock","11":"shipping-taxable","12":"product-type-external"},"aioseo_notices":[],"_links":{"self":[{"href":"https:\/\/topgetestet.de\/index.php?rest_route=\/wp\/v2\/product\/53843","targetHints":{"allow":["GET"]}}],"collection":[{"href":"https:\/\/topgetestet.de\/index.php?rest_route=\/wp\/v2\/product"}],"about":[{"href":"https:\/\/topgetestet.de\/index.php?rest_route=\/wp\/v2\/types\/product"}],"replies":[{"embeddable":true,"href":"https:\/\/topgetestet.de\/index.php?rest_route=%2Fwp%2Fv2%2Fcomments&post=53843"}],"wp:featuredmedia":[{"embeddable":true,"href":"https:\/\/topgetestet.de\/index.php?rest_route=\/wp\/v2\/media\/53844"}],"wp:attachment":[{"href":"https:\/\/topgetestet.de\/index.php?rest_route=%2Fwp%2Fv2%2Fmedia&parent=53843"}],"wp:term":[{"taxonomy":"product_cat","embeddable":true,"href":"https:\/\/topgetestet.de\/index.php?rest_route=%2Fwp%2Fv2%2Fproduct_cat&post=53843"},{"taxonomy":"product_tag","embeddable":true,"href":"https:\/\/topgetestet.de\/index.php?rest_route=%2Fwp%2Fv2%2Fproduct_tag&post=53843"}],"curies":[{"name":"wp","href":"https:\/\/api.w.org\/{rel}","templated":true}]}}