{"id":53790,"date":"2022-10-06T17:53:01","date_gmt":"2022-10-06T17:53:01","guid":{"rendered":"https:\/\/topgetestet.de\/?product=urban-classics-damen-ladies-vichy-check-high-waist-leggings"},"modified":"2022-10-06T17:53:01","modified_gmt":"2022-10-06T17:53:01","slug":"urban-classics-damen-ladies-vichy-check-high-waist-leggings","status":"publish","type":"product","link":"https:\/\/topgetestet.de\/?product=urban-classics-damen-ladies-vichy-check-high-waist-leggings","title":{"rendered":"Urban Classics Damen Ladies Vichy Check High Waist Leggings"},"content":{"rendered":"<p>Price: <span style=\"color:#b12704\">[price_with_discount]<\/span><br \/><i><small>(as of [price_update_date] &#8211; <span class=\"wp_automatic_amazon_disclaimer\" title=\"Product prices and availability are accurate as of the date\/time indicated and are subject to change. Any price and availability information displayed on [relevant Amazon Site(s), as applicable] at the time of purchase will apply to the purchase of this product.\">Details<\/span>)<\/small><\/i><\/p>\n<p><a href=\"https:\/\/amazon.de\/dp\/B08D3TKZFV?tag=topgetestet09-21\"><img decoding=\"async\" src=\"https:\/\/i.imgur.com\/ISRHEWs.png\"><\/a><br \/>\n[ad_1]<br \/>\n <span>Die aufregenden Damen Leggings vereinen eine bew\u00e4hrte, figurnahe Passform mit einem feinen Karomuster. F\u00fcr bequemen Tragekomfort sorgen das elastische, etwas dickere Material und der ebenfalls elastische und hoch geschnittene Bund. Die kn\u00f6chellange L\u00e4nge passt perfekt zu k\u00e4lteren Tagen.<\/span> <br \/> Verpackungsabmessungen \u200f : \u200e  25.6 x 22.4 x 5.6 cm; 315 Gramm <br \/> Im Angebot von Amazon.de seit \u200f : \u200e  16. Juli 2020 <br \/> Hersteller \u200f : \u200e  Urban Classics <br \/> ASIN \u200f : \u200e  B08D3TKZFV <br \/> Modellnummer \u200f : \u200e  TB3758 <br \/> Kategorie \u200f : \u200e  Damen <\/p>\n<p>[ad_2]<\/p>\n","protected":false},"excerpt":{"rendered":"<p>Price: [price_with_discount](as of [price_update_date] &#8211; Details) [ad_1] Die aufregenden Damen Leggings vereinen eine bew\u00e4hrte, figurnahe Passform mit einem feinen Karomuster. F\u00fcr bequemen Tragekomfort sorgen das elastische, etwas dickere Material und<\/p>\n","protected":false},"featured_media":53791,"comment_status":"open","ping_status":"closed","template":"","meta":[],"product_cat":[232],"product_tag":[],"class_list":{"0":"post-53790","1":"product","2":"type-product","3":"status-publish","4":"has-post-thumbnail","6":"product_cat-women-fashion","8":"first","9":"instock","10":"shipping-taxable","11":"product-type-external"},"aioseo_notices":[],"_links":{"self":[{"href":"https:\/\/topgetestet.de\/index.php?rest_route=\/wp\/v2\/product\/53790","targetHints":{"allow":["GET"]}}],"collection":[{"href":"https:\/\/topgetestet.de\/index.php?rest_route=\/wp\/v2\/product"}],"about":[{"href":"https:\/\/topgetestet.de\/index.php?rest_route=\/wp\/v2\/types\/product"}],"replies":[{"embeddable":true,"href":"https:\/\/topgetestet.de\/index.php?rest_route=%2Fwp%2Fv2%2Fcomments&post=53790"}],"wp:featuredmedia":[{"embeddable":true,"href":"https:\/\/topgetestet.de\/index.php?rest_route=\/wp\/v2\/media\/53791"}],"wp:attachment":[{"href":"https:\/\/topgetestet.de\/index.php?rest_route=%2Fwp%2Fv2%2Fmedia&parent=53790"}],"wp:term":[{"taxonomy":"product_cat","embeddable":true,"href":"https:\/\/topgetestet.de\/index.php?rest_route=%2Fwp%2Fv2%2Fproduct_cat&post=53790"},{"taxonomy":"product_tag","embeddable":true,"href":"https:\/\/topgetestet.de\/index.php?rest_route=%2Fwp%2Fv2%2Fproduct_tag&post=53790"}],"curies":[{"name":"wp","href":"https:\/\/api.w.org\/{rel}","templated":true}]}}