{"id":53772,"date":"2022-10-06T17:49:45","date_gmt":"2022-10-06T17:49:45","guid":{"rendered":"https:\/\/topgetestet.de\/?product=asics-herren-gel-cumulus-22-tokyo-road-running-shoe"},"modified":"2022-10-06T17:49:45","modified_gmt":"2022-10-06T17:49:45","slug":"asics-herren-gel-cumulus-22-tokyo-road-running-shoe","status":"publish","type":"product","link":"https:\/\/topgetestet.de\/?product=asics-herren-gel-cumulus-22-tokyo-road-running-shoe","title":{"rendered":"ASICS Herren Gel-Cumulus 22 Tokyo Road Running Shoe"},"content":{"rendered":"<p>Price: <span style=\"color:#b12704\">[price_with_discount]<\/span><br \/><i><small>(as of [price_update_date] &#8211; <span class=\"wp_automatic_amazon_disclaimer\" title=\"Product prices and availability are accurate as of the date\/time indicated and are subject to change. Any price and availability information displayed on [relevant Amazon Site(s), as applicable] at the time of purchase will apply to the purchase of this product.\">Details<\/span>)<\/small><\/i><\/p>\n<p><a href=\"https:\/\/amazon.de\/dp\/B088RF4HQX?tag=topgetestet09-21\"><img decoding=\"async\" src=\"https:\/\/i.imgur.com\/ISRHEWs.png\"><\/a><br \/>\n[ad_1]<br \/>\n <span>Der Asics GEL-CUMULUS 22 TOKYO wurde zur Feier von Tokyo und Japan in speziellen Farben designed. Dieses Model ist ein super Laufschuh und \u00fcberzeugt mit seinem leichten Mesh-Material, welches eine ideale Bel\u00fcftung und Luftzirkulation bietet. Die reaktionsfreudige und robuste Gummisohle sorgt f\u00fcr festen Halt auf der Strasse. Eine FLYTEFOAM-Mittelsohle kombiniert mit der GEL-D\u00e4mpfung bieten viel Komfort und Ausdauerbereitschaft. Die AHAR-Gummisohle bietet strapazierf\u00e4higkeit und ist ideal f\u00fcr l\u00e4ngere Strecken geeignet.<\/span> <br \/> Verpackungsabmessungen \u200f : \u200e  31.8 x 19.9 x 12.1 cm; 285 Gramm <br \/> Im Angebot von Amazon.de seit \u200f : \u200e  4. Januar 2021 <br \/> Hersteller \u200f : \u200e  ASICS <br \/> ASIN \u200f : \u200e  B08RZD7ZBT <br \/> Modellnummer \u200f : \u200e  1011B078-001 <br \/> Kategorie \u200f : \u200e  Herren <\/p>\n<p>Innenmaterial: Fabric<br \/>Sohle: Fabric<br \/>Verschluss: Schn\u00fcrung<br \/>Absatzh\u00f6he: 23 Millimeter<br \/>Absatzform: Plateauabsatz<br \/>Materialzusammensetzung: Synthetic<br \/>\n<br \/>[ad_2]<\/p>\n","protected":false},"excerpt":{"rendered":"<p>Price: [price_with_discount](as of [price_update_date] &#8211; Details) [ad_1] Der Asics GEL-CUMULUS 22 TOKYO wurde zur Feier von Tokyo und Japan in speziellen Farben designed. Dieses Model ist ein super Laufschuh und<\/p>\n","protected":false},"featured_media":53773,"comment_status":"open","ping_status":"closed","template":"","meta":[],"product_cat":[234],"product_tag":[235],"class_list":{"0":"post-53772","1":"product","2":"type-product","3":"status-publish","4":"has-post-thumbnail","6":"product_cat-shoes","7":"product_tag-mens-road-running-shoes","9":"first","10":"instock","11":"shipping-taxable","12":"product-type-external"},"aioseo_notices":[],"_links":{"self":[{"href":"https:\/\/topgetestet.de\/index.php?rest_route=\/wp\/v2\/product\/53772","targetHints":{"allow":["GET"]}}],"collection":[{"href":"https:\/\/topgetestet.de\/index.php?rest_route=\/wp\/v2\/product"}],"about":[{"href":"https:\/\/topgetestet.de\/index.php?rest_route=\/wp\/v2\/types\/product"}],"replies":[{"embeddable":true,"href":"https:\/\/topgetestet.de\/index.php?rest_route=%2Fwp%2Fv2%2Fcomments&post=53772"}],"wp:featuredmedia":[{"embeddable":true,"href":"https:\/\/topgetestet.de\/index.php?rest_route=\/wp\/v2\/media\/53773"}],"wp:attachment":[{"href":"https:\/\/topgetestet.de\/index.php?rest_route=%2Fwp%2Fv2%2Fmedia&parent=53772"}],"wp:term":[{"taxonomy":"product_cat","embeddable":true,"href":"https:\/\/topgetestet.de\/index.php?rest_route=%2Fwp%2Fv2%2Fproduct_cat&post=53772"},{"taxonomy":"product_tag","embeddable":true,"href":"https:\/\/topgetestet.de\/index.php?rest_route=%2Fwp%2Fv2%2Fproduct_tag&post=53772"}],"curies":[{"name":"wp","href":"https:\/\/api.w.org\/{rel}","templated":true}]}}