{"id":53711,"date":"2022-10-06T16:04:22","date_gmt":"2022-10-06T16:04:22","guid":{"rendered":"https:\/\/topgetestet.de\/?product=ecco-damen-terracruise-ii-hiking-shoe"},"modified":"2022-10-06T16:04:22","modified_gmt":"2022-10-06T16:04:22","slug":"ecco-damen-terracruise-ii-hiking-shoe","status":"publish","type":"product","link":"https:\/\/topgetestet.de\/?product=ecco-damen-terracruise-ii-hiking-shoe","title":{"rendered":"ECCO Damen Terracruise Ii Hiking Shoe"},"content":{"rendered":"<p>Price: <span style=\"color:#b12704\">[price_with_discount]<\/span><br \/><i><small>(as of [price_update_date] &#8211; <span class=\"wp_automatic_amazon_disclaimer\" title=\"Product prices and availability are accurate as of the date\/time indicated and are subject to change. Any price and availability information displayed on [relevant Amazon Site(s), as applicable] at the time of purchase will apply to the purchase of this product.\">Details<\/span>)<\/small><\/i><\/p>\n<p><a href=\"https:\/\/amazon.de\/dp\/B08X249G1J?tag=topgetestet09-21\"><img decoding=\"async\" src=\"https:\/\/i.imgur.com\/ISRHEWs.png\"><\/a><br \/>\n[ad_1]<\/p>\n<p>       Von der Marke <\/p>\n<p>             <img decoding=\"async\" alt=\"Background\" src=\"https:\/\/images-na.ssl-images-amazon.com\/images\/G\/01\/x-locale\/common\/grey-pixel.gif\" class=\"a-lazy-loaded\" data-src=\"https:\/\/m.media-amazon.com\/images\/S\/aplus-media\/sota\/3c4014cc-c28a-4772-b7f3-402226845a50.__CR0,0,1464,625_PT0_SX1464_V1___.jpg\"><\/p>\n<p>              <img decoding=\"async\" alt=\"Background\" src=\"https:\/\/m.media-amazon.com\/images\/S\/aplus-media\/sota\/3c4014cc-c28a-4772-b7f3-402226845a50.__CR0,0,1464,625_PT0_SX1464_V1___.jpg\"><\/p>\n<p>                   <img decoding=\"async\" alt=\"Brand Logo\" src=\"https:\/\/images-na.ssl-images-amazon.com\/images\/G\/01\/x-locale\/common\/grey-pixel.gif\" class=\"a-lazy-loaded\" data-src=\"https:\/\/m.media-amazon.com\/images\/S\/aplus-media\/sota\/706b294e-2072-499a-84e8-8adef2498f5e.__CR0,0,630,290_PT0_SX315_V1___.jpg\"><\/p>\n<p>                    <img decoding=\"async\" alt=\"Brand Logo\" src=\"https:\/\/m.media-amazon.com\/images\/S\/aplus-media\/sota\/706b294e-2072-499a-84e8-8adef2498f5e.__CR0,0,630,290_PT0_SX315_V1___.jpg\"><\/p>\n<p> Wir bewegen Menschen seit 1963 <\/p>\n<p> Bei ECCO sind wir \u00fcberzeugt davon, dass Schuhe sich von Anfang an gut anf\u00fchlen sollten und uns der Natur n\u00e4her bringen sollten \u2013 unserer Natur. Aus diesen \u00dcberzeugungen heraus wurde ECCO 1963 gegr\u00fcndet. <\/p>\n<p> Heute ist ECCO ein weltweit agierender Hersteller von innovativen, komfortablen Schuhen f\u00fcr Damen, Herren und Kinder, der d\u00e4nisches Design mit Premium-Leder und hochmodernen Technologien kombiniert. <\/p>\n<p>                   <img decoding=\"async\" alt=\"D\" src=\"https:\/\/images-na.ssl-images-amazon.com\/images\/G\/01\/x-locale\/common\/grey-pixel.gif\" class=\"a-lazy-loaded\" data-src=\"https:\/\/m.media-amazon.com\/images\/S\/aplus-media\/sota\/f0a950c0-8d25-468f-9f45-25ac0c3f4919.__CR0,0,630,290_PT0_SX315_V1___.jpg\"><\/p>\n<p>                    <img decoding=\"async\" alt=\"D\" src=\"https:\/\/m.media-amazon.com\/images\/S\/aplus-media\/sota\/f0a950c0-8d25-468f-9f45-25ac0c3f4919.__CR0,0,630,290_PT0_SX315_V1___.jpg\"><\/p>\n<p> Lederinnovationen vorantreiben <\/p>\n<p> Unser Gr\u00fcnder Karl Toosbuy glaubte, dass hochwertiges Leder der Schl\u00fcssel zu Komfort und Stil ist. <\/p>\n<p> ECCO besitzt und betreibt zahlreiche mit dem Gold-Rating ausgezeichnete Gerbereien in Europa, S\u00fcdostasien und im Fernen Osten. Wir gestalten und entwickeln mit Funktionalit\u00e4t und Performance \u00e4u\u00dferst fortschrittliche und innovative Leder, um sicherzustellen, dass jeder Schuh komfortabel, gut zu tragen und stilvoll ist. <\/p>\n<p>                   <img decoding=\"async\" alt=\"D\" src=\"https:\/\/images-na.ssl-images-amazon.com\/images\/G\/01\/x-locale\/common\/grey-pixel.gif\" class=\"a-lazy-loaded\" data-src=\"https:\/\/m.media-amazon.com\/images\/S\/aplus-media\/sota\/c5fe9bec-0279-4a9e-af7d-606229c1eb79.__CR0,0,630,290_PT0_SX315_V1___.jpg\"><\/p>\n<p>                    <img decoding=\"async\" alt=\"D\" src=\"https:\/\/m.media-amazon.com\/images\/S\/aplus-media\/sota\/c5fe9bec-0279-4a9e-af7d-606229c1eb79.__CR0,0,630,290_PT0_SX315_V1___.jpg\"><\/p>\n<p> Die Form folgt dem Fu\u00df <\/p>\n<p> ECCO setzt eine Vielzahl hochmoderner Innovationen ein, um die komfortabelsten Schuhe zu entwickeln, die man sich vorstellen kann. <\/p>\n<p> Die ECCO FLUIDFORM Technologie mit Direkteinspritzung bildet das Herzst\u00fcck jedes Schuhs und schafft eine integrale, flexible und leichte Verbindung zwischen Obermaterial und Au\u00dfensohle. Das Ergebnis ist ein fein abgestimmtes Gleichgewicht aus Polsterung und Federung bei jedem Schritt. <\/p>\n<p> Auslaufartikel (Produktion durch Hersteller eingestellt) \u200f : \u200e  Nein <br \/> Verpackungsabmessungen \u200f : \u200e  36.1 x 19 x 12.9 cm; 910 Gramm <br \/> Im Angebot von Amazon.de seit \u200f : \u200e  19. Februar 2021 <br \/> Hersteller \u200f : \u200e  Ecco <br \/> ASIN \u200f : \u200e  B08X1FSV89 <br \/> Modellnummer \u200f : \u200e  843064 <br \/> Kategorie \u200f : \u200e  Damen <\/p>\n<p>[ad_2]<\/p>\n","protected":false},"excerpt":{"rendered":"<p>Price: [price_with_discount](as of [price_update_date] &#8211; Details) [ad_1] Von der Marke Wir bewegen Menschen seit 1963 Bei ECCO sind wir \u00fcberzeugt davon, dass Schuhe sich von Anfang an gut anf\u00fchlen sollten<\/p>\n","protected":false},"featured_media":53712,"comment_status":"open","ping_status":"closed","template":"","meta":[],"product_cat":[230],"product_tag":[266],"class_list":{"0":"post-53711","1":"product","2":"type-product","3":"status-publish","4":"has-post-thumbnail","6":"product_cat-fashion","7":"product_tag-womens-fashion-sneakers","9":"first","10":"instock","11":"shipping-taxable","12":"product-type-external"},"aioseo_notices":[],"_links":{"self":[{"href":"https:\/\/topgetestet.de\/index.php?rest_route=\/wp\/v2\/product\/53711","targetHints":{"allow":["GET"]}}],"collection":[{"href":"https:\/\/topgetestet.de\/index.php?rest_route=\/wp\/v2\/product"}],"about":[{"href":"https:\/\/topgetestet.de\/index.php?rest_route=\/wp\/v2\/types\/product"}],"replies":[{"embeddable":true,"href":"https:\/\/topgetestet.de\/index.php?rest_route=%2Fwp%2Fv2%2Fcomments&post=53711"}],"wp:featuredmedia":[{"embeddable":true,"href":"https:\/\/topgetestet.de\/index.php?rest_route=\/wp\/v2\/media\/53712"}],"wp:attachment":[{"href":"https:\/\/topgetestet.de\/index.php?rest_route=%2Fwp%2Fv2%2Fmedia&parent=53711"}],"wp:term":[{"taxonomy":"product_cat","embeddable":true,"href":"https:\/\/topgetestet.de\/index.php?rest_route=%2Fwp%2Fv2%2Fproduct_cat&post=53711"},{"taxonomy":"product_tag","embeddable":true,"href":"https:\/\/topgetestet.de\/index.php?rest_route=%2Fwp%2Fv2%2Fproduct_tag&post=53711"}],"curies":[{"name":"wp","href":"https:\/\/api.w.org\/{rel}","templated":true}]}}