{"id":53642,"date":"2022-10-06T15:54:42","date_gmt":"2022-10-06T15:54:42","guid":{"rendered":"https:\/\/topgetestet.de\/?product=puma-women-hipster-damen-slip-unterwasche-701218976"},"modified":"2022-10-06T15:54:42","modified_gmt":"2022-10-06T15:54:42","slug":"puma-women-hipster-damen-slip-unterwasche-701218976","status":"publish","type":"product","link":"https:\/\/topgetestet.de\/?product=puma-women-hipster-damen-slip-unterwasche-701218976","title":{"rendered":"PUMA Women Hipster Damen Slip Unterw\u00e4sche 701218976"},"content":{"rendered":"<p>Price: <span style=\"color:#b12704\">[price_with_discount]<\/span><br \/><i><small>(as of [price_update_date] &#8211; <span class=\"wp_automatic_amazon_disclaimer\" title=\"Product prices and availability are accurate as of the date\/time indicated and are subject to change. Any price and availability information displayed on [relevant Amazon Site(s), as applicable] at the time of purchase will apply to the purchase of this product.\">Details<\/span>)<\/small><\/i><\/p>\n<p><a href=\"https:\/\/amazon.de\/dp\/B09ZVKD4FL?tag=topgetestet09-21\"><img decoding=\"async\" src=\"https:\/\/i.imgur.com\/ISRHEWs.png\"><\/a><br \/>\n[ad_1]<br \/>\n <span>PUMA bringt mit der Damen-Hose in Wei\u00df ein Produkt heraus, mit dem du grandios ausgestattet bist. Das elastische und bequeme Modell \u00fcberzeugt auf ganzer Linie. Lasse dich von dieser Unterhose des 1948 gegr\u00fcndeten und international etablierten Sportartikelherstellers aus Herzogenaurach \u00fcberzeugen.<br \/> Produktdetails:<\/p>\n<p> Eigenschaften: elastisch, bequem<br \/> 6 St\u00fcck<br \/> Material: 95% Baumwolle, 5% Elasthan<\/span> <br \/>Ausschnitt: default<br \/>Details: default<br \/>Einsatzgebiet: default<br \/>Ereignis: default<br \/>\n<br \/>[ad_2]<\/p>\n","protected":false},"excerpt":{"rendered":"<p>Price: [price_with_discount](as of [price_update_date] &#8211; Details) [ad_1] PUMA bringt mit der Damen-Hose in Wei\u00df ein Produkt heraus, mit dem du grandios ausgestattet bist. Das elastische und bequeme Modell \u00fcberzeugt auf<\/p>\n","protected":false},"featured_media":53643,"comment_status":"open","ping_status":"closed","template":"","meta":[],"product_cat":[232],"product_tag":[],"class_list":{"0":"post-53642","1":"product","2":"type-product","3":"status-publish","4":"has-post-thumbnail","6":"product_cat-women-fashion","8":"first","9":"instock","10":"shipping-taxable","11":"product-type-external"},"aioseo_notices":[],"_links":{"self":[{"href":"https:\/\/topgetestet.de\/index.php?rest_route=\/wp\/v2\/product\/53642","targetHints":{"allow":["GET"]}}],"collection":[{"href":"https:\/\/topgetestet.de\/index.php?rest_route=\/wp\/v2\/product"}],"about":[{"href":"https:\/\/topgetestet.de\/index.php?rest_route=\/wp\/v2\/types\/product"}],"replies":[{"embeddable":true,"href":"https:\/\/topgetestet.de\/index.php?rest_route=%2Fwp%2Fv2%2Fcomments&post=53642"}],"wp:featuredmedia":[{"embeddable":true,"href":"https:\/\/topgetestet.de\/index.php?rest_route=\/wp\/v2\/media\/53643"}],"wp:attachment":[{"href":"https:\/\/topgetestet.de\/index.php?rest_route=%2Fwp%2Fv2%2Fmedia&parent=53642"}],"wp:term":[{"taxonomy":"product_cat","embeddable":true,"href":"https:\/\/topgetestet.de\/index.php?rest_route=%2Fwp%2Fv2%2Fproduct_cat&post=53642"},{"taxonomy":"product_tag","embeddable":true,"href":"https:\/\/topgetestet.de\/index.php?rest_route=%2Fwp%2Fv2%2Fproduct_tag&post=53642"}],"curies":[{"name":"wp","href":"https:\/\/api.w.org\/{rel}","templated":true}]}}