{"id":53537,"date":"2022-10-06T14:18:08","date_gmt":"2022-10-06T14:18:08","guid":{"rendered":"https:\/\/topgetestet.de\/?product=make-up-tools-doppel-burste-augenbrauen-und-augenbrauen-kamm"},"modified":"2022-10-06T14:18:08","modified_gmt":"2022-10-06T14:18:08","slug":"make-up-tools-doppel-burste-augenbrauen-und-augenbrauen-kamm","status":"publish","type":"product","link":"https:\/\/topgetestet.de\/?product=make-up-tools-doppel-burste-augenbrauen-und-augenbrauen-kamm","title":{"rendered":"Make-up Tools Doppel-B\u00fcrste Augenbrauen und Augenbrauen Kamm"},"content":{"rendered":"<p>Price: <span style=\"color:#b12704\">[price_with_discount]<\/span><br \/><i><small>(as of [price_update_date] &#8211; <span class=\"wp_automatic_amazon_disclaimer\" title=\"Product prices and availability are accurate as of the date\/time indicated and are subject to change. Any price and availability information displayed on [relevant Amazon Site(s), as applicable] at the time of purchase will apply to the purchase of this product.\">Details<\/span>)<\/small><\/i><\/p>\n<p><a href=\"https:\/\/amazon.de\/dp\/B077VQZS6F?tag=topgetestet09-21\"><img decoding=\"async\" src=\"https:\/\/i.imgur.com\/ISRHEWs.png\"><\/a><br \/>\n[ad_1]<br \/>\n <span>Artikeltyp: Wimpernpinsel<\/p>\n<p>Material: Holz und Kunstfasern. <br \/>Farbe: wie dargestellt.<\/p>\n<p>Lieferumfang: 1&nbsp;x 2-in-1-Wimpern- und Augenbrauenb\u00fcrste.<\/p>\n<p><\/span> <br \/>Gr\u00f6\u00dfe: 16,5\u00a0cm.<br \/>Zum Formen von Wimpern und Augenbrauen.<br \/>Kompakt und leicht.<br \/>Lieferumfang: 1\u00a0x Wimpernb\u00fcrste.<br \/>\n<br \/>[ad_2]<\/p>\n","protected":false},"excerpt":{"rendered":"<p>Price: [price_with_discount](as of [price_update_date] &#8211; Details) [ad_1] Artikeltyp: Wimpernpinsel Material: Holz und Kunstfasern. Farbe: wie dargestellt. Lieferumfang: 1&nbsp;x 2-in-1-Wimpern- und Augenbrauenb\u00fcrste. Gr\u00f6\u00dfe: 16,5\u00a0cm.Zum Formen von Wimpern und Augenbrauen.Kompakt und leicht.Lieferumfang:<\/p>\n","protected":false},"featured_media":53538,"comment_status":"open","ping_status":"closed","template":"","meta":[],"product_cat":[228],"product_tag":[241],"class_list":{"0":"post-53537","1":"product","2":"type-product","3":"status-publish","4":"has-post-thumbnail","6":"product_cat-beauty","7":"product_tag-makeup-brushes-tools","9":"first","10":"instock","11":"shipping-taxable","12":"product-type-external"},"aioseo_notices":[],"_links":{"self":[{"href":"https:\/\/topgetestet.de\/index.php?rest_route=\/wp\/v2\/product\/53537","targetHints":{"allow":["GET"]}}],"collection":[{"href":"https:\/\/topgetestet.de\/index.php?rest_route=\/wp\/v2\/product"}],"about":[{"href":"https:\/\/topgetestet.de\/index.php?rest_route=\/wp\/v2\/types\/product"}],"replies":[{"embeddable":true,"href":"https:\/\/topgetestet.de\/index.php?rest_route=%2Fwp%2Fv2%2Fcomments&post=53537"}],"wp:featuredmedia":[{"embeddable":true,"href":"https:\/\/topgetestet.de\/index.php?rest_route=\/wp\/v2\/media\/53538"}],"wp:attachment":[{"href":"https:\/\/topgetestet.de\/index.php?rest_route=%2Fwp%2Fv2%2Fmedia&parent=53537"}],"wp:term":[{"taxonomy":"product_cat","embeddable":true,"href":"https:\/\/topgetestet.de\/index.php?rest_route=%2Fwp%2Fv2%2Fproduct_cat&post=53537"},{"taxonomy":"product_tag","embeddable":true,"href":"https:\/\/topgetestet.de\/index.php?rest_route=%2Fwp%2Fv2%2Fproduct_tag&post=53537"}],"curies":[{"name":"wp","href":"https:\/\/api.w.org\/{rel}","templated":true}]}}