{"id":53279,"date":"2022-10-06T08:33:41","date_gmt":"2022-10-06T08:33:41","guid":{"rendered":"https:\/\/topgetestet.de\/?product=esprit-sports-damen-ocs-pants-trainingshose"},"modified":"2022-10-06T08:33:41","modified_gmt":"2022-10-06T08:33:41","slug":"esprit-sports-damen-ocs-pants-trainingshose","status":"publish","type":"product","link":"https:\/\/topgetestet.de\/?product=esprit-sports-damen-ocs-pants-trainingshose","title":{"rendered":"ESPRIT Sports Damen Ocs Pants Trainingshose"},"content":{"rendered":"<p>Price: <span style=\"color:#b12704\">[price_with_discount]<\/span><br \/><i><small>(as of [price_update_date] &#8211; <span class=\"wp_automatic_amazon_disclaimer\" title=\"Product prices and availability are accurate as of the date\/time indicated and are subject to change. Any price and availability information displayed on [relevant Amazon Site(s), as applicable] at the time of purchase will apply to the purchase of this product.\">Details<\/span>)<\/small><\/i><\/p>\n<p><a href=\"https:\/\/amazon.de\/dp\/B0883GG5G4?tag=topgetestet09-21\"><img decoding=\"async\" src=\"https:\/\/i.imgur.com\/ISRHEWs.png\"><\/a><br \/>\n[ad_1]<\/p>\n<p>       Produktbeschreibung des Herstellers <\/p>\n<p>          <img decoding=\"async\" alt=\"Logo\" src=\"https:\/\/images-na.ssl-images-amazon.com\/images\/G\/01\/x-locale\/common\/grey-pixel.gif\" class=\"a-lazy-loaded\" data-src=\"https:\/\/m.media-amazon.com\/images\/S\/aplus-media\/vc\/7507f9b5-3b2a-4620-b28e-884f4fb0a750.__CR8,0,630,189_PT0_SX600_V1___.png\"><\/p>\n<p>           <img decoding=\"async\" alt=\"Logo\" src=\"https:\/\/m.media-amazon.com\/images\/S\/aplus-media\/vc\/7507f9b5-3b2a-4620-b28e-884f4fb0a750.__CR8,0,630,189_PT0_SX600_V1___.png\"><\/p>\n<p>              <img decoding=\"async\" alt=\"Kreislauf\" src=\"https:\/\/images-na.ssl-images-amazon.com\/images\/G\/01\/x-locale\/common\/grey-pixel.gif\" class=\"a-lazy-loaded\" data-src=\"https:\/\/m.media-amazon.com\/images\/S\/aplus-media\/sota\/a596f4d3-dd51-427c-b444-8b6709040531.__CR1,0,429,429_PT0_SX300_V1___.png\"><\/p>\n<p>               <img decoding=\"async\" alt=\"Kreislauf\" src=\"https:\/\/m.media-amazon.com\/images\/S\/aplus-media\/sota\/a596f4d3-dd51-427c-b444-8b6709040531.__CR1,0,429,429_PT0_SX300_V1___.png\"><\/p>\n<h3 class=\"a-spacing-mini\"> Jetzt im Trend: Umdenken <\/h3>\n<p> Es liegt an uns, die Dinge zu ver\u00e4ndern. Wir m\u00f6chten weg von einer linearen Wirtschaft und einer Wegwerfkultur. Und hin zu einer Kreislaufwirtschaft, in der wir respektvoll mit Rohstoffen umgehen. Bist du dabei? Lass uns zusammen den Unterschied machen. <\/p>\n<p>              <img decoding=\"async\" alt=\"Material\" src=\"https:\/\/images-na.ssl-images-amazon.com\/images\/G\/01\/x-locale\/common\/grey-pixel.gif\" class=\"a-spacing-mini a-lazy-loaded\" data-src=\"https:\/\/m.media-amazon.com\/images\/W\/IMAGERENDERING_521856-T2\/images\/S\/aplus-media\/vc\/56aeaab5-ec79-41b9-ab88-399f675b2d7f.__CR71,0,426,426_PT0_SX300_V1___.jpg\"><\/p>\n<p>               <img decoding=\"async\" alt=\"Material\" src=\"https:\/\/m.media-amazon.com\/images\/W\/IMAGERENDERING_521856-T2\/images\/S\/aplus-media\/vc\/56aeaab5-ec79-41b9-ab88-399f675b2d7f.__CR71,0,426,426_PT0_SX300_V1___.jpg\"><\/p>\n<h3 class=\"a-spacing-mini\"> Jeder Schritt z\u00e4hlt <\/h3>\n<p> Aktuell k\u00f6nnen wir bereits 40% unseres Materialbedarfs aus nachhaltigen Quellen beziehen. Tendenz steigend, steigend, steigend. <\/p>\n<p>              <img decoding=\"async\" alt=\"Ressourcen\" src=\"https:\/\/images-na.ssl-images-amazon.com\/images\/G\/01\/x-locale\/common\/grey-pixel.gif\" class=\"a-lazy-loaded\" data-src=\"https:\/\/m.media-amazon.com\/images\/W\/IMAGERENDERING_521856-T2\/images\/S\/aplus-media\/vc\/a1bed86f-8a70-4a1a-ae3b-fe351ef65023.__CR71,0,426,426_PT0_SX300_V1___.jpg\"><\/p>\n<p>               <img decoding=\"async\" alt=\"Ressourcen\" src=\"https:\/\/m.media-amazon.com\/images\/W\/IMAGERENDERING_521856-T2\/images\/S\/aplus-media\/vc\/a1bed86f-8a70-4a1a-ae3b-fe351ef65023.__CR71,0,426,426_PT0_SX300_V1___.jpg\"><\/p>\n<h3 class=\"a-spacing-mini\"> Nutzen, was schon da ist <\/h3>\n<p> Fakt ist: Wir verbrauchen mehr Ressourcen, als uns langfristig zur Verf\u00fcgung stehen werden. Weitergehen kann es so nicht. Schon gar nicht in der Modeindustrie. Wir m\u00f6chten daher immer mehr Textilmaterial recyceln, upcyceln und f\u00fcr die Herstellung eines neuen Produkts wiederverwerten. Und danach noch mal. Und danach noch mal. <\/p>\n<h3 class=\"a-spacing-small\"> I am sustainable <\/h3>\n<p> <img decoding=\"async\" alt=\"Baumwolle\" src=\"https:\/\/images-na.ssl-images-amazon.com\/images\/G\/01\/x-locale\/common\/grey-pixel.gif\" class=\"a-lazy-loaded\" data-src=\"https:\/\/m.media-amazon.com\/images\/W\/IMAGERENDERING_521856-T2\/images\/S\/aplus-media\/vc\/1b3f33bd-65c8-45dd-b43f-c24491c51d8e.__CR0,0,440,440_PT0_SX220_V1___.jpg\">\n                     <\/p>\n<p>                      <img decoding=\"async\" alt=\"Baumwolle\" src=\"https:\/\/m.media-amazon.com\/images\/W\/IMAGERENDERING_521856-T2\/images\/S\/aplus-media\/vc\/1b3f33bd-65c8-45dd-b43f-c24491c51d8e.__CR0,0,440,440_PT0_SX220_V1___.jpg\"><\/p>\n<p> <img decoding=\"async\" alt=\"Denim\" src=\"https:\/\/images-na.ssl-images-amazon.com\/images\/G\/01\/x-locale\/common\/grey-pixel.gif\" class=\"a-lazy-loaded\" data-src=\"https:\/\/m.media-amazon.com\/images\/W\/IMAGERENDERING_521856-T2\/images\/S\/aplus-media\/vc\/1eb90777-bc82-41d8-b25d-b66e4b94baa3.__CR0,0,440,440_PT0_SX220_V1___.jpg\">\n                     <\/p>\n<p>                      <img decoding=\"async\" alt=\"Denim\" src=\"https:\/\/m.media-amazon.com\/images\/W\/IMAGERENDERING_521856-T2\/images\/S\/aplus-media\/vc\/1eb90777-bc82-41d8-b25d-b66e4b94baa3.__CR0,0,440,440_PT0_SX220_V1___.jpg\"><\/p>\n<p> <img decoding=\"async\" alt=\"Tencel\" src=\"https:\/\/images-na.ssl-images-amazon.com\/images\/G\/01\/x-locale\/common\/grey-pixel.gif\" class=\"a-lazy-loaded\" data-src=\"https:\/\/m.media-amazon.com\/images\/W\/IMAGERENDERING_521856-T2\/images\/S\/aplus-media\/vc\/73e2b094-ab24-48c8-8229-6bd818324900.__CR0,0,440,440_PT0_SX220_V1___.jpg\">\n                     <\/p>\n<p>                      <img decoding=\"async\" alt=\"Tencel\" src=\"https:\/\/m.media-amazon.com\/images\/W\/IMAGERENDERING_521856-T2\/images\/S\/aplus-media\/vc\/73e2b094-ab24-48c8-8229-6bd818324900.__CR0,0,440,440_PT0_SX220_V1___.jpg\"><\/p>\n<p> <img decoding=\"async\" alt=\"Denim\" src=\"https:\/\/images-na.ssl-images-amazon.com\/images\/G\/01\/x-locale\/common\/grey-pixel.gif\" class=\"a-lazy-loaded\" data-src=\"https:\/\/m.media-amazon.com\/images\/W\/IMAGERENDERING_521856-T2\/images\/S\/aplus-media\/vc\/84442639-ea08-4dcb-9210-cc72d25879e7.__CR71,0,426,426_PT0_SX220_V1___.jpg\">\n                     <\/p>\n<p>                      <img decoding=\"async\" alt=\"Denim\" src=\"https:\/\/m.media-amazon.com\/images\/W\/IMAGERENDERING_521856-T2\/images\/S\/aplus-media\/vc\/84442639-ea08-4dcb-9210-cc72d25879e7.__CR71,0,426,426_PT0_SX220_V1___.jpg\"><\/p>\n<p>                     Organic Cotton  <\/p>\n<p class=\"a-size-small\"> Wusstest du, dass mehr als 10% der Baumwolle. die wir verwenden, biologisch angebaut wird? <\/p>\n<p class=\"a-size-small\"> Bis 2021 wollen wir 100% nachhaltige Baumwolle verwenden, einschlie\u00dflich Bio-Baumwolle, recycelte Baumwolle und Baumwolle aus der Better Cotton Initiative! <\/p>\n<p>                     Recycled Cotton  <\/p>\n<p class=\"a-size-small\"> Wir verwenden recycelte Baumwolle aus Stoffresten, mit dem Ziel unn\u00f6tige Abf\u00e4lle zu vermeiden. Alle Produkte, die als \u201cRecycled\u201d gekennzeichnet sind, bestehen zu mindestens 20% aus recycelter Baumwolle. <\/p>\n<p>                     Tencel Lyocell  <\/p>\n<p class=\"a-size-small\"> Tencel ist eine nat\u00fcrliche und nachhaltige Cellulosefaser, die bis zu 100% abbaubar ist. Besondere Eigenschaften sind: Glattes, weiches &amp; k\u00fchles Tragegef\u00fchl! <\/p>\n<p class=\"a-size-small\"> Wir verwenden es f\u00fcr Sommer-Denim-\u00e4hnliche Stoffe. <\/p>\n<p>                     The Better Denim  <\/p>\n<p class=\"a-size-small\"> Better fit. Better feel. Better for the world. Wir verwenden f\u00fcr viele Jeans Bio-Baumwolle oder recycelte Materialien. <\/p>\n<p>[ad_2]<\/p>\n","protected":false},"excerpt":{"rendered":"<p>Price: [price_with_discount](as of [price_update_date] &#8211; Details) [ad_1] Produktbeschreibung des Herstellers Jetzt im Trend: Umdenken Es liegt an uns, die Dinge zu ver\u00e4ndern. Wir m\u00f6chten weg von einer linearen Wirtschaft und<\/p>\n","protected":false},"featured_media":53280,"comment_status":"open","ping_status":"closed","template":"","meta":[],"product_cat":[232],"product_tag":[],"class_list":{"0":"post-53279","1":"product","2":"type-product","3":"status-publish","4":"has-post-thumbnail","6":"product_cat-women-fashion","8":"first","9":"instock","10":"shipping-taxable","11":"product-type-external"},"aioseo_notices":[],"_links":{"self":[{"href":"https:\/\/topgetestet.de\/index.php?rest_route=\/wp\/v2\/product\/53279","targetHints":{"allow":["GET"]}}],"collection":[{"href":"https:\/\/topgetestet.de\/index.php?rest_route=\/wp\/v2\/product"}],"about":[{"href":"https:\/\/topgetestet.de\/index.php?rest_route=\/wp\/v2\/types\/product"}],"replies":[{"embeddable":true,"href":"https:\/\/topgetestet.de\/index.php?rest_route=%2Fwp%2Fv2%2Fcomments&post=53279"}],"wp:featuredmedia":[{"embeddable":true,"href":"https:\/\/topgetestet.de\/index.php?rest_route=\/wp\/v2\/media\/53280"}],"wp:attachment":[{"href":"https:\/\/topgetestet.de\/index.php?rest_route=%2Fwp%2Fv2%2Fmedia&parent=53279"}],"wp:term":[{"taxonomy":"product_cat","embeddable":true,"href":"https:\/\/topgetestet.de\/index.php?rest_route=%2Fwp%2Fv2%2Fproduct_cat&post=53279"},{"taxonomy":"product_tag","embeddable":true,"href":"https:\/\/topgetestet.de\/index.php?rest_route=%2Fwp%2Fv2%2Fproduct_tag&post=53279"}],"curies":[{"name":"wp","href":"https:\/\/api.w.org\/{rel}","templated":true}]}}