{"id":53203,"date":"2022-10-06T08:19:09","date_gmt":"2022-10-06T08:19:09","guid":{"rendered":"https:\/\/topgetestet.de\/?product=kappa-unisex-matera-xl-men-strasen-laufschuh-2"},"modified":"2022-10-06T08:19:09","modified_gmt":"2022-10-06T08:19:09","slug":"kappa-unisex-matera-xl-men-strasen-laufschuh-2","status":"publish","type":"product","link":"https:\/\/topgetestet.de\/?product=kappa-unisex-matera-xl-men-strasen-laufschuh-2","title":{"rendered":"Kappa Unisex Matera XL Men Stra\u00dfen-Laufschuh"},"content":{"rendered":"<p>Price: <span style=\"color:#b12704\">[price_with_discount]<\/span><br \/><i><small>(as of [price_update_date] &#8211; <span class=\"wp_automatic_amazon_disclaimer\" title=\"Product prices and availability are accurate as of the date\/time indicated and are subject to change. Any price and availability information displayed on [relevant Amazon Site(s), as applicable] at the time of purchase will apply to the purchase of this product.\">Details<\/span>)<\/small><\/i><\/p>\n<p><a href=\"https:\/\/amazon.de\/dp\/B08W5CYGB1?tag=topgetestet09-21\"><img decoding=\"async\" src=\"https:\/\/i.imgur.com\/ISRHEWs.png\"><\/a><br \/>\n[ad_1]<br \/>\n <span>Dieser sportliche Sneaker von Kappa ist im angesagten Retrodesign gestaltet und damit vielseitig kombinierbar. Der komfortabel gepolsterte Einsteig gestaltet das Anziehen und das Tragen angenehm. Die flexible Laufsohle verspricht ein gutes Abrollverhalten und ist mit einer leichten Profilierung versehen. Das Obermatrial aus pflegeleichtem Synthetik macht den Sportschuh besonders robust und langlebig, w\u00e4hrend die Mesh-Innenausstattung f\u00fcr ein gutes Fu\u00dfklima sorgt. Die Sneakers passen zu Jeans, genau so wie zu Jog-Pants und k\u00f6nnen so mit nahezu jedem Oberteil kombiniert werden. Immer gut zu Fu\u00df mit dem Sneaker von Kappa.<\/span> <br \/> Verpackungsabmessungen \u200f : \u200e  30.2 x 21.3 x 11 cm; 690 Gramm <br \/> Im Angebot von Amazon.de seit \u200f : \u200e  8. Februar 2021 <br \/> Hersteller \u200f : \u200e  Kappa <br \/> ASIN \u200f : \u200e  B08W5F9Q71 <br \/> Modellnummer \u200f : \u200e  243042 <br \/> Kategorie \u200f : \u200e  Unisex <\/p>\n<p>Innenmaterial: Synthetik<br \/>Sohle: Synthetik<br \/>Verschluss: Pull On<br \/>Absatzh\u00f6he: 3 cm<br \/>Absatzform: Flach<br \/>Materialzusammensetzung: Synthetik<br \/>\n<br \/>[ad_2]<\/p>\n","protected":false},"excerpt":{"rendered":"<p>Price: [price_with_discount](as of [price_update_date] &#8211; Details) [ad_1] Dieser sportliche Sneaker von Kappa ist im angesagten Retrodesign gestaltet und damit vielseitig kombinierbar. Der komfortabel gepolsterte Einsteig gestaltet das Anziehen und das<\/p>\n","protected":false},"featured_media":53204,"comment_status":"open","ping_status":"closed","template":"","meta":[],"product_cat":[234],"product_tag":[235],"class_list":{"0":"post-53203","1":"product","2":"type-product","3":"status-publish","4":"has-post-thumbnail","6":"product_cat-shoes","7":"product_tag-mens-road-running-shoes","9":"first","10":"instock","11":"shipping-taxable","12":"product-type-external"},"aioseo_notices":[],"_links":{"self":[{"href":"https:\/\/topgetestet.de\/index.php?rest_route=\/wp\/v2\/product\/53203","targetHints":{"allow":["GET"]}}],"collection":[{"href":"https:\/\/topgetestet.de\/index.php?rest_route=\/wp\/v2\/product"}],"about":[{"href":"https:\/\/topgetestet.de\/index.php?rest_route=\/wp\/v2\/types\/product"}],"replies":[{"embeddable":true,"href":"https:\/\/topgetestet.de\/index.php?rest_route=%2Fwp%2Fv2%2Fcomments&post=53203"}],"wp:featuredmedia":[{"embeddable":true,"href":"https:\/\/topgetestet.de\/index.php?rest_route=\/wp\/v2\/media\/53204"}],"wp:attachment":[{"href":"https:\/\/topgetestet.de\/index.php?rest_route=%2Fwp%2Fv2%2Fmedia&parent=53203"}],"wp:term":[{"taxonomy":"product_cat","embeddable":true,"href":"https:\/\/topgetestet.de\/index.php?rest_route=%2Fwp%2Fv2%2Fproduct_cat&post=53203"},{"taxonomy":"product_tag","embeddable":true,"href":"https:\/\/topgetestet.de\/index.php?rest_route=%2Fwp%2Fv2%2Fproduct_tag&post=53203"}],"curies":[{"name":"wp","href":"https:\/\/api.w.org\/{rel}","templated":true}]}}