{"id":52855,"date":"2022-10-05T21:33:26","date_gmt":"2022-10-05T21:33:26","guid":{"rendered":"https:\/\/topgetestet.de\/?product=urban-classics-damen-t-shirt"},"modified":"2022-10-05T21:33:26","modified_gmt":"2022-10-05T21:33:26","slug":"urban-classics-damen-t-shirt","status":"publish","type":"product","link":"https:\/\/topgetestet.de\/?product=urban-classics-damen-t-shirt","title":{"rendered":"Urban Classics Damen T-Shirt"},"content":{"rendered":"<p>Price: <span style=\"color:#b12704\">[price_with_discount]<\/span><br \/><i><small>(as of [price_update_date] &#8211; <span class=\"wp_automatic_amazon_disclaimer\" title=\"Product prices and availability are accurate as of the date\/time indicated and are subject to change. Any price and availability information displayed on [relevant Amazon Site(s), as applicable] at the time of purchase will apply to the purchase of this product.\">Details<\/span>)<\/small><\/i><\/p>\n<p><a href=\"https:\/\/amazon.de\/dp\/B083MCH246?tag=topgetestet09-21\"><img decoding=\"async\" src=\"https:\/\/i.imgur.com\/ISRHEWs.png\"><\/a><br \/>\n[ad_1]<br \/>\n <span>Es braucht nur ein paar feine Details, damit aus einem einfachen Shirt ein echtes Lieblingsteil wird. Das Ladies Extended Shoulder Tee aus 100 % Baumwolle hat es mit l\u00e4ssig fallendem Drop-Shoulder-Schnitt und stylischen Turn-up-\u00c4rmeln l\u00e4ngst zum Urban Classics Bestseller gebracht \u2013 zu Recht, denn im Alltag kannst du dieses entspannte Shirt beinahe universell zu sportlichen Looks kombinieren.<\/span>  <br \/> Package Dimensions                                    \u200f                                        :                                    \u200e                                 36.07 x 28.7 x 2.79 cm; 270 Grams <br \/> Date First Available                                    \u200f                                        :                                    \u200e                                 8 Jan. 2020 <br \/> Manufacturer                                    \u200f                                        :                                    \u200e                                 Urban Classics <br \/> ASIN                                    \u200f                                        :                                    \u200e                                 B083MBHYHW <br \/> Item model number                                    \u200f                                        :                                    \u200e                                 TB771A <br \/> Department                                    \u200f                                        :                                    \u200e                                 Women&#8217;s <\/p>\n<p>Urban Classics T-shirt, Normal Cut, U-Boat neckline, Durable Materials.<br \/>Collar Style: Einteiliger Kragen<br \/>Kurzarm<br \/>Closure: Pull-On<br \/>Shell fabric 1: 100% cotton, single jersey, 140 GSM<br \/>Regular Fit<br \/>\n<br \/>[ad_2]<\/p>\n","protected":false},"excerpt":{"rendered":"<p>Price: [price_with_discount](as of [price_update_date] &#8211; Details) [ad_1] Es braucht nur ein paar feine Details, damit aus einem einfachen Shirt ein echtes Lieblingsteil wird. Das Ladies Extended Shoulder Tee aus 100<\/p>\n","protected":false},"featured_media":52856,"comment_status":"open","ping_status":"closed","template":"","meta":[],"product_cat":[232],"product_tag":[],"class_list":{"0":"post-52855","1":"product","2":"type-product","3":"status-publish","4":"has-post-thumbnail","6":"product_cat-women-fashion","8":"first","9":"instock","10":"shipping-taxable","11":"product-type-external"},"aioseo_notices":[],"_links":{"self":[{"href":"https:\/\/topgetestet.de\/index.php?rest_route=\/wp\/v2\/product\/52855","targetHints":{"allow":["GET"]}}],"collection":[{"href":"https:\/\/topgetestet.de\/index.php?rest_route=\/wp\/v2\/product"}],"about":[{"href":"https:\/\/topgetestet.de\/index.php?rest_route=\/wp\/v2\/types\/product"}],"replies":[{"embeddable":true,"href":"https:\/\/topgetestet.de\/index.php?rest_route=%2Fwp%2Fv2%2Fcomments&post=52855"}],"wp:featuredmedia":[{"embeddable":true,"href":"https:\/\/topgetestet.de\/index.php?rest_route=\/wp\/v2\/media\/52856"}],"wp:attachment":[{"href":"https:\/\/topgetestet.de\/index.php?rest_route=%2Fwp%2Fv2%2Fmedia&parent=52855"}],"wp:term":[{"taxonomy":"product_cat","embeddable":true,"href":"https:\/\/topgetestet.de\/index.php?rest_route=%2Fwp%2Fv2%2Fproduct_cat&post=52855"},{"taxonomy":"product_tag","embeddable":true,"href":"https:\/\/topgetestet.de\/index.php?rest_route=%2Fwp%2Fv2%2Fproduct_tag&post=52855"}],"curies":[{"name":"wp","href":"https:\/\/api.w.org\/{rel}","templated":true}]}}