{"id":52622,"date":"2022-10-05T09:47:34","date_gmt":"2022-10-05T09:47:34","guid":{"rendered":"https:\/\/topgetestet.de\/?product=morgenstern-bademantel-damen-kapuze-baumwolle-frottee-velours-lang"},"modified":"2022-10-05T09:47:34","modified_gmt":"2022-10-05T09:47:34","slug":"morgenstern-bademantel-damen-kapuze-baumwolle-frottee-velours-lang","status":"publish","type":"product","link":"https:\/\/topgetestet.de\/?product=morgenstern-bademantel-damen-kapuze-baumwolle-frottee-velours-lang","title":{"rendered":"Morgenstern\u00a0Bademantel Damen Kapuze Baumwolle Frottee Velours Lang"},"content":{"rendered":"<p>Price: <span style=\"color:#b12704\">[price_with_discount]<\/span><br \/><i><small>(as of [price_update_date] &#8211; <span class=\"wp_automatic_amazon_disclaimer\" title=\"Product prices and availability are accurate as of the date\/time indicated and are subject to change. Any price and availability information displayed on [relevant Amazon Site(s), as applicable] at the time of purchase will apply to the purchase of this product.\">Details<\/span>)<\/small><\/i><\/p>\n<p><a href=\"https:\/\/amazon.de\/dp\/B0B3Y7QK6S?tag=topgetestet09-21\"><img decoding=\"async\" src=\"https:\/\/i.imgur.com\/ISRHEWs.png\"><\/a><br \/>\n[ad_1]<\/p>\n<p>       Produktinformation <\/p>\n<p>          <img decoding=\"async\" alt=\"leonie\" src=\"https:\/\/images-na.ssl-images-amazon.com\/images\/G\/01\/x-locale\/common\/grey-pixel.gif\" class=\"a-spacing-base a-lazy-loaded\" data-src=\"https:\/\/m.media-amazon.com\/images\/S\/aplus-media\/sc\/48a55b78-4f33-47dd-b835-ef4a1fa06aca.__CR0,0,970,600_PT0_SX970_V1___.png\"><\/p>\n<p>           <img decoding=\"async\" alt=\"leonie\" src=\"https:\/\/m.media-amazon.com\/images\/S\/aplus-media\/sc\/48a55b78-4f33-47dd-b835-ef4a1fa06aca.__CR0,0,970,600_PT0_SX970_V1___.png\"><\/p>\n<h3 class=\"a-spacing-mini\"> Morgenstern &#8211; Velours Bademantel f\u00fcr Damen mit Kapuze aus Baumwolle <\/h3>\n<p class=\"a-spacing-base\"> Ein Bademantel f\u00fcr alle Gelegenheiten: zu Hause, Spa, Sauna, Strand oder Schwimmbad <\/p>\n<p class=\"a-spacing-base\">\n<p>           Aus reiner Baumwolle<br \/>\n           Mit Velours gef\u00fctterte Kapuze<br \/>\n           Weich<br \/>\n           Saugstarke Frottierschlingen auf der Innenseite<br \/>\n           Samtiges Velours auf der Au\u00dfenseite<br \/>\n           Mittelschweres Gewicht (330 g\/m2)<br \/>\n           2 Taschen<br \/>\n           1 extra Rei\u00dfverschlusstasche<br \/>\n           G\u00fcrtel<br \/>\n           Einfach zu waschen<\/p>\n<p>          <img decoding=\"async\" alt=\"leonie bademantel kapuze damen\" src=\"https:\/\/images-na.ssl-images-amazon.com\/images\/G\/01\/x-locale\/common\/grey-pixel.gif\" class=\"a-spacing-base a-lazy-loaded\" data-src=\"https:\/\/m.media-amazon.com\/images\/S\/aplus-media\/sc\/bdb37469-b51d-43ee-9ee9-fca624198141.__CR0,0,970,600_PT0_SX970_V1___.png\"><\/p>\n<p>           <img decoding=\"async\" alt=\"leonie bademantel kapuze damen\" src=\"https:\/\/m.media-amazon.com\/images\/S\/aplus-media\/sc\/bdb37469-b51d-43ee-9ee9-fca624198141.__CR0,0,970,600_PT0_SX970_V1___.png\"><\/p>\n<h3 class=\"a-spacing-mini\"> Hinweise zur Gr\u00f6\u00dfe <\/h3>\n<p class=\"a-spacing-base\"> Bequeme Passform <\/p>\n<p class=\"a-spacing-base\"> Der Bademantel f\u00e4llt eher locker und bequem aus. Die R\u00fcckenl\u00e4nge des Bademantels betr\u00e4gt 120 cm. Bei kleineren Frauen ist der Bademantel kn\u00f6chellang, bei gr\u00f6\u00dferen Frauen wadenlang. Je nach Waschtemperatur kann der Bademantel leicht einlaufen. <\/p>\n<p class=\"a-spacing-base\"> Information Gr\u00f6\u00dfe <\/p>\n<p class=\"a-spacing-base\">\n<p>           Gr\u00f6\u00dfe S entspricht ca. 36\/38: R\u00fcckenl\u00e4nge 120 cm; \u00c4rmell\u00e4nge 58 cm; Brustumfang 106 cm.<br \/>\n           Gr\u00f6\u00dfe M entspricht ca. 40\/42: R\u00fcckenl\u00e4nge 120 cm; \u00c4rmell\u00e4nge 60 cm; Brustumfang 114 cm.<br \/>\n           Gr\u00f6\u00dfe L entspricht ca. 44\/46: R\u00fcckenl\u00e4nge 120 cm; \u00c4rmell\u00e4nge 62 cm; Brustumfang 122 cm.<br \/>\n           Gr\u00f6\u00dfe XL entspricht ca. 48\/50: R\u00fcckenl\u00e4nge 120 cm; \u00c4rmell\u00e4nge 64 cm; Brustumfang 134 cm.<\/p>\n<p>          <img decoding=\"async\" alt=\"Velours Frottier\" src=\"https:\/\/images-na.ssl-images-amazon.com\/images\/G\/01\/x-locale\/common\/grey-pixel.gif\" class=\"a-spacing-base a-lazy-loaded\" data-src=\"https:\/\/m.media-amazon.com\/images\/S\/aplus-media-library-service-media\/1fc8e8df-fe23-4f26-b407-daad5706fd28.__CR0,0,970,600_PT0_SX970_V1___.png\"><\/p>\n<p>           <img decoding=\"async\" alt=\"Velours Frottier\" src=\"https:\/\/m.media-amazon.com\/images\/S\/aplus-media-library-service-media\/1fc8e8df-fe23-4f26-b407-daad5706fd28.__CR0,0,970,600_PT0_SX970_V1___.png\"><\/p>\n<h3 class=\"a-spacing-mini\"> Mittelschweres Frotteevelours aus reiner Baumwolle <\/h3>\n<p class=\"a-spacing-base\"> Die Frottee-Schlingen auf der Innenseite nehmen im Nu die Feuchtigkeit von Ihrer Haut. Nach dem Bad oder der Dusche f\u00fchlen Sie sich sogleich trocken und behaglich eingeh\u00fcllt. Das samtweiche Velours auf der Au\u00dfenseite macht Ihren neuen Bademantel sch\u00f6n leicht. Je nach Gr\u00f6\u00dfe wiegt der Bademantel nur zwischen 1,1 und 1,4 kg, dadurch k\u00f6nnen Sie den Bademantel leicht zum Schwimmbad oder Strand mitnehmen. <\/p>\n<p>          <img decoding=\"async\" alt=\"Leonie Details\" src=\"https:\/\/images-na.ssl-images-amazon.com\/images\/G\/01\/x-locale\/common\/grey-pixel.gif\" class=\"a-spacing-base a-lazy-loaded\" data-src=\"https:\/\/m.media-amazon.com\/images\/S\/aplus-media-library-service-media\/3d2e7a7c-5ac5-4d42-bf7f-8655bb63c07a.__CR0,0,970,600_PT0_SX970_V1___.png\"><\/p>\n<p>           <img decoding=\"async\" alt=\"Leonie Details\" src=\"https:\/\/m.media-amazon.com\/images\/S\/aplus-media-library-service-media\/3d2e7a7c-5ac5-4d42-bf7f-8655bb63c07a.__CR0,0,970,600_PT0_SX970_V1___.png\"><\/p>\n<h3 class=\"a-spacing-mini\"> Sch\u00f6ne Details <\/h3>\n<p class=\"a-spacing-base\"> Mit Velours gef\u00fctterte Kapuze <\/p>\n<p class=\"a-spacing-base\"> Die mit Velours gef\u00fctterte Kapuze werden Sie w\u00e4hrend eines Saunabesuches zu sch\u00e4tzen wissen. Sie sch\u00fctzt bei nassem Haar Ihren Kopf vor Zugluft. Zus\u00e4tzlich schenkt Ihnen eine Kapuze im Ruheraum Intimsph\u00e4re und bewahrt Sie vor allzu neugierigen Blicken. <\/p>\n<p class=\"a-spacing-base\"> Extratasche mit Rei\u00dfverschluss zur Aufbewahrung von Kleinigkeiten <\/p>\n<p class=\"a-spacing-base\"> Auf der Vorderseite des Bademantels befinden sich zwei ger\u00e4umige Taschen. Eine davon besitzt ein Extrafach mit Rei\u00dfverschluss. Hier k\u00f6nnen der Kabinenschl\u00fcssel, etwas Kleingeld oder die Zimmerkarte gut aufbewahrt werden, ohne herauszufallen. <\/p>\n<p>          <img decoding=\"async\" alt=\"W\u00e4sche\" src=\"https:\/\/images-na.ssl-images-amazon.com\/images\/G\/01\/x-locale\/common\/grey-pixel.gif\" class=\"a-spacing-base a-lazy-loaded\" data-src=\"https:\/\/m.media-amazon.com\/images\/S\/aplus-media-library-service-media\/d9c705d2-c527-4d94-a852-b7a0844b4d19.__CR0,0,970,600_PT0_SX970_V1___.png\"><\/p>\n<p>           <img decoding=\"async\" alt=\"W\u00e4sche\" src=\"https:\/\/m.media-amazon.com\/images\/S\/aplus-media-library-service-media\/d9c705d2-c527-4d94-a852-b7a0844b4d19.__CR0,0,970,600_PT0_SX970_V1___.png\"><\/p>\n<h3 class=\"a-spacing-mini\"> Einfache Pflege und auf Schadstoffe gepr\u00fcfte Qualit\u00e4t <\/h3>\n<p class=\"a-spacing-base\"> Pflegehinweis <\/p>\n<p class=\"a-spacing-base\"> Der Bademantel kann ganz einfach in der Waschmaschine gewaschen werden. Im W\u00e4schetrockner wird er besonders weich. Benutzen Sie bitte keinen Weichsp\u00fcler, da dieser die Saugkraft mindert und zu Flusenbildung f\u00fchren kann. Sollten Schlingen oder F\u00e4den abstehen, so k\u00f6nnen diese vorsichtig mit einer Schere entfernt werden. Bitte beachten Sie das Pflegeetikett. Bei einer zu hei\u00dfen Waschtemperatur kann der Bademantel einlaufen. <\/p>\n<p class=\"a-spacing-base\"> Auf Schadstoffe gepr\u00fcft <\/p>\n<p class=\"a-spacing-base\"> Der Bademantel wurde auf Schadstoffe gepr\u00fcft. Das ist gut f\u00fcr die Umwelt und f\u00fcr Ihre Gesundheit: STANDARD 100 by OEKO-TEX; Zertifikatsnummer 08.0.64056 Hohenstein HHTI. <\/p>\n<p>          <img decoding=\"async\" alt=\"Leben\" src=\"https:\/\/images-na.ssl-images-amazon.com\/images\/G\/01\/x-locale\/common\/grey-pixel.gif\" class=\"a-spacing-base a-lazy-loaded\" data-src=\"https:\/\/m.media-amazon.com\/images\/S\/aplus-media\/sc\/01a2709c-95b4-405d-aa89-d581a83344f4.__CR0,0,970,600_PT0_SX970_V1___.png\"><\/p>\n<p>           <img decoding=\"async\" alt=\"Leben\" src=\"https:\/\/m.media-amazon.com\/images\/S\/aplus-media\/sc\/01a2709c-95b4-405d-aa89-d581a83344f4.__CR0,0,970,600_PT0_SX970_V1___.png\"><\/p>\n<h3 class=\"a-spacing-mini\"> Morgenstern &#8211; Firmenportrait <\/h3>\n<p class=\"a-spacing-base\"> Unser Familien-Unternehmen wurde 1995 gegr\u00fcndet. Wir designen unsere Produkte in Deutschland und lassen sie international herstellen. Unser Ziel ist es, langlebige Textilien in hochwertiger Verarbeitung anzubieten. Hierbei legen wir gr\u00f6\u00dften Wert auf die Schadstoffpr\u00fcfung unserer Kollektion durch Standard 100 by Oeko-Tex. Wir m\u00f6chten, dass Sie sich in unserer Mode wohlf\u00fchlen. Getreu unserem Motto: Das Leben ist sch\u00f6n. <\/p>\n<p class=\"a-spacing-base\"> Herzliche Gr\u00fc\u00dfe <\/p>\n<p class=\"a-spacing-base\"> Ihre Familie Morgenstern und Ihr Morgenstern-Team <\/p>\n<p>                 Velours<br \/>\n                 \u2713<br \/>\n                 \u2713<br \/>\n                 \u2713<br \/>\n                 \u2713<br \/>\n                 \u2713<br \/>\n                 \u2713   <\/p>\n<p>                 Kapuze<br \/>\n                 \u2713   <\/p>\n<p>                 \u2713<br \/>\n                 \u2713<br \/>\n                 \u2713   <\/p>\n<p> Verpackungsabmessungen \u200f : \u200e  35.79 x 28.19 x 10.19 cm; 1.16 Kilogramm <br \/> Im Angebot von Amazon.de seit \u200f : \u200e  22. Oktober 2018 <br \/> Hersteller \u200f : \u200e  Morgenstern <br \/> ASIN \u200f : \u200e  B07JL8JPXD <br \/> Herstellerreferenz \u200f : \u200e  Morgenstern 5744-11-01 <br \/> Kategorie \u200f : \u200e  Damen <\/p>\n<p>REGULAR FIT: Bequeme, lockere Passform f\u00fcr Frauen. Wadenlang. Gr\u00f6\u00dfe XS entspricht in etwa 34: R\u00fcckenl\u00e4nge 120 cm; \u00c4rmell\u00e4nge 56 cm; Brustumfang 98 cm.<br \/>Verschluss: Bindeg\u00fcrtel<br \/>100% Baumwolle<br \/>Pflegehinweis: Bis zu 40\u00b0 C waschbar, trocknergeeignet<br \/>DETAILS: Gef\u00fctterte Kapuze, 2 Taschen, Extrafach mit Rei\u00dfverschluss f\u00fcr Kleinigkeiten, Schlaufe zum Aufh\u00e4ngen.<br \/>WEICH &#038; SAUGF\u00c4HIG: Nat\u00fcrlich weicher Baumwollstoff. Gute Saugkraft.<br \/>WELLNESS: Ideal f\u00fcr Wellness, Sauna, Spa, Zuhause, Erholung.<br \/>\n<br \/>[ad_2]<\/p>\n","protected":false},"excerpt":{"rendered":"<p>Price: [price_with_discount](as of [price_update_date] &#8211; Details) [ad_1] Produktinformation Morgenstern &#8211; Velours Bademantel f\u00fcr Damen mit Kapuze aus Baumwolle Ein Bademantel f\u00fcr alle Gelegenheiten: zu Hause, Spa, Sauna, Strand oder Schwimmbad<\/p>\n","protected":false},"featured_media":52623,"comment_status":"open","ping_status":"closed","template":"","meta":[],"product_cat":[232],"product_tag":[],"class_list":{"0":"post-52622","1":"product","2":"type-product","3":"status-publish","4":"has-post-thumbnail","6":"product_cat-women-fashion","8":"first","9":"instock","10":"shipping-taxable","11":"product-type-external"},"aioseo_notices":[],"_links":{"self":[{"href":"https:\/\/topgetestet.de\/index.php?rest_route=\/wp\/v2\/product\/52622","targetHints":{"allow":["GET"]}}],"collection":[{"href":"https:\/\/topgetestet.de\/index.php?rest_route=\/wp\/v2\/product"}],"about":[{"href":"https:\/\/topgetestet.de\/index.php?rest_route=\/wp\/v2\/types\/product"}],"replies":[{"embeddable":true,"href":"https:\/\/topgetestet.de\/index.php?rest_route=%2Fwp%2Fv2%2Fcomments&post=52622"}],"wp:featuredmedia":[{"embeddable":true,"href":"https:\/\/topgetestet.de\/index.php?rest_route=\/wp\/v2\/media\/52623"}],"wp:attachment":[{"href":"https:\/\/topgetestet.de\/index.php?rest_route=%2Fwp%2Fv2%2Fmedia&parent=52622"}],"wp:term":[{"taxonomy":"product_cat","embeddable":true,"href":"https:\/\/topgetestet.de\/index.php?rest_route=%2Fwp%2Fv2%2Fproduct_cat&post=52622"},{"taxonomy":"product_tag","embeddable":true,"href":"https:\/\/topgetestet.de\/index.php?rest_route=%2Fwp%2Fv2%2Fproduct_tag&post=52622"}],"curies":[{"name":"wp","href":"https:\/\/api.w.org\/{rel}","templated":true}]}}