{"id":52611,"date":"2022-10-05T09:46:33","date_gmt":"2022-10-05T09:46:33","guid":{"rendered":"https:\/\/topgetestet.de\/?product=puma-damen-carina-2-0-mid-wtr-sneaker"},"modified":"2022-10-05T09:46:33","modified_gmt":"2022-10-05T09:46:33","slug":"puma-damen-carina-2-0-mid-wtr-sneaker","status":"publish","type":"product","link":"https:\/\/topgetestet.de\/?product=puma-damen-carina-2-0-mid-wtr-sneaker","title":{"rendered":"PUMA Damen Carina 2.0 Mid WTR Sneaker"},"content":{"rendered":"<p>Price: <span style=\"color:#b12704\">[price_with_discount]<\/span><br \/><i><small>(as of [price_update_date] &#8211; <span class=\"wp_automatic_amazon_disclaimer\" title=\"Product prices and availability are accurate as of the date\/time indicated and are subject to change. Any price and availability information displayed on [relevant Amazon Site(s), as applicable] at the time of purchase will apply to the purchase of this product.\">Details<\/span>)<\/small><\/i><\/p>\n<p><a href=\"https:\/\/amazon.de\/dp\/B09L5HM8QP?tag=topgetestet09-21\"><img decoding=\"async\" src=\"https:\/\/i.imgur.com\/ISRHEWs.png\"><\/a><br \/>\n[ad_1]<br \/>\n <span>In Anlehnung an das Design aus den 80er-Jahren hat der Carina 2.0 die entspannte Sneaker-Atmosph\u00e4re kalifornischer Strandst\u00e4dte. Mit dem Carina 2.0 Mid WTR haben wir die sommerliche Tennissilhouette f\u00fcr die k\u00e4lteren Monate angepasst, damit du das ganze Jahr \u00fcber deinen Lieblingslook tragen kannst. Er verf\u00fcgt \u00fcber einen mittelgeschnittenen Einstieg f\u00fcr zus\u00e4tzliche Bedeckung sowie ein weiches Futter, um deine F\u00fc\u00dfe gut zu halten. Breitere vertikale Linien auf der Mittelsohle und Perforationen auf dem Schuhblatt bringen subtile urbane Akzente. Recycelte Bestandteile: Hergestellt aus mindestens 20&nbsp;prozent recyceltem Material als Schritt in eine bessere Zukunft. SOFTFOAM+: Step-in-Komfort-Einlegesohle, die dank der extradicken Ferse f\u00fcr eine weiche D\u00e4mpfung sorgt. Obermaterial aus Leder mit perforiertem Schuhblatt. Mittelhoch geschnittener Einstieg mit Klettverschluss-Riemen. Gummi-Zwischensohle mit breiteren vertikalen Linien. Gummilaufsohle. PUMA Formstreifen an der Innen- und Au\u00dfenseite. PUMA Cat Logo auf der R\u00fcckseite. PUMA Cat Logo auf der R\u00fcckseite.<\/span> <br \/> Produktabmessungen \u200f : \u200e  30 x 20 x 10 cm; 750 Gramm <br \/> Im Angebot von Amazon.de seit \u200f : \u200e  6. November 2021 <br \/> Hersteller \u200f : \u200e  PUMA <br \/> ASIN \u200f : \u200e  B09L5JTWWY <br \/> Modellnummer \u200f : \u200e  385852 <br \/> Kategorie \u200f : \u200e  Damen <\/p>\n<p>[ad_2]<\/p>\n","protected":false},"excerpt":{"rendered":"<p>Price: [price_with_discount](as of [price_update_date] &#8211; Details) [ad_1] In Anlehnung an das Design aus den 80er-Jahren hat der Carina 2.0 die entspannte Sneaker-Atmosph\u00e4re kalifornischer Strandst\u00e4dte. Mit dem Carina 2.0 Mid WTR<\/p>\n","protected":false},"featured_media":52612,"comment_status":"open","ping_status":"closed","template":"","meta":[],"product_cat":[230],"product_tag":[266],"class_list":{"0":"post-52611","1":"product","2":"type-product","3":"status-publish","4":"has-post-thumbnail","6":"product_cat-fashion","7":"product_tag-womens-fashion-sneakers","9":"first","10":"instock","11":"shipping-taxable","12":"product-type-external"},"aioseo_notices":[],"_links":{"self":[{"href":"https:\/\/topgetestet.de\/index.php?rest_route=\/wp\/v2\/product\/52611","targetHints":{"allow":["GET"]}}],"collection":[{"href":"https:\/\/topgetestet.de\/index.php?rest_route=\/wp\/v2\/product"}],"about":[{"href":"https:\/\/topgetestet.de\/index.php?rest_route=\/wp\/v2\/types\/product"}],"replies":[{"embeddable":true,"href":"https:\/\/topgetestet.de\/index.php?rest_route=%2Fwp%2Fv2%2Fcomments&post=52611"}],"wp:featuredmedia":[{"embeddable":true,"href":"https:\/\/topgetestet.de\/index.php?rest_route=\/wp\/v2\/media\/52612"}],"wp:attachment":[{"href":"https:\/\/topgetestet.de\/index.php?rest_route=%2Fwp%2Fv2%2Fmedia&parent=52611"}],"wp:term":[{"taxonomy":"product_cat","embeddable":true,"href":"https:\/\/topgetestet.de\/index.php?rest_route=%2Fwp%2Fv2%2Fproduct_cat&post=52611"},{"taxonomy":"product_tag","embeddable":true,"href":"https:\/\/topgetestet.de\/index.php?rest_route=%2Fwp%2Fv2%2Fproduct_tag&post=52611"}],"curies":[{"name":"wp","href":"https:\/\/api.w.org\/{rel}","templated":true}]}}