{"id":52602,"date":"2022-10-05T09:44:31","date_gmt":"2022-10-05T09:44:31","guid":{"rendered":"https:\/\/topgetestet.de\/?product=nike-damen-w-pegasus-trail-2-laufschuh"},"modified":"2022-10-05T09:44:31","modified_gmt":"2022-10-05T09:44:31","slug":"nike-damen-w-pegasus-trail-2-laufschuh","status":"publish","type":"product","link":"https:\/\/topgetestet.de\/?product=nike-damen-w-pegasus-trail-2-laufschuh","title":{"rendered":"Nike Damen W Pegasus Trail 2 Laufschuh"},"content":{"rendered":"<p>Price: <span style=\"color:#b12704\">[price_with_discount]<\/span><br \/><i><small>(as of [price_update_date] &#8211; <span class=\"wp_automatic_amazon_disclaimer\" title=\"Product prices and availability are accurate as of the date\/time indicated and are subject to change. Any price and availability information displayed on [relevant Amazon Site(s), as applicable] at the time of purchase will apply to the purchase of this product.\">Details<\/span>)<\/small><\/i><\/p>\n<p><a href=\"https:\/\/amazon.de\/dp\/B08PKFWC29?tag=topgetestet09-21\"><img decoding=\"async\" src=\"https:\/\/i.imgur.com\/ISRHEWs.png\"><\/a><br \/>\n[ad_1]<br \/>\n <span>Eine Ikone wechselt vom Asphalt bis zum Trail mit dem Nike Air Zoom Pegasus Trail. Das perforierte Mesh-Obermaterial bietet die richtige Atmungsaktivit\u00e4t, w\u00e4hrend die ZOOM AIR Doppeleinheit den Schritt d\u00e4mpft. Die gegen\u00fcberliegenden Lamellen an der Sohle sorgen f\u00fcr maximale Traktion f\u00fcr die Steigungswege<\/span> <br \/> Auslaufartikel (Produktion durch Hersteller eingestellt) \u200f : \u200e  Nein <br \/> Verpackungsabmessungen \u200f : \u200e  29.72 x 19.05 x 10.41 cm; 544 Gramm <br \/> Im Angebot von Amazon.de seit \u200f : \u200e  16. Juli 2020 <br \/> Hersteller \u200f : \u200e  Nike <br \/> ASIN \u200f : \u200e  B082R74H9D <br \/> Modellnummer \u200f : \u200e  CD0232-600 <br \/> Kategorie \u200f : \u200e  Damen <\/p>\n<p>[ad_2]<\/p>\n","protected":false},"excerpt":{"rendered":"<p>Price: [price_with_discount](as of [price_update_date] &#8211; Details) [ad_1] Eine Ikone wechselt vom Asphalt bis zum Trail mit dem Nike Air Zoom Pegasus Trail. Das perforierte Mesh-Obermaterial bietet die richtige Atmungsaktivit\u00e4t, w\u00e4hrend<\/p>\n","protected":false},"featured_media":52603,"comment_status":"open","ping_status":"closed","template":"","meta":[],"product_cat":[234],"product_tag":[236],"class_list":{"0":"post-52602","1":"product","2":"type-product","3":"status-publish","4":"has-post-thumbnail","6":"product_cat-shoes","7":"product_tag-womens-road-running-shoes","9":"first","10":"instock","11":"shipping-taxable","12":"product-type-external"},"aioseo_notices":[],"_links":{"self":[{"href":"https:\/\/topgetestet.de\/index.php?rest_route=\/wp\/v2\/product\/52602","targetHints":{"allow":["GET"]}}],"collection":[{"href":"https:\/\/topgetestet.de\/index.php?rest_route=\/wp\/v2\/product"}],"about":[{"href":"https:\/\/topgetestet.de\/index.php?rest_route=\/wp\/v2\/types\/product"}],"replies":[{"embeddable":true,"href":"https:\/\/topgetestet.de\/index.php?rest_route=%2Fwp%2Fv2%2Fcomments&post=52602"}],"wp:featuredmedia":[{"embeddable":true,"href":"https:\/\/topgetestet.de\/index.php?rest_route=\/wp\/v2\/media\/52603"}],"wp:attachment":[{"href":"https:\/\/topgetestet.de\/index.php?rest_route=%2Fwp%2Fv2%2Fmedia&parent=52602"}],"wp:term":[{"taxonomy":"product_cat","embeddable":true,"href":"https:\/\/topgetestet.de\/index.php?rest_route=%2Fwp%2Fv2%2Fproduct_cat&post=52602"},{"taxonomy":"product_tag","embeddable":true,"href":"https:\/\/topgetestet.de\/index.php?rest_route=%2Fwp%2Fv2%2Fproduct_tag&post=52602"}],"curies":[{"name":"wp","href":"https:\/\/api.w.org\/{rel}","templated":true}]}}