{"id":52560,"date":"2022-10-05T09:38:24","date_gmt":"2022-10-05T09:38:24","guid":{"rendered":"https:\/\/topgetestet.de\/?product=smart-games-sg-477-iq-link"},"modified":"2022-10-05T09:38:24","modified_gmt":"2022-10-05T09:38:24","slug":"smart-games-sg-477-iq-link","status":"publish","type":"product","link":"https:\/\/topgetestet.de\/?product=smart-games-sg-477-iq-link","title":{"rendered":"Smart Games SG 477 IQ Link"},"content":{"rendered":"<p>Price: <span style=\"color:#b12704\">[price_with_discount]<\/span><br \/><i><small>(as of [price_update_date] &#8211; <span class=\"wp_automatic_amazon_disclaimer\" title=\"Product prices and availability are accurate as of the date\/time indicated and are subject to change. Any price and availability information displayed on [relevant Amazon Site(s), as applicable] at the time of purchase will apply to the purchase of this product.\">Details<\/span>)<\/small><\/i><\/p>\n<p><a href=\"https:\/\/amazon.de\/dp\/B00C75W8SS?tag=topgetestet09-21\"><img decoding=\"async\" src=\"https:\/\/i.imgur.com\/ISRHEWs.png\"><\/a><br \/>\n[ad_1]<br \/>\n <span>Ein Spiel mit \u00d6sen &amp; Haken! Alle Puzzleteile m\u00fcssen im Spielfeld untergebracht werden. Pro Aufgabe gibt es immer nur eine korrekte L\u00f6sung. smart games SG 477 IQ Link<\/span><br \/>\n<br \/>[ad_2]<\/p>\n","protected":false},"excerpt":{"rendered":"<p>Price: [price_with_discount](as of [price_update_date] &#8211; Details) [ad_1] Ein Spiel mit \u00d6sen &amp; Haken! Alle Puzzleteile m\u00fcssen im Spielfeld untergebracht werden. Pro Aufgabe gibt es immer nur eine korrekte L\u00f6sung. smart<\/p>\n","protected":false},"featured_media":52561,"comment_status":"open","ping_status":"closed","template":"","meta":[],"product_cat":[227],"product_tag":[270],"class_list":{"0":"post-52560","1":"product","2":"type-product","3":"status-publish","4":"has-post-thumbnail","6":"product_cat-gaming","7":"product_tag-toys-games","9":"first","10":"instock","11":"sale","12":"shipping-taxable","13":"product-type-external"},"aioseo_notices":[],"_links":{"self":[{"href":"https:\/\/topgetestet.de\/index.php?rest_route=\/wp\/v2\/product\/52560","targetHints":{"allow":["GET"]}}],"collection":[{"href":"https:\/\/topgetestet.de\/index.php?rest_route=\/wp\/v2\/product"}],"about":[{"href":"https:\/\/topgetestet.de\/index.php?rest_route=\/wp\/v2\/types\/product"}],"replies":[{"embeddable":true,"href":"https:\/\/topgetestet.de\/index.php?rest_route=%2Fwp%2Fv2%2Fcomments&post=52560"}],"wp:featuredmedia":[{"embeddable":true,"href":"https:\/\/topgetestet.de\/index.php?rest_route=\/wp\/v2\/media\/52561"}],"wp:attachment":[{"href":"https:\/\/topgetestet.de\/index.php?rest_route=%2Fwp%2Fv2%2Fmedia&parent=52560"}],"wp:term":[{"taxonomy":"product_cat","embeddable":true,"href":"https:\/\/topgetestet.de\/index.php?rest_route=%2Fwp%2Fv2%2Fproduct_cat&post=52560"},{"taxonomy":"product_tag","embeddable":true,"href":"https:\/\/topgetestet.de\/index.php?rest_route=%2Fwp%2Fv2%2Fproduct_tag&post=52560"}],"curies":[{"name":"wp","href":"https:\/\/api.w.org\/{rel}","templated":true}]}}