{"id":52497,"date":"2022-10-05T07:26:00","date_gmt":"2022-10-05T07:26:00","guid":{"rendered":"https:\/\/topgetestet.de\/?product=audio-technica-ath-sport10gy-sport-in-ear-headphones-grau"},"modified":"2022-10-05T07:26:00","modified_gmt":"2022-10-05T07:26:00","slug":"audio-technica-ath-sport10gy-sport-in-ear-headphones-grau","status":"publish","type":"product","link":"https:\/\/topgetestet.de\/?product=audio-technica-ath-sport10gy-sport-in-ear-headphones-grau","title":{"rendered":"Audio-Technica ATH-SPORT10GY Sport in-ear headphones &#8211; Grau"},"content":{"rendered":"<p>Price: <span style=\"color:#b12704\">[price_with_discount]<\/span><br \/><i><small>(as of [price_update_date] &#8211; <span class=\"wp_automatic_amazon_disclaimer\" title=\"Product prices and availability are accurate as of the date\/time indicated and are subject to change. Any price and availability information displayed on [relevant Amazon Site(s), as applicable] at the time of purchase will apply to the purchase of this product.\">Details<\/span>)<\/small><\/i><\/p>\n<p><a href=\"https:\/\/amazon.de\/dp\/B07QFS6VJH?tag=topgetestet09-21\"><img decoding=\"async\" src=\"https:\/\/i.imgur.com\/ISRHEWs.png\"><\/a><br \/>\n[ad_1]<br \/>\n Gegr\u00fcndet 1962, durch Hideo Matsushita, positionierte sich Audio-Technica als Vorreiter in der Entwicklung und Produktion von innovativen Audioprodukten. <br \/>Ideal f\u00fcr aktive Eins\u00e4tze (Jogging, Fitnessstudio etc).<br \/>Leistungsstarke 8,8-mm-Treiber.<br \/>IPX5-getestet und zertifiziert: Kopfh\u00f6rer kann nach Gebrauch unter flie\u00dfendem Wasser abgesp\u00fclt werden.<br \/>Ohrb\u00fcgel-Modell f\u00fcr einen sicheren, bequemen Sitz auch beim Sport.<br \/>Unauff\u00e4llige, asymmetrische Kabelf\u00fchrung ohne Kabelgewirr, inklusive Clip zur sicheren Befestigung an der Kleidung.<br \/>\n<br \/>[ad_2]<\/p>\n","protected":false},"excerpt":{"rendered":"<p>Price: [price_with_discount](as of [price_update_date] &#8211; Details) [ad_1] Gegr\u00fcndet 1962, durch Hideo Matsushita, positionierte sich Audio-Technica als Vorreiter in der Entwicklung und Produktion von innovativen Audioprodukten. Ideal f\u00fcr aktive Eins\u00e4tze (Jogging,<\/p>\n","protected":false},"featured_media":52498,"comment_status":"open","ping_status":"closed","template":"","meta":[],"product_cat":[225],"product_tag":[],"class_list":{"0":"post-52497","1":"product","2":"type-product","3":"status-publish","4":"has-post-thumbnail","6":"product_cat-electronics","8":"first","9":"instock","10":"sale","11":"shipping-taxable","12":"product-type-external"},"aioseo_notices":[],"_links":{"self":[{"href":"https:\/\/topgetestet.de\/index.php?rest_route=\/wp\/v2\/product\/52497","targetHints":{"allow":["GET"]}}],"collection":[{"href":"https:\/\/topgetestet.de\/index.php?rest_route=\/wp\/v2\/product"}],"about":[{"href":"https:\/\/topgetestet.de\/index.php?rest_route=\/wp\/v2\/types\/product"}],"replies":[{"embeddable":true,"href":"https:\/\/topgetestet.de\/index.php?rest_route=%2Fwp%2Fv2%2Fcomments&post=52497"}],"wp:featuredmedia":[{"embeddable":true,"href":"https:\/\/topgetestet.de\/index.php?rest_route=\/wp\/v2\/media\/52498"}],"wp:attachment":[{"href":"https:\/\/topgetestet.de\/index.php?rest_route=%2Fwp%2Fv2%2Fmedia&parent=52497"}],"wp:term":[{"taxonomy":"product_cat","embeddable":true,"href":"https:\/\/topgetestet.de\/index.php?rest_route=%2Fwp%2Fv2%2Fproduct_cat&post=52497"},{"taxonomy":"product_tag","embeddable":true,"href":"https:\/\/topgetestet.de\/index.php?rest_route=%2Fwp%2Fv2%2Fproduct_tag&post=52497"}],"curies":[{"name":"wp","href":"https:\/\/api.w.org\/{rel}","templated":true}]}}