{"id":52383,"date":"2022-10-05T05:27:56","date_gmt":"2022-10-05T05:27:56","guid":{"rendered":"https:\/\/topgetestet.de\/?product=asics-damen-jolt-3-road-running-shoe-3"},"modified":"2022-10-05T05:27:56","modified_gmt":"2022-10-05T05:27:56","slug":"asics-damen-jolt-3-road-running-shoe-3","status":"publish","type":"product","link":"https:\/\/topgetestet.de\/?product=asics-damen-jolt-3-road-running-shoe-3","title":{"rendered":"ASICS Damen Jolt 3 Road Running Shoe"},"content":{"rendered":"<p>Price: <span style=\"color:#b12704\">[price_with_discount]<\/span><br \/><i><small>(as of [price_update_date] &#8211; <span class=\"wp_automatic_amazon_disclaimer\" title=\"Product prices and availability are accurate as of the date\/time indicated and are subject to change. Any price and availability information displayed on [relevant Amazon Site(s), as applicable] at the time of purchase will apply to the purchase of this product.\">Details<\/span>)<\/small><\/i><\/p>\n<p><a href=\"https:\/\/amazon.de\/dp\/B09MWHBMPH?tag=topgetestet09-21\"><img decoding=\"async\" src=\"https:\/\/i.imgur.com\/ISRHEWs.png\"><\/a><br \/>\n[ad_1]<br \/>\n <span>Asics Jolt 3 ist ein moderner Laufschuh der viel Stabilit\u00e4t und die richtige D\u00e4mpfung bietet. Leichtes Mesh ist weicher und atmungsaktiver als beim Vorg\u00e4nger. Das Obermaterial bietet eine super Passform und somit ein angenehmes Tragegef\u00fchl. Die Flytefoam-Mittelsohle gepaart mit der klassischen Gel-D\u00e4mpfung bieten eine ideale Gundlage f\u00fcr deinen Lauf. Die SPEVA-Einlage in der Innensohle unterst\u00fctzt dies.<\/span> <br \/> Produktabmessungen \u200f : \u200e  1 x 1 x 1 cm; 480 Gramm <br \/> Im Angebot von Amazon.de seit \u200f : \u200e  14. November 2020 <br \/> Hersteller \u200f : \u200e  Asics <br \/> ASIN \u200f : \u200e  B089TQFFL9 <br \/> Modellnummer \u200f : \u200e  1012A908-003 <br \/> Kategorie \u200f : \u200e  Damen <\/p>\n<p>Innenmaterial: Synthetic<br \/>Sohle: Gummi<br \/>Verschluss: Schnellverschluss<br \/>Absatzform: Flach<br \/>Schuhweite: Medium<br \/>Wasserfest<br \/>\n<br \/>[ad_2]<\/p>\n","protected":false},"excerpt":{"rendered":"<p>Price: [price_with_discount](as of [price_update_date] &#8211; Details) [ad_1] Asics Jolt 3 ist ein moderner Laufschuh der viel Stabilit\u00e4t und die richtige D\u00e4mpfung bietet. Leichtes Mesh ist weicher und atmungsaktiver als beim<\/p>\n","protected":false},"featured_media":52384,"comment_status":"open","ping_status":"closed","template":"","meta":[],"product_cat":[230],"product_tag":[266],"class_list":{"0":"post-52383","1":"product","2":"type-product","3":"status-publish","4":"has-post-thumbnail","6":"product_cat-fashion","7":"product_tag-womens-fashion-sneakers","9":"first","10":"instock","11":"shipping-taxable","12":"product-type-external"},"aioseo_notices":[],"_links":{"self":[{"href":"https:\/\/topgetestet.de\/index.php?rest_route=\/wp\/v2\/product\/52383","targetHints":{"allow":["GET"]}}],"collection":[{"href":"https:\/\/topgetestet.de\/index.php?rest_route=\/wp\/v2\/product"}],"about":[{"href":"https:\/\/topgetestet.de\/index.php?rest_route=\/wp\/v2\/types\/product"}],"replies":[{"embeddable":true,"href":"https:\/\/topgetestet.de\/index.php?rest_route=%2Fwp%2Fv2%2Fcomments&post=52383"}],"wp:featuredmedia":[{"embeddable":true,"href":"https:\/\/topgetestet.de\/index.php?rest_route=\/wp\/v2\/media\/52384"}],"wp:attachment":[{"href":"https:\/\/topgetestet.de\/index.php?rest_route=%2Fwp%2Fv2%2Fmedia&parent=52383"}],"wp:term":[{"taxonomy":"product_cat","embeddable":true,"href":"https:\/\/topgetestet.de\/index.php?rest_route=%2Fwp%2Fv2%2Fproduct_cat&post=52383"},{"taxonomy":"product_tag","embeddable":true,"href":"https:\/\/topgetestet.de\/index.php?rest_route=%2Fwp%2Fv2%2Fproduct_tag&post=52383"}],"curies":[{"name":"wp","href":"https:\/\/api.w.org\/{rel}","templated":true}]}}