{"id":52169,"date":"2022-10-04T20:36:58","date_gmt":"2022-10-04T20:36:58","guid":{"rendered":"https:\/\/topgetestet.de\/?product=hom-herren-t-shirt-rundhals-harro-new-100-baumwolle"},"modified":"2022-10-04T20:36:58","modified_gmt":"2022-10-04T20:36:58","slug":"hom-herren-t-shirt-rundhals-harro-new-100-baumwolle","status":"publish","type":"product","link":"https:\/\/topgetestet.de\/?product=hom-herren-t-shirt-rundhals-harro-new-100-baumwolle","title":{"rendered":"HOM &#8211; Herren &#8211; T-Shirt Rundhals &#8216;Harro New&#8217; &#8211; 100% Baumwolle"},"content":{"rendered":"<p>Price: <span style=\"color:#b12704\">[price_with_discount]<\/span><br \/><i><small>(as of [price_update_date] &#8211; <span class=\"wp_automatic_amazon_disclaimer\" title=\"Product prices and availability are accurate as of the date\/time indicated and are subject to change. Any price and availability information displayed on [relevant Amazon Site(s), as applicable] at the time of purchase will apply to the purchase of this product.\">Details<\/span>)<\/small><\/i><\/p>\n<p><a href=\"https:\/\/amazon.de\/dp\/B003NRPCAA?tag=topgetestet09-21\"><img decoding=\"async\" src=\"https:\/\/i.imgur.com\/ISRHEWs.png\"><\/a><br \/>\n[ad_1]<br \/>\n Dieses Kurzarm-Shirt &#8216;Harro&#8217; von HOM besteht aus 100% gek\u00e4mmter und besonders feiner Baumwolle. Es eignet sich zum Einen als bequemes Alltags-Top und zum Anderen als Unterhemd f\u00fcr z.B. Gesch\u00e4ftsleute. Das Modell &#8216;Harro&#8217; besitzt einen praktischen Rundhals-Ausschnitt mit Rippkragen und ist gerade bzw. eher weit geschnitten. Bestehend aus Schlauchstoff besitzt &#8216;Harro&#8217; keine Seitenn\u00e4hte und reibt nicht auf der Haut. Die gek\u00e4mmte Baumwolle wird in einem besonderen mechanischen Verfahren, der &#8216;Kardierung&#8217;, hergestellt. Dabei wird das Fasermaterial entwirrt, bel\u00fcftet und durch einen feinen Kamm gezogen, welcher nur die l\u00e4ngsten und besten Fasern aufnimmt. Ein weiteres Qualit\u00e4tsmerkmal von gek\u00e4mmter Baumwolle ist der seidige Glanz und die robuste Struktur, welche sie langlebiger werden l\u00e4sst. Somit ist das Modell &#8216;Harro&#8217; ein robustes Basic-Shirt f\u00fcr den allt\u00e4glichen Gebrauch. <br \/> Verpackungsabmessungen \u200f : \u200e  19.5 x 13.1 x 5.1 cm; 140.61 Gramm <br \/> Im Angebot von Amazon.de seit \u200f : \u200e  1. Dezember 2007 <br \/> Hersteller \u200f : \u200e  HOM <br \/> ASIN \u200f : \u200e  B003NRL3F8 <br \/> Modellnummer \u200f : \u200e  475508 <br \/> Kategorie \u200f : \u200e  Herren <\/p>\n<p>Kragenform: Rundhals<br \/>Kurzarm<br \/>Verschluss: Pull-On<br \/>65% Baumwolle, 25% Polyamid, 10% Elasthan<br \/>T-Shirt<br \/>Pflegehinweis: Maschinenw\u00e4sche<br \/>Modellnummer: 475508<br \/>\n<br \/>[ad_2]<\/p>\n","protected":false},"excerpt":{"rendered":"<p>Price: [price_with_discount](as of [price_update_date] &#8211; Details) [ad_1] Dieses Kurzarm-Shirt &#8216;Harro&#8217; von HOM besteht aus 100% gek\u00e4mmter und besonders feiner Baumwolle. Es eignet sich zum Einen als bequemes Alltags-Top und zum<\/p>\n","protected":false},"featured_media":52170,"comment_status":"open","ping_status":"closed","template":"","meta":[],"product_cat":[231],"product_tag":[],"class_list":{"0":"post-52169","1":"product","2":"type-product","3":"status-publish","4":"has-post-thumbnail","6":"product_cat-mens-fashion","8":"first","9":"instock","10":"shipping-taxable","11":"product-type-external"},"aioseo_notices":[],"_links":{"self":[{"href":"https:\/\/topgetestet.de\/index.php?rest_route=\/wp\/v2\/product\/52169","targetHints":{"allow":["GET"]}}],"collection":[{"href":"https:\/\/topgetestet.de\/index.php?rest_route=\/wp\/v2\/product"}],"about":[{"href":"https:\/\/topgetestet.de\/index.php?rest_route=\/wp\/v2\/types\/product"}],"replies":[{"embeddable":true,"href":"https:\/\/topgetestet.de\/index.php?rest_route=%2Fwp%2Fv2%2Fcomments&post=52169"}],"wp:featuredmedia":[{"embeddable":true,"href":"https:\/\/topgetestet.de\/index.php?rest_route=\/wp\/v2\/media\/52170"}],"wp:attachment":[{"href":"https:\/\/topgetestet.de\/index.php?rest_route=%2Fwp%2Fv2%2Fmedia&parent=52169"}],"wp:term":[{"taxonomy":"product_cat","embeddable":true,"href":"https:\/\/topgetestet.de\/index.php?rest_route=%2Fwp%2Fv2%2Fproduct_cat&post=52169"},{"taxonomy":"product_tag","embeddable":true,"href":"https:\/\/topgetestet.de\/index.php?rest_route=%2Fwp%2Fv2%2Fproduct_tag&post=52169"}],"curies":[{"name":"wp","href":"https:\/\/api.w.org\/{rel}","templated":true}]}}