{"id":52162,"date":"2022-10-04T20:14:56","date_gmt":"2022-10-04T20:14:56","guid":{"rendered":"https:\/\/topgetestet.de\/?product=minus-damen-lupi-strickpullover"},"modified":"2022-10-04T20:14:56","modified_gmt":"2022-10-04T20:14:56","slug":"minus-damen-lupi-strickpullover","status":"publish","type":"product","link":"https:\/\/topgetestet.de\/?product=minus-damen-lupi-strickpullover","title":{"rendered":"Minus Damen Lupi Strickpullover"},"content":{"rendered":"<p>Price: <span style=\"color:#b12704\">[price_with_discount]<\/span><br \/><i><small>(as of [price_update_date] &#8211; <span class=\"wp_automatic_amazon_disclaimer\" title=\"Product prices and availability are accurate as of the date\/time indicated and are subject to change. Any price and availability information displayed on [relevant Amazon Site(s), as applicable] at the time of purchase will apply to the purchase of this product.\">Details<\/span>)<\/small><\/i><\/p>\n<p><a href=\"https:\/\/amazon.de\/dp\/B09GPR78KD?tag=topgetestet09-21\"><img decoding=\"async\" src=\"https:\/\/i.imgur.com\/ISRHEWs.png\"><\/a><br \/>\n[ad_1]<br \/>\n <span>Der Lupi Strickpullover von Minus ist super weich und kuschelig, im klassischen Stil. Der Strickpullover hat einen Rundhalsausschnitt und weite lange \u00c4rmel. Hals, \u00c4rmel und Abschluss unten mit Rippstrick. Passform: Normale Qualit\u00e4t: 52 % EcoVero\u2122 Viskose, 28 % Polyester, 20 % Nylon<\/span> <br \/> Verpackungsabmessungen \u200f : \u200e  32.6 x 27.9 x 6.2 cm; 150 Gramm <br \/> Im Angebot von Amazon.de seit \u200f : \u200e  20. September 2021 <br \/> Hersteller \u200f : \u200e  Redefined Fashion <br \/> ASIN \u200f : \u200e  B09GPQT76R <br \/> Modellnummer \u200f : \u200e  MI3181 <br \/> Kategorie \u200f : \u200e  Damen <\/p>\n<p>[ad_2]<\/p>\n","protected":false},"excerpt":{"rendered":"<p>Price: [price_with_discount](as of [price_update_date] &#8211; Details) [ad_1] Der Lupi Strickpullover von Minus ist super weich und kuschelig, im klassischen Stil. Der Strickpullover hat einen Rundhalsausschnitt und weite lange \u00c4rmel. Hals,<\/p>\n","protected":false},"featured_media":52163,"comment_status":"open","ping_status":"closed","template":"","meta":[],"product_cat":[232],"product_tag":[],"class_list":{"0":"post-52162","1":"product","2":"type-product","3":"status-publish","4":"has-post-thumbnail","6":"product_cat-women-fashion","8":"first","9":"instock","10":"shipping-taxable","11":"product-type-external"},"aioseo_notices":[],"_links":{"self":[{"href":"https:\/\/topgetestet.de\/index.php?rest_route=\/wp\/v2\/product\/52162","targetHints":{"allow":["GET"]}}],"collection":[{"href":"https:\/\/topgetestet.de\/index.php?rest_route=\/wp\/v2\/product"}],"about":[{"href":"https:\/\/topgetestet.de\/index.php?rest_route=\/wp\/v2\/types\/product"}],"replies":[{"embeddable":true,"href":"https:\/\/topgetestet.de\/index.php?rest_route=%2Fwp%2Fv2%2Fcomments&post=52162"}],"wp:featuredmedia":[{"embeddable":true,"href":"https:\/\/topgetestet.de\/index.php?rest_route=\/wp\/v2\/media\/52163"}],"wp:attachment":[{"href":"https:\/\/topgetestet.de\/index.php?rest_route=%2Fwp%2Fv2%2Fmedia&parent=52162"}],"wp:term":[{"taxonomy":"product_cat","embeddable":true,"href":"https:\/\/topgetestet.de\/index.php?rest_route=%2Fwp%2Fv2%2Fproduct_cat&post=52162"},{"taxonomy":"product_tag","embeddable":true,"href":"https:\/\/topgetestet.de\/index.php?rest_route=%2Fwp%2Fv2%2Fproduct_tag&post=52162"}],"curies":[{"name":"wp","href":"https:\/\/api.w.org\/{rel}","templated":true}]}}