{"id":51882,"date":"2022-10-03T21:48:00","date_gmt":"2022-10-03T21:48:00","guid":{"rendered":"https:\/\/topgetestet.de\/?product=need-for-speed-heat-standard-edition-playstation-4"},"modified":"2022-10-03T21:48:00","modified_gmt":"2022-10-03T21:48:00","slug":"need-for-speed-heat-standard-edition-playstation-4","status":"publish","type":"product","link":"https:\/\/topgetestet.de\/?product=need-for-speed-heat-standard-edition-playstation-4","title":{"rendered":"Need for Speed Heat &#8211; Standard Edition &#8211; [PlayStation 4]"},"content":{"rendered":"<p>Price: <span style=\"color:#b12704\">[price_with_discount]<\/span><br \/><i><small>(as of [price_update_date] &#8211; <span class=\"wp_automatic_amazon_disclaimer\" title=\"Product prices and availability are accurate as of the date\/time indicated and are subject to change. Any price and availability information displayed on [relevant Amazon Site(s), as applicable] at the time of purchase will apply to the purchase of this product.\">Details<\/span>)<\/small><\/i><\/p>\n<p><a href=\"https:\/\/amazon.de\/dp\/B07WGJB82C?tag=topgetestet09-21\"><img decoding=\"async\" src=\"https:\/\/i.imgur.com\/ISRHEWs.png\"><\/a><br \/>\n[ad_1]<br \/>\n <span>BRENN ALLE GRENZEN NIEDER<\/p>\n<p>Rase am Tag und riskiere alles in der Nacht in Need for Speed Heat, einem hochdramatischen Rennsport-Erlebnis, in dem du auf deinem Weg an die Spitze der Stra\u00dfenrennszene gegen die korrupte Polizei ankommen musst. Nimm am Tag am Speedhunter Showdown teil, einem geduldeten Wettkampf, in dem du Kohle scheffelst, um deine Sammlung von Hochleistungs-Sportwagen anzupassen und aufzumotzen. Wenn dein Wagen perfekt gestylt und maximal getunt ist, kannst du einen Gang h\u00f6her schalten und nachts gemeinsam mit deiner Crew an illegalen Stra\u00dfenrennen teilnehmen, um deinen Ruf zu verbessern, hei\u00dfere Rennen freizuschalten und bessere Bauteile zu bekommen. Im Schutz der Nacht ist jedoch auch eine korrupte Polizeistaffel unterwegs, die dich einbuchten und deine Kohle absahnen will. Fordere sie heraus und riskiere alles f\u00fcr deinen Ruhm im Untergrund, oder fahr zur\u00fcck in deinen Unterschlupf und beginne einen neuen, aufregenden Tag. Die Stra\u00dfen, das Risiko und die Wagen kennen keine Grenzen in diesem Street Racer, in dem dir deine Crew den R\u00fccken freih\u00e4lt, deine Garage voller hei\u00dfer Karren und die Stadt dein pers\u00f6nlicher Spielplatz ist. <\/p>\n<p>Riskiere und gewinne &#8211; Gib alles beim Speedhunter Showdown am Tag und gewinne Cash bei Renn-, Drift- und Offroad-Events. Nimm dann in der Nacht an Untergrundrennen teil, um deinen Ruf zu verbessern. Pass nur auf, dass dich die Cops nicht erwischen. Wenn die Sonne untergeht, brechen auch sie die Regeln. Mach dich auf Spannung und einen hohen Puls gefasst, wenn du alles riskierst.<\/p>\n<p>Sei laut und geh aufs Ganze &#8211; Mit noch mehr Anpassungsm\u00f6glichkeiten f\u00fcr deine Wagen und deinen Spielercharakter kannst du dich v\u00f6llig austoben. Sei einzigartig und lass alle wissen, wer du bist. Das gilt auch f\u00fcr deinen Wagen: Tune die Leistung und Fahreigenschaften deines Wagens, um deinen Style zu vervollst\u00e4ndigen. Stelle dann online eine Crew aus Freunden zusammen, um Palm City gemeinsam unsicher zu machen. Und wenn euch jemand aufhalten will &#8230; dann geht der Spa\u00df erst richtig los.<\/p>\n<p>H\u00e4ng&#8217; die Bullen ab &#8211; Um die Polizei von Palm City am Tag auf dich aufmerksam zu machen, musst du dich schon sehr anstrengen. Aber nach Sonnenuntergang wird eine korrupte Polizeistaffel aktiv, die nicht nach den Regeln spielt und dich gnadenlos jagen wird. Tauche tiefer in die Geschichte ein und stelle dich dem Anf\u00fchrer dieser Polizeistaffel, Lt. Mercer, der im Rahmen einer korrupten Operation Rennfahrer hochnimmt, um ihre Wagen f\u00fcr Geld auszuschlachten. Nachdem du in Mercers Fadenkreuz geraten bist, musst du alles geben, um seine korrupten Machenschaften aufzudecken, wenn du \u00fcberleben und jemals zur Elite der Stra\u00dfenrennszene geh\u00f6ren willst.<\/p>\n<p>Spiel komplett in Deutsch!<\/p>\n<p><\/span> <br \/> Alterseinstufung \u200f : \u200e  USK ab 12 freigegeben <br \/> Produktabmessungen \u200f : \u200e  17.2 x 13.4 x 1.3 cm; 80 Gramm <br \/> Erscheinungstermin \u200f : \u200e  8. November 2019 <br \/> ASIN \u200f : \u200e  B07WGJB82C <br \/> Modellnummer \u200f : \u200e  1055179 <br \/> Herkunftsland \u200f : \u200e  Deutschland <\/p>\n<p>Inhalt: 1 St\u00fcck<br \/>\n<br \/>[ad_2]<\/p>\n","protected":false},"excerpt":{"rendered":"<p>Price: [price_with_discount](as of [price_update_date] &#8211; Details) [ad_1] BRENN ALLE GRENZEN NIEDER Rase am Tag und riskiere alles in der Nacht in Need for Speed Heat, einem hochdramatischen Rennsport-Erlebnis, in dem<\/p>\n","protected":false},"featured_media":51883,"comment_status":"open","ping_status":"closed","template":"","meta":[],"product_cat":[227],"product_tag":[261],"class_list":{"0":"post-51882","1":"product","2":"type-product","3":"status-publish","4":"has-post-thumbnail","6":"product_cat-gaming","7":"product_tag-playstation-legacy-games","9":"first","10":"instock","11":"shipping-taxable","12":"product-type-external"},"aioseo_notices":[],"_links":{"self":[{"href":"https:\/\/topgetestet.de\/index.php?rest_route=\/wp\/v2\/product\/51882","targetHints":{"allow":["GET"]}}],"collection":[{"href":"https:\/\/topgetestet.de\/index.php?rest_route=\/wp\/v2\/product"}],"about":[{"href":"https:\/\/topgetestet.de\/index.php?rest_route=\/wp\/v2\/types\/product"}],"replies":[{"embeddable":true,"href":"https:\/\/topgetestet.de\/index.php?rest_route=%2Fwp%2Fv2%2Fcomments&post=51882"}],"wp:featuredmedia":[{"embeddable":true,"href":"https:\/\/topgetestet.de\/index.php?rest_route=\/wp\/v2\/media\/51883"}],"wp:attachment":[{"href":"https:\/\/topgetestet.de\/index.php?rest_route=%2Fwp%2Fv2%2Fmedia&parent=51882"}],"wp:term":[{"taxonomy":"product_cat","embeddable":true,"href":"https:\/\/topgetestet.de\/index.php?rest_route=%2Fwp%2Fv2%2Fproduct_cat&post=51882"},{"taxonomy":"product_tag","embeddable":true,"href":"https:\/\/topgetestet.de\/index.php?rest_route=%2Fwp%2Fv2%2Fproduct_tag&post=51882"}],"curies":[{"name":"wp","href":"https:\/\/api.w.org\/{rel}","templated":true}]}}