{"id":51822,"date":"2022-10-03T21:38:42","date_gmt":"2022-10-03T21:38:42","guid":{"rendered":"https:\/\/topgetestet.de\/?product=sennheiser-508381-kabelloses-headset-cx-150bt-mit-nacken-kabel-weis"},"modified":"2022-10-03T21:38:42","modified_gmt":"2022-10-03T21:38:42","slug":"sennheiser-508381-kabelloses-headset-cx-150bt-mit-nacken-kabel-weis","status":"publish","type":"product","link":"https:\/\/topgetestet.de\/?product=sennheiser-508381-kabelloses-headset-cx-150bt-mit-nacken-kabel-weis","title":{"rendered":"Sennheiser 508381 kabelloses Headset CX 150BT mit Nacken-Kabel, Wei\u00df"},"content":{"rendered":"<p>Price: <span style=\"color:#b12704\">[price_with_discount]<\/span><br \/><i><small>(as of [price_update_date] &#8211; <span class=\"wp_automatic_amazon_disclaimer\" title=\"Product prices and availability are accurate as of the date\/time indicated and are subject to change. Any price and availability information displayed on [relevant Amazon Site(s), as applicable] at the time of purchase will apply to the purchase of this product.\">Details<\/span>)<\/small><\/i><\/p>\n<p><a href=\"https:\/\/amazon.de\/dp\/B083MSF9D1?tag=topgetestet09-21\"><img decoding=\"async\" src=\"https:\/\/i.imgur.com\/ISRHEWs.png\"><\/a><br \/>\n[ad_1]<br \/>\n Um die Gesamtbewertung der Sterne und die prozentuale Aufschl\u00fcsselung nach Sternen zu berechnen, verwenden wir keinen einfachen Durchschnitt. Stattdessen ber\u00fccksichtigt unser System beispielsweise, wie aktuell eine Bewertung ist und ob der Pr\u00fcfer den Artikel bei Amazon gekauft hat. Es wurden auch Bewertungen analysiert, um die Vertrauensw\u00fcrdigkeit zu \u00fcberpr\u00fcfen. <br \/> Batterien \u200f : \u200e  1 Lithium-Polymer Batterien erforderlich (enthalten). <br \/> Auslaufartikel (Produktion durch Hersteller eingestellt) \u200f : \u200e  Nein <br \/> Im Angebot von Amazon.de seit \u200f : \u200e  31. Januar 2020 <br \/> Hersteller \u200f : \u200e  Sennheiser <br \/> ASIN \u200f : \u200e  B083MSF9D1 <br \/> Modellnummer \u200f : \u200e  508381 <br \/> Herkunftsland \u200f : \u200e  China <\/p>\n<p>Moderne Drahtlostechnologie Bluetooth 5. 0 mit nahtloser Konnektivit\u00e4t<br \/>10 Stunden Akkulaufzeit<br \/>Komfortables Design mit auswechselbaren Ohradaptern in vier Gr\u00f6\u00dfen (im Lieferumfang enthalten) f\u00fcr optimale Passform und Ger\u00e4uschisolierung<br \/>Anruf- und Musiksteuerung \u00fcber Drei-Tasten-Fernbedienung<br \/>THD + N, total harmonic distortion and noise : <0.5% (1kHz, 100dB)\n<br \/>[ad_2]<\/p>\n","protected":false},"excerpt":{"rendered":"<p>Price: [price_with_discount](as of [price_update_date] &#8211; Details) [ad_1] Um die Gesamtbewertung der Sterne und die prozentuale Aufschl\u00fcsselung nach Sternen zu berechnen, verwenden wir keinen einfachen Durchschnitt. Stattdessen ber\u00fccksichtigt unser System beispielsweise,<\/p>\n","protected":false},"featured_media":51823,"comment_status":"open","ping_status":"closed","template":"","meta":[],"product_cat":[225],"product_tag":[],"class_list":{"0":"post-51822","1":"product","2":"type-product","3":"status-publish","4":"has-post-thumbnail","6":"product_cat-electronics","8":"first","9":"instock","10":"sale","11":"shipping-taxable","12":"product-type-external"},"aioseo_notices":[],"_links":{"self":[{"href":"https:\/\/topgetestet.de\/index.php?rest_route=\/wp\/v2\/product\/51822","targetHints":{"allow":["GET"]}}],"collection":[{"href":"https:\/\/topgetestet.de\/index.php?rest_route=\/wp\/v2\/product"}],"about":[{"href":"https:\/\/topgetestet.de\/index.php?rest_route=\/wp\/v2\/types\/product"}],"replies":[{"embeddable":true,"href":"https:\/\/topgetestet.de\/index.php?rest_route=%2Fwp%2Fv2%2Fcomments&post=51822"}],"wp:featuredmedia":[{"embeddable":true,"href":"https:\/\/topgetestet.de\/index.php?rest_route=\/wp\/v2\/media\/51823"}],"wp:attachment":[{"href":"https:\/\/topgetestet.de\/index.php?rest_route=%2Fwp%2Fv2%2Fmedia&parent=51822"}],"wp:term":[{"taxonomy":"product_cat","embeddable":true,"href":"https:\/\/topgetestet.de\/index.php?rest_route=%2Fwp%2Fv2%2Fproduct_cat&post=51822"},{"taxonomy":"product_tag","embeddable":true,"href":"https:\/\/topgetestet.de\/index.php?rest_route=%2Fwp%2Fv2%2Fproduct_tag&post=51822"}],"curies":[{"name":"wp","href":"https:\/\/api.w.org\/{rel}","templated":true}]}}