{"id":51615,"date":"2022-10-03T19:24:50","date_gmt":"2022-10-03T19:24:50","guid":{"rendered":"https:\/\/topgetestet.de\/?product=sennheiser-ambeo-smart-headset-omnidirektionale-aufnahme-headset-schwarz"},"modified":"2022-10-03T19:24:50","modified_gmt":"2022-10-03T19:24:50","slug":"sennheiser-ambeo-smart-headset-omnidirektionale-aufnahme-headset-schwarz","status":"publish","type":"product","link":"https:\/\/topgetestet.de\/?product=sennheiser-ambeo-smart-headset-omnidirektionale-aufnahme-headset-schwarz","title":{"rendered":"Sennheiser AMBEO Smart-Headset (Omnidirektionale Aufnahme, Headset), Schwarz"},"content":{"rendered":"<p>Price: <span style=\"color:#b12704\">[price_with_discount]<\/span><br \/><i><small>(as of [price_update_date] &#8211; <span class=\"wp_automatic_amazon_disclaimer\" title=\"Product prices and availability are accurate as of the date\/time indicated and are subject to change. Any price and availability information displayed on [relevant Amazon Site(s), as applicable] at the time of purchase will apply to the purchase of this product.\">Details<\/span>)<\/small><\/i><\/p>\n<p><a href=\"https:\/\/amazon.de\/dp\/B07922P4DQ?tag=topgetestet09-21\"><img decoding=\"async\" src=\"https:\/\/i.imgur.com\/ISRHEWs.png\"><\/a><br \/>\n[ad_1]<br \/>\n <span>Dieses Headset verf\u00fcgt \u00fcber die charakteristische Sennheiser-Klangqualit\u00e4t und intelligente Funktionen wie Active Noise Cancelling und Transparentes H\u00f6ren, aber das ist erst der Anfang. Spezielle Mikrofone in jedem Ohrst\u00fcck erm\u00f6glichen es Ihnen, atemberaubenden 3D-Sound zu erfassen, um die Videos zu erg\u00e4nzen, die Sie mit Ihrem iOS-Ger\u00e4t aufnehmen. Das Ergebnis ist ein wahrhaft fesselndes Klangerlebnis, das von jedem Kopfh\u00f6rer wiedergegeben werden kann.<\/span> <br \/> Produktabmessungen \u200f : \u200e  1.3 x 0.4 x 1.8 cm; 160 Gramm <br \/> Im Angebot von Amazon.de seit \u200f : \u200e  14. Juli 2019 <br \/> Hersteller \u200f : \u200e  Sennheiser <br \/> ASIN \u200f : \u200e  B07922P4DQ <br \/> Modellnummer \u200f : \u200e  AMBEO Smart Headset Black <br \/> Herkunftsland \u200f : \u200e  USA <\/p>\n<p>Transparentes H\u00f6ren erm\u00f6glicht es Ihnen, Ihre Umgebung im Auge zu behalten<br \/>Aktive Ger\u00e4uschunterdr\u00fcckung blockiert unerw\u00fcnschte Umgebungsger\u00e4usche<br \/>Die Situations-Bewusstseinssteuerung erm\u00f6glicht sofortiges Umschalten zwischen transparentem H\u00f6ren, aktiver Ger\u00e4uschunterdr\u00fcckung und Aus<br \/>Mit branchenf\u00fchrender Apogee-Technologie, einschlie\u00dflich propriet\u00e4rer Soft Limit und Mikrofonvorverst\u00e4rker sowie pr\u00e4zise abgestimmter A\/D- und D\/A-Wandler<br \/>\n<br \/>[ad_2]<\/p>\n","protected":false},"excerpt":{"rendered":"<p>Price: [price_with_discount](as of [price_update_date] &#8211; Details) [ad_1] Dieses Headset verf\u00fcgt \u00fcber die charakteristische Sennheiser-Klangqualit\u00e4t und intelligente Funktionen wie Active Noise Cancelling und Transparentes H\u00f6ren, aber das ist erst der Anfang.<\/p>\n","protected":false},"featured_media":51616,"comment_status":"open","ping_status":"closed","template":"","meta":[],"product_cat":[225],"product_tag":[],"class_list":{"0":"post-51615","1":"product","2":"type-product","3":"status-publish","4":"has-post-thumbnail","6":"product_cat-electronics","8":"first","9":"instock","10":"shipping-taxable","11":"product-type-external"},"aioseo_notices":[],"_links":{"self":[{"href":"https:\/\/topgetestet.de\/index.php?rest_route=\/wp\/v2\/product\/51615","targetHints":{"allow":["GET"]}}],"collection":[{"href":"https:\/\/topgetestet.de\/index.php?rest_route=\/wp\/v2\/product"}],"about":[{"href":"https:\/\/topgetestet.de\/index.php?rest_route=\/wp\/v2\/types\/product"}],"replies":[{"embeddable":true,"href":"https:\/\/topgetestet.de\/index.php?rest_route=%2Fwp%2Fv2%2Fcomments&post=51615"}],"wp:featuredmedia":[{"embeddable":true,"href":"https:\/\/topgetestet.de\/index.php?rest_route=\/wp\/v2\/media\/51616"}],"wp:attachment":[{"href":"https:\/\/topgetestet.de\/index.php?rest_route=%2Fwp%2Fv2%2Fmedia&parent=51615"}],"wp:term":[{"taxonomy":"product_cat","embeddable":true,"href":"https:\/\/topgetestet.de\/index.php?rest_route=%2Fwp%2Fv2%2Fproduct_cat&post=51615"},{"taxonomy":"product_tag","embeddable":true,"href":"https:\/\/topgetestet.de\/index.php?rest_route=%2Fwp%2Fv2%2Fproduct_tag&post=51615"}],"curies":[{"name":"wp","href":"https:\/\/api.w.org\/{rel}","templated":true}]}}