{"id":51608,"date":"2022-10-03T19:23:46","date_gmt":"2022-10-03T19:23:46","guid":{"rendered":"https:\/\/topgetestet.de\/?product=th8a-shifter-ps5-ps4-xbox-series-x-s-one-pc"},"modified":"2022-10-03T19:23:46","modified_gmt":"2022-10-03T19:23:46","slug":"th8a-shifter-ps5-ps4-xbox-series-x-s-one-pc","status":"publish","type":"product","link":"https:\/\/topgetestet.de\/?product=th8a-shifter-ps5-ps4-xbox-series-x-s-one-pc","title":{"rendered":"TH8A Shifter (PS5, PS4, Xbox Series X\/S, One, PC)"},"content":{"rendered":"<p>Price: <span style=\"color:#b12704\">[price_with_discount]<\/span><br \/><i><small>(as of [price_update_date] &#8211; <span class=\"wp_automatic_amazon_disclaimer\" title=\"Product prices and availability are accurate as of the date\/time indicated and are subject to change. Any price and availability information displayed on [relevant Amazon Site(s), as applicable] at the time of purchase will apply to the purchase of this product.\">Details<\/span>)<\/small><\/i><\/p>\n<p><a href=\"https:\/\/amazon.de\/dp\/B005L0Z2BQ?tag=topgetestet09-21\"><img decoding=\"async\" src=\"https:\/\/i.imgur.com\/ISRHEWs.png\"><\/a><br \/>\n[ad_1]<\/p>\n<p>       Produktbeschreibung des Herstellers <\/p>\n<p>              <img decoding=\"async\" alt=\"TH8A (MFP# 4060059)\" src=\"https:\/\/images-na.ssl-images-amazon.com\/images\/G\/01\/x-locale\/common\/grey-pixel.gif\" class=\"a-lazy-loaded\" data-src=\"https:\/\/m.media-amazon.com\/images\/S\/aplus-media\/vc\/0801ce86-5440-44ba-9d6d-ee75e06f2c84.__CR0,0,970,300_PT0_SX970_V1___.jpg\"><\/p>\n<p>               <img decoding=\"async\" alt=\"TH8A (MFP# 4060059)\" src=\"https:\/\/m.media-amazon.com\/images\/S\/aplus-media\/vc\/0801ce86-5440-44ba-9d6d-ee75e06f2c84.__CR0,0,970,300_PT0_SX970_V1___.jpg\"><\/p>\n<p>              <img decoding=\"async\" alt=\"TH8A (MFP# 4060059)\" src=\"https:\/\/images-na.ssl-images-amazon.com\/images\/G\/01\/x-locale\/common\/grey-pixel.gif\" class=\"a-lazy-loaded\" data-src=\"https:\/\/m.media-amazon.com\/images\/S\/aplus-media\/vc\/845f6c15-7f2b-4419-b007-4da2cf54c46a.__CR0,0,2279,2279_PT0_SX300_V1___.jpg\"><\/p>\n<p>               <img decoding=\"async\" alt=\"TH8A (MFP# 4060059)\" src=\"https:\/\/m.media-amazon.com\/images\/S\/aplus-media\/vc\/845f6c15-7f2b-4419-b007-4da2cf54c46a.__CR0,0,2279,2279_PT0_SX300_V1___.jpg\"><\/p>\n<p>               Thrustmaster freut sich sehr, den TH8A Add-On Shifter pr\u00e4sentieren zu k\u00f6nnen: die realistische Highend-Gangschaltung f\u00fcr verschiedene Plattformen (PC, PS4 und Xbox One). Zu 100% aus Metall gefertigt und mit H.E.A.R.T HallEffect AccuRate Technology (Patent angemeldet) ausgestattet, bietet dieser optimale Standfestigkeitund Pr\u00e4zision, welche auf Dauer nicht abnimmt.<br \/>\n               Verpackungsinhalt: TH8A Gangschaltung, 2 Schaltmuster-schablonen (\u201cH\u201d-Muster [7+1] und sequentiell [+\/-]), USB- und DIN-Kabel, Benutzerhandbuch und Garantieinformationen f\u00fcr Verbraucher.<\/p>\n<p> <img decoding=\"async\" alt=\"TH8A (MFP# 4060059)\" src=\"https:\/\/images-na.ssl-images-amazon.com\/images\/G\/01\/x-locale\/common\/grey-pixel.gif\" class=\"a-spacing-mini a-lazy-loaded\" data-src=\"https:\/\/m.media-amazon.com\/images\/S\/aplus-media\/vc\/4ff35483-2899-495b-9f74-14ef2145fa7c.__CR0,0,2362,2362_PT0_SX300_V1___.jpg\">\n                   <\/p>\n<p>                    <img decoding=\"async\" alt=\"TH8A (MFP# 4060059)\" src=\"https:\/\/m.media-amazon.com\/images\/S\/aplus-media\/vc\/4ff35483-2899-495b-9f74-14ef2145fa7c.__CR0,0,2362,2362_PT0_SX300_V1___.jpg\"><\/p>\n<p> <img decoding=\"async\" alt=\"TH8A (MFP# 4060059)\" src=\"https:\/\/images-na.ssl-images-amazon.com\/images\/G\/01\/x-locale\/common\/grey-pixel.gif\" class=\"a-spacing-mini a-lazy-loaded\" data-src=\"https:\/\/m.media-amazon.com\/images\/S\/aplus-media\/vc\/549cf523-f336-4b69-ba9d-69a5e64e8f57.__CR0,0,2362,2362_PT0_SX300_V1___.jpg\">\n                   <\/p>\n<p>                    <img decoding=\"async\" alt=\"TH8A (MFP# 4060059)\" src=\"https:\/\/m.media-amazon.com\/images\/S\/aplus-media\/vc\/549cf523-f336-4b69-ba9d-69a5e64e8f57.__CR0,0,2362,2362_PT0_SX300_V1___.jpg\"><\/p>\n<p> <img decoding=\"async\" alt=\"TH8A (MFP# 4060059)\" src=\"https:\/\/images-na.ssl-images-amazon.com\/images\/G\/01\/x-locale\/common\/grey-pixel.gif\" class=\"a-spacing-mini a-lazy-loaded\" data-src=\"https:\/\/m.media-amazon.com\/images\/S\/aplus-media\/vc\/652c3f7c-238f-4849-a9aa-6e364065933d.__CR0,0,2362,2362_PT0_SX300_V1___.jpg\">\n                   <\/p>\n<p>                    <img decoding=\"async\" alt=\"TH8A (MFP# 4060059)\" src=\"https:\/\/m.media-amazon.com\/images\/S\/aplus-media\/vc\/652c3f7c-238f-4849-a9aa-6e364065933d.__CR0,0,2362,2362_PT0_SX300_V1___.jpg\"><\/p>\n<p>                   Realismus und Authentizit\u00e4t  <\/p>\n<p> Mit 13 cm Gr\u00f6\u00dfe und aus Metall gebaut, ist der TH8A ein echtes Must-Have-Zubeh\u00f6r f\u00fcr Autorenn-simulationen. Das Gef\u00fchl beim Schalten der G\u00e4nge ist absolut realistisch, der abnehmbare Knauf garantiert Kompatibilit\u00e4t mit allen auf dem Markt g\u00e4ngigen Universal-Schaltkn\u00e4ufen. <\/p>\n<p> Die beiden enthaltenen Schalt-musterschablonen erm\u00f6glichen den TH8A an zwei verschiedene Schaltstile anzupassen: \u201cH\u201d-Muster (7+1) und sequentiell (+\/-). <\/p>\n<p>                   Stabilit\u00e4t und Pr\u00e4zision  <\/p>\n<p> Die im Geh\u00e4use verwendeten Materialien des TH8A, der Schalthebel und die Haltevorrichtung sind aus 100% Metall gefertigt. Mit Hilfe der H.E.A.R.T HallEffect AccuRate Technology (Patent angemeldet) nimmt die Pr\u00e4zision auch dank kontaktloser Magnetsensoren nicht ab: keine Taktschalter oder Potentiometer, daher nahezu unbegrenzte Produktlebenszeit. <\/p>\n<p>                   Anpassbarkeit und Komfort  <\/p>\n<p> Aktualisierbare Firmware und ein interner Memoryspeicher mit anpassbarem Spiel der Schaltung, um sich dem Fahrstil entsprechend anzupassen (Software verf\u00fcgbar zum Download auf PC). Der Schaltwiderstand ist ebenso anpassbar wie die Position und Rotation der Haltevorrichtung (kann bis zu 360\u00b0 angepasst werden). Das Befestigungssystem wurde f\u00fcr s\u00e4mtliche Anbringungsoptionen optimiert (Tische\/Regalbretter oder Cockpits). <\/p>\n<p> Der TH8A verf\u00fcgt \u00fcber USB- und\/oder DIN-Verbindung und funktioniert mit allen auf dem Markt verf\u00fcgbaren Rennlenkr\u00e4dern f\u00fcr PC und mit Thrustmaster- Rennlenkr\u00e4dern auf Spielkonsolen (bitte die Liste auf der Thrustmaster Supportwebsite beachten, TH8A-Unterseite). <\/p>\n<p> Benutzung folgender Thrustmaster-Rennlenkr\u00e4der empfohlen: TS-PC Racer\/TS-PC Racer Ferrari 488 Challenge Edition, T-GT, TS-XW, T300-Serie, TX-Serie, T150 Force Feedback, TMX Force Feedback. <\/p>\n<p>Mithilfe der H.E.A.R.T HallEffect AccuRate Technology (Patent angemeldet) nimmt die Pr\u00e4zision des TH8A dank kontaktloser Magnetsensoren auf Dauer nicht ab: keine Taktschalter oder Potentiometer, daher nahezu unbegrenzte Produktlebenszeit<br \/>Einzigartiges Design erm\u00f6glicht zwei verschiedene Schaltstile: \u201cH\u201d-Muster (7+1) und sequentiell (+\/-)<br \/>Multiplattform: auf PC (Windows 7\/8\/10) ist der TH8A Add-On Shifter mit allen Rennlenkr\u00e4dern auf dem Markt f\u00fcr Videospielzubeh\u00f6r kompatibel. Auf PS4 ist der TH8A kompatibel mit dem T150 Force Feedback, der T300-Serie und dem T-GT (USB und\/oder DIN-Verbindung), auf Xbox One kompatibel mit dem TMX Force Feedback, der TX-Serie und dem TS-XW (DIN-Verbindung)<br \/>\n<br \/>[ad_2]<\/p>\n","protected":false},"excerpt":{"rendered":"<p>Price: [price_with_discount](as of [price_update_date] &#8211; Details) [ad_1] Produktbeschreibung des Herstellers Thrustmaster freut sich sehr, den TH8A Add-On Shifter pr\u00e4sentieren zu k\u00f6nnen: die realistische Highend-Gangschaltung f\u00fcr verschiedene Plattformen (PC, PS4 und<\/p>\n","protected":false},"featured_media":51609,"comment_status":"open","ping_status":"closed","template":"","meta":[],"product_cat":[227],"product_tag":[270],"class_list":{"0":"post-51608","1":"product","2":"type-product","3":"status-publish","4":"has-post-thumbnail","6":"product_cat-gaming","7":"product_tag-toys-games","9":"first","10":"instock","11":"sale","12":"shipping-taxable","13":"product-type-external"},"aioseo_notices":[],"_links":{"self":[{"href":"https:\/\/topgetestet.de\/index.php?rest_route=\/wp\/v2\/product\/51608","targetHints":{"allow":["GET"]}}],"collection":[{"href":"https:\/\/topgetestet.de\/index.php?rest_route=\/wp\/v2\/product"}],"about":[{"href":"https:\/\/topgetestet.de\/index.php?rest_route=\/wp\/v2\/types\/product"}],"replies":[{"embeddable":true,"href":"https:\/\/topgetestet.de\/index.php?rest_route=%2Fwp%2Fv2%2Fcomments&post=51608"}],"wp:featuredmedia":[{"embeddable":true,"href":"https:\/\/topgetestet.de\/index.php?rest_route=\/wp\/v2\/media\/51609"}],"wp:attachment":[{"href":"https:\/\/topgetestet.de\/index.php?rest_route=%2Fwp%2Fv2%2Fmedia&parent=51608"}],"wp:term":[{"taxonomy":"product_cat","embeddable":true,"href":"https:\/\/topgetestet.de\/index.php?rest_route=%2Fwp%2Fv2%2Fproduct_cat&post=51608"},{"taxonomy":"product_tag","embeddable":true,"href":"https:\/\/topgetestet.de\/index.php?rest_route=%2Fwp%2Fv2%2Fproduct_tag&post=51608"}],"curies":[{"name":"wp","href":"https:\/\/api.w.org\/{rel}","templated":true}]}}