{"id":51368,"date":"2022-10-03T15:04:20","date_gmt":"2022-10-03T15:04:20","guid":{"rendered":"https:\/\/topgetestet.de\/?product=asics-herren-gel-nimbus-23-road-running-shoe-2"},"modified":"2022-10-03T15:04:20","modified_gmt":"2022-10-03T15:04:20","slug":"asics-herren-gel-nimbus-23-road-running-shoe-2","status":"publish","type":"product","link":"https:\/\/topgetestet.de\/?product=asics-herren-gel-nimbus-23-road-running-shoe-2","title":{"rendered":"ASICS Herren Gel-Nimbus 23 Road Running Shoe"},"content":{"rendered":"<p>Price: <span style=\"color:#b12704\">[price_with_discount]<\/span><br \/><i><small>(as of [price_update_date] &#8211; <span class=\"wp_automatic_amazon_disclaimer\" title=\"Product prices and availability are accurate as of the date\/time indicated and are subject to change. Any price and availability information displayed on [relevant Amazon Site(s), as applicable] at the time of purchase will apply to the purchase of this product.\">Details<\/span>)<\/small><\/i><\/p>\n<p><a href=\"https:\/\/amazon.de\/dp\/B08NWGSSSR?tag=topgetestet09-21\"><img decoding=\"async\" src=\"https:\/\/i.imgur.com\/ISRHEWs.png\"><\/a><br \/>\n[ad_1]<br \/>\n <span>Der Asics GEL-Nimbus 23 ist die aktuellste Version dieses super komfortablen und stylischen Laufschuhs. Der Nimbus 23 \u00fcberzeugt mit seinem extra leichten Material aus Mesh, welches eine ideale Bel\u00fcftung und Luftzirkulation bietet. Das Material schmiegt sich an den Fuss und sorgt, ohne Reibungspunkte, f\u00fcr einen verbesserten Halt und mehr Komfort. Die reaktionsfreudige und robuste FLYTEFOAM-Mittelsohle, in Kombination mit der gro\u00dfartigen GEL-D\u00e4mpfung, sorgt f\u00fcr ein angenehmes Tragegef\u00fchl und Ausdauerbereitschaft. Die Trusstic-Technologie erm\u00f6glicht dem Fu\u00df eine nat\u00fcrlichere und gleichm\u00e4\u00dfigere Laufbewegung und reduziert das Gesamtgewicht. Somit bietet der Schuh zudem mehr Stabilit\u00e4t.<\/span> <br \/> Produktabmessungen \u200f : \u200e  22.9 x 10.8 x 8.3 cm; 650 Gramm <br \/> Im Angebot von Amazon.de seit \u200f : \u200e  5. Juni 2021 <br \/> Hersteller \u200f : \u200e  Asics <br \/> ASIN \u200f : \u200e  B08NPSTQ8Q <br \/> Modellnummer \u200f : \u200e  1011B004 007 <br \/> Kategorie \u200f : \u200e  Herren <\/p>\n<p>Innenmaterial: Synthetic<br \/>Sohle: Gummi<br \/>Verschluss: Schn\u00fcrung<br \/>Absatzh\u00f6he: 25 Millimeter<br \/>Absatzform: Flach<br \/>Materialzusammensetzung: Synthetic<br \/>\n<br \/>[ad_2]<\/p>\n","protected":false},"excerpt":{"rendered":"<p>Price: [price_with_discount](as of [price_update_date] &#8211; Details) [ad_1] Der Asics GEL-Nimbus 23 ist die aktuellste Version dieses super komfortablen und stylischen Laufschuhs. Der Nimbus 23 \u00fcberzeugt mit seinem extra leichten Material<\/p>\n","protected":false},"featured_media":51369,"comment_status":"open","ping_status":"closed","template":"","meta":[],"product_cat":[234],"product_tag":[235],"class_list":{"0":"post-51368","1":"product","2":"type-product","3":"status-publish","4":"has-post-thumbnail","6":"product_cat-shoes","7":"product_tag-mens-road-running-shoes","9":"first","10":"instock","11":"shipping-taxable","12":"product-type-external"},"aioseo_notices":[],"_links":{"self":[{"href":"https:\/\/topgetestet.de\/index.php?rest_route=\/wp\/v2\/product\/51368","targetHints":{"allow":["GET"]}}],"collection":[{"href":"https:\/\/topgetestet.de\/index.php?rest_route=\/wp\/v2\/product"}],"about":[{"href":"https:\/\/topgetestet.de\/index.php?rest_route=\/wp\/v2\/types\/product"}],"replies":[{"embeddable":true,"href":"https:\/\/topgetestet.de\/index.php?rest_route=%2Fwp%2Fv2%2Fcomments&post=51368"}],"wp:featuredmedia":[{"embeddable":true,"href":"https:\/\/topgetestet.de\/index.php?rest_route=\/wp\/v2\/media\/51369"}],"wp:attachment":[{"href":"https:\/\/topgetestet.de\/index.php?rest_route=%2Fwp%2Fv2%2Fmedia&parent=51368"}],"wp:term":[{"taxonomy":"product_cat","embeddable":true,"href":"https:\/\/topgetestet.de\/index.php?rest_route=%2Fwp%2Fv2%2Fproduct_cat&post=51368"},{"taxonomy":"product_tag","embeddable":true,"href":"https:\/\/topgetestet.de\/index.php?rest_route=%2Fwp%2Fv2%2Fproduct_tag&post=51368"}],"curies":[{"name":"wp","href":"https:\/\/api.w.org\/{rel}","templated":true}]}}