{"id":51231,"date":"2022-10-03T12:07:15","date_gmt":"2022-10-03T12:07:15","guid":{"rendered":"https:\/\/topgetestet.de\/?product=under-armour-herren-hovr-sonic-4-strasen-laufschuh-2"},"modified":"2022-10-03T12:07:15","modified_gmt":"2022-10-03T12:07:15","slug":"under-armour-herren-hovr-sonic-4-strasen-laufschuh-2","status":"publish","type":"product","link":"https:\/\/topgetestet.de\/?product=under-armour-herren-hovr-sonic-4-strasen-laufschuh-2","title":{"rendered":"Under Armour Herren HOVR Sonic 4 Stra\u00dfen-Laufschuh"},"content":{"rendered":"<p>Price: <span style=\"color:#b12704\">[price_with_discount]<\/span><br \/><i><small>(as of [price_update_date] &#8211; <span class=\"wp_automatic_amazon_disclaimer\" title=\"Product prices and availability are accurate as of the date\/time indicated and are subject to change. Any price and availability information displayed on [relevant Amazon Site(s), as applicable] at the time of purchase will apply to the purchase of this product.\">Details<\/span>)<\/small><\/i><\/p>\n<p><a href=\"https:\/\/amazon.de\/dp\/B087DSK6P9?tag=topgetestet09-21\"><img decoding=\"async\" src=\"https:\/\/i.imgur.com\/ISRHEWs.png\"><\/a><br \/>\n[ad_1]<br \/>\n <span>Laufstil: Ultra-gepolsterter, neutraler Schuh f\u00fcr un\u00fcbertroffenen Komfort. Die innovative UA SpeedForm-Konstruktion passt sich dem Fu\u00df an und sorgt f\u00fcr eine pr\u00e4zise Passform und eliminiert jegliche Ablenkung. Threadborne Mittelfu\u00df-Panel bietet Struktur und unverwechselbaren Stil. Engineered mesh used on the tongue &amp; toe box to enhance fit &amp; increase ventilation Interne Fersenkappe bietet nahtlose, leichte Unterst\u00fctzung und Struktur. Eingebettete Einlegesohle f\u00fcr zus\u00e4tzliche D\u00e4mpfung, Unterst\u00fctzung und nahtlosen Komfort. Charged Cushioning Zwischensohle verwendet komprimierten Schaum f\u00fcr noch bessere Reaktionsf\u00e4higkeit und Haltbarkeit, bietet optimale D\u00e4mpfung und Energier\u00fcckgabe. Micro G Ferseneinheit erh\u00f6ht den Schutz und die Stabilisierung Geblasenes Gummi unter dem Vorfu\u00df ist leicht und dennoch unglaublich reaktionsschnell. Einpresstiefe 8 mm Gewicht: 279,2 g.<\/span> <br \/> Produktabmessungen \u200f : \u200e  18 x 112 x 43 cm; 120 Gramm <br \/> Im Angebot von Amazon.de seit \u200f : \u200e  19. Dezember 2019 <br \/> Hersteller \u200f : \u200e  Under Armour <br \/> ASIN \u200f : \u200e  B082XC2CKS <br \/> Modellnummer \u200f : \u200e  1351667 <br \/> Kategorie \u200f : \u200e  Herren <\/p>\n<p>[ad_2]<\/p>\n","protected":false},"excerpt":{"rendered":"<p>Price: [price_with_discount](as of [price_update_date] &#8211; Details) [ad_1] Laufstil: Ultra-gepolsterter, neutraler Schuh f\u00fcr un\u00fcbertroffenen Komfort. Die innovative UA SpeedForm-Konstruktion passt sich dem Fu\u00df an und sorgt f\u00fcr eine pr\u00e4zise Passform und<\/p>\n","protected":false},"featured_media":51232,"comment_status":"open","ping_status":"closed","template":"","meta":[],"product_cat":[234],"product_tag":[235],"class_list":{"0":"post-51231","1":"product","2":"type-product","3":"status-publish","4":"has-post-thumbnail","6":"product_cat-shoes","7":"product_tag-mens-road-running-shoes","9":"first","10":"instock","11":"shipping-taxable","12":"product-type-external"},"aioseo_notices":[],"_links":{"self":[{"href":"https:\/\/topgetestet.de\/index.php?rest_route=\/wp\/v2\/product\/51231","targetHints":{"allow":["GET"]}}],"collection":[{"href":"https:\/\/topgetestet.de\/index.php?rest_route=\/wp\/v2\/product"}],"about":[{"href":"https:\/\/topgetestet.de\/index.php?rest_route=\/wp\/v2\/types\/product"}],"replies":[{"embeddable":true,"href":"https:\/\/topgetestet.de\/index.php?rest_route=%2Fwp%2Fv2%2Fcomments&post=51231"}],"wp:featuredmedia":[{"embeddable":true,"href":"https:\/\/topgetestet.de\/index.php?rest_route=\/wp\/v2\/media\/51232"}],"wp:attachment":[{"href":"https:\/\/topgetestet.de\/index.php?rest_route=%2Fwp%2Fv2%2Fmedia&parent=51231"}],"wp:term":[{"taxonomy":"product_cat","embeddable":true,"href":"https:\/\/topgetestet.de\/index.php?rest_route=%2Fwp%2Fv2%2Fproduct_cat&post=51231"},{"taxonomy":"product_tag","embeddable":true,"href":"https:\/\/topgetestet.de\/index.php?rest_route=%2Fwp%2Fv2%2Fproduct_tag&post=51231"}],"curies":[{"name":"wp","href":"https:\/\/api.w.org\/{rel}","templated":true}]}}