{"id":51109,"date":"2022-10-03T10:47:38","date_gmt":"2022-10-03T10:47:38","guid":{"rendered":"https:\/\/topgetestet.de\/?product=new-classic-toys-10850-bauernhof-spielset-holz"},"modified":"2022-10-03T10:47:38","modified_gmt":"2022-10-03T10:47:38","slug":"new-classic-toys-10850-bauernhof-spielset-holz","status":"publish","type":"product","link":"https:\/\/topgetestet.de\/?product=new-classic-toys-10850-bauernhof-spielset-holz","title":{"rendered":"New Classic Toys &#8211; 10850 &#8211; Bauernhof Spielset &#8211; Holz"},"content":{"rendered":"<p>Price: <span style=\"color:#b12704\">[price_with_discount]<\/span><br \/><i><small>(as of [price_update_date] &#8211; <span class=\"wp_automatic_amazon_disclaimer\" title=\"Product prices and availability are accurate as of the date\/time indicated and are subject to change. Any price and availability information displayed on [relevant Amazon Site(s), as applicable] at the time of purchase will apply to the purchase of this product.\">Details<\/span>)<\/small><\/i><\/p>\n<p><a href=\"https:\/\/amazon.de\/dp\/B06XYNL5V9?tag=topgetestet09-21\"><img decoding=\"async\" src=\"https:\/\/i.imgur.com\/ISRHEWs.png\"><\/a><br \/>\n[ad_1]<br \/>\n <span>In diesem Set findet sich alles, was die Herzen kleiner Bauernhof-Fans h\u00f6her schlagen l\u00e4sst. Neben der wundersch\u00f6nen Spielfl\u00e4che mit dem ger\u00e4umigen Bauernhaus sind 20 Spielfiguren aus Holz enthalten.<\/span> <br \/>Spa\u00df: Dieses sch\u00f6ne Spielzeug ist bunt und hat viel Spa\u00df beim Spielen. Die Farbe ist sehr hell. Kinder verbrachten viel Zeit mit Spielen und die Eltern konnten sich endlich ausruhen.<br \/>Lernen: Kultivieren Sie die Farbwahrnehmung der Kinder im Spiel, um die Hand-, Gehirn- und Augenkoordination der Kinder zu trainieren. Eltern, die mit Kindern spielen, bringen ihnen bei, die Form und Eigenschaften von Musikinstrumenten zu verstehen und die kognitiven F\u00e4higkeiten von Kindern zu entwickeln.<br \/>Alter: Dieses spielzeug wurde f\u00fcr alle ab 3 Jahren entwickelt und kann von jedem Kind in der Familie genossen werden<br \/>P\u00e4dagogisch: Bauen, Stapeln, Sortieren und Z\u00e4hlen. Spielen und Lernen gehen Hand in Hand mit der Kollektion &#8216;Educational&#8217; von New Classic Toys.<br \/>\n<br \/>[ad_2]<\/p>\n","protected":false},"excerpt":{"rendered":"<p>Price: [price_with_discount](as of [price_update_date] &#8211; Details) [ad_1] In diesem Set findet sich alles, was die Herzen kleiner Bauernhof-Fans h\u00f6her schlagen l\u00e4sst. Neben der wundersch\u00f6nen Spielfl\u00e4che mit dem ger\u00e4umigen Bauernhaus sind<\/p>\n","protected":false},"featured_media":51110,"comment_status":"open","ping_status":"closed","template":"","meta":[],"product_cat":[227],"product_tag":[270],"class_list":{"0":"post-51109","1":"product","2":"type-product","3":"status-publish","4":"has-post-thumbnail","6":"product_cat-gaming","7":"product_tag-toys-games","9":"first","10":"instock","11":"sale","12":"shipping-taxable","13":"product-type-external"},"aioseo_notices":[],"_links":{"self":[{"href":"https:\/\/topgetestet.de\/index.php?rest_route=\/wp\/v2\/product\/51109","targetHints":{"allow":["GET"]}}],"collection":[{"href":"https:\/\/topgetestet.de\/index.php?rest_route=\/wp\/v2\/product"}],"about":[{"href":"https:\/\/topgetestet.de\/index.php?rest_route=\/wp\/v2\/types\/product"}],"replies":[{"embeddable":true,"href":"https:\/\/topgetestet.de\/index.php?rest_route=%2Fwp%2Fv2%2Fcomments&post=51109"}],"wp:featuredmedia":[{"embeddable":true,"href":"https:\/\/topgetestet.de\/index.php?rest_route=\/wp\/v2\/media\/51110"}],"wp:attachment":[{"href":"https:\/\/topgetestet.de\/index.php?rest_route=%2Fwp%2Fv2%2Fmedia&parent=51109"}],"wp:term":[{"taxonomy":"product_cat","embeddable":true,"href":"https:\/\/topgetestet.de\/index.php?rest_route=%2Fwp%2Fv2%2Fproduct_cat&post=51109"},{"taxonomy":"product_tag","embeddable":true,"href":"https:\/\/topgetestet.de\/index.php?rest_route=%2Fwp%2Fv2%2Fproduct_tag&post=51109"}],"curies":[{"name":"wp","href":"https:\/\/api.w.org\/{rel}","templated":true}]}}