{"id":50858,"date":"2022-10-02T23:14:00","date_gmt":"2022-10-02T23:14:00","guid":{"rendered":"https:\/\/topgetestet.de\/?product=skechers-sport-womens-damen-perfekte-ansicht-sneaker-2"},"modified":"2022-10-02T23:14:00","modified_gmt":"2022-10-02T23:14:00","slug":"skechers-sport-womens-damen-perfekte-ansicht-sneaker-2","status":"publish","type":"product","link":"https:\/\/topgetestet.de\/?product=skechers-sport-womens-damen-perfekte-ansicht-sneaker-2","title":{"rendered":"Skechers Sport Women&#8217;s Damen Perfekte Ansicht Sneaker"},"content":{"rendered":"<p>Price: <span style=\"color:#b12704\">[price_with_discount]<\/span><br \/><i><small>(as of [price_update_date] &#8211; <span class=\"wp_automatic_amazon_disclaimer\" title=\"Product prices and availability are accurate as of the date\/time indicated and are subject to change. Any price and availability information displayed on [relevant Amazon Site(s), as applicable] at the time of purchase will apply to the purchase of this product.\">Details<\/span>)<\/small><\/i><\/p>\n<p><a href=\"https:\/\/amazon.de\/dp\/B099F8RSQM?tag=topgetestet09-21\"><img decoding=\"async\" src=\"https:\/\/i.imgur.com\/ISRHEWs.png\"><\/a><br \/>\n[ad_1]<br \/>\n <span>Komfort und schlanker, sportlicher Stil kombinieren sich in Skechers Summits \u2013 dieser Slipper verf\u00fcgt \u00fcber ein athletisches Mesh-Obermaterial mit einer Bungee-Schn\u00fcrung vorne und einer gepolsterten Memory-Schaumstoff-Innensohle.<\/span> <br \/> Produktabmessungen \u200f : \u200e  25.4 x 38.1 x 15.24 cm; 750 Gramm <br \/> Im Angebot von Amazon.de seit \u200f : \u200e  14. Juli 2021 <br \/> Hersteller \u200f : \u200e  Skechers Sport Women&#8217;s <br \/> ASIN \u200f : \u200e  B099FBBNFJ <br \/> Modellnummer \u200f : \u200e  149523 <br \/> Kategorie \u200f : \u200e  Damen <\/p>\n<p>Innenmaterial: Synthetik<br \/>Sohle: Netzgewebe<br \/>Verschluss: Bungee<br \/>Absatzform: Flach<br \/>Materialzusammensetzung: Gewebe<br \/>Schuhweite: medium<br \/>\n<br \/>[ad_2]<\/p>\n","protected":false},"excerpt":{"rendered":"<p>Price: [price_with_discount](as of [price_update_date] &#8211; Details) [ad_1] Komfort und schlanker, sportlicher Stil kombinieren sich in Skechers Summits \u2013 dieser Slipper verf\u00fcgt \u00fcber ein athletisches Mesh-Obermaterial mit einer Bungee-Schn\u00fcrung vorne und<\/p>\n","protected":false},"featured_media":50859,"comment_status":"open","ping_status":"closed","template":"","meta":[],"product_cat":[232],"product_tag":[],"class_list":{"0":"post-50858","1":"product","2":"type-product","3":"status-publish","4":"has-post-thumbnail","6":"product_cat-women-fashion","8":"first","9":"instock","10":"shipping-taxable","11":"product-type-external"},"aioseo_notices":[],"_links":{"self":[{"href":"https:\/\/topgetestet.de\/index.php?rest_route=\/wp\/v2\/product\/50858","targetHints":{"allow":["GET"]}}],"collection":[{"href":"https:\/\/topgetestet.de\/index.php?rest_route=\/wp\/v2\/product"}],"about":[{"href":"https:\/\/topgetestet.de\/index.php?rest_route=\/wp\/v2\/types\/product"}],"replies":[{"embeddable":true,"href":"https:\/\/topgetestet.de\/index.php?rest_route=%2Fwp%2Fv2%2Fcomments&post=50858"}],"wp:featuredmedia":[{"embeddable":true,"href":"https:\/\/topgetestet.de\/index.php?rest_route=\/wp\/v2\/media\/50859"}],"wp:attachment":[{"href":"https:\/\/topgetestet.de\/index.php?rest_route=%2Fwp%2Fv2%2Fmedia&parent=50858"}],"wp:term":[{"taxonomy":"product_cat","embeddable":true,"href":"https:\/\/topgetestet.de\/index.php?rest_route=%2Fwp%2Fv2%2Fproduct_cat&post=50858"},{"taxonomy":"product_tag","embeddable":true,"href":"https:\/\/topgetestet.de\/index.php?rest_route=%2Fwp%2Fv2%2Fproduct_tag&post=50858"}],"curies":[{"name":"wp","href":"https:\/\/api.w.org\/{rel}","templated":true}]}}