{"id":50793,"date":"2022-10-02T23:04:49","date_gmt":"2022-10-02T23:04:49","guid":{"rendered":"https:\/\/topgetestet.de\/?product=humble-games-temtem-switch"},"modified":"2022-10-02T23:04:49","modified_gmt":"2022-10-02T23:04:49","slug":"humble-games-temtem-switch","status":"publish","type":"product","link":"https:\/\/topgetestet.de\/?product=humble-games-temtem-switch","title":{"rendered":"Humble Games Temtem &#8211; Switch"},"content":{"rendered":"<p>Price: <span style=\"color:#b12704\">[price_with_discount]<\/span><br \/><i><small>(as of [price_update_date] &#8211; <span class=\"wp_automatic_amazon_disclaimer\" title=\"Product prices and availability are accurate as of the date\/time indicated and are subject to change. Any price and availability information displayed on [relevant Amazon Site(s), as applicable] at the time of purchase will apply to the purchase of this product.\">Details<\/span>)<\/small><\/i><\/p>\n<p><a href=\"https:\/\/amazon.de\/dp\/B0B2F61J1Z?tag=topgetestet09-21\"><img decoding=\"async\" src=\"https:\/\/i.imgur.com\/ISRHEWs.png\"><\/a><br \/>\n[ad_1]<br \/>\n <span>TEMTEM IST DAS KREATUREN-SAMMEL-MMO, NACH DEM DAS FANDOM GEFRAGT HAT! Temtem ist ein Massively Multiplayer Kreaturen-Sammelabenteuer. St\u00fcrze dich im wundersch\u00f6nen Fliegenden Archipel mit deinem Temtem-Team ins Abenteuer. Fange alle Temtem, k\u00e4mpfe gegen andere B\u00e4ndiger, gestalte dein Haus, hilf Freunden bei ihren Abenteuern, oder erkunde die dynamische Online-Welt. Jedes Kind tr\u00e4umt davon, Temtem-B\u00e4ndiger zu werden und die sechs Inseln des Fliegenden Archipels zu bereisen, um neue Spezies zu entdecken und Freunde kennenzulernen. Jetzt bist du an der Reihe, zu einem epischen Abenteuer aufzubrechen und diese Tr\u00e4ume wahr werden zu lassen. Fange neue Temtem auf den fliegenden Inseln von Omninesien, k\u00e4mpfe an den Sandstr\u00e4nden von Deniz mit anderen B\u00e4ndigern, oder tausche auf Tucmas aschebedeckten Feldern mit deinen Freunden. Besiege den l\u00e4stigen Clan Belsoto und vereitle seine Pl\u00e4ne, das Archipel zu erobern. Besiege alle acht Dojomeister und werde zum ultimativen Temtemb\u00e4ndiger!<\/span> <br \/> Alterseinstufung \u200f : \u200e  USK ab 6 freigegeben <br \/> Produktabmessungen \u200f : \u200e  1 x 10.5 x 17 cm; 61 Gramm <br \/> Erscheinungstermin \u200f : \u200e  6. September 2022 <br \/> ASIN \u200f : \u200e  B0B2F61J1Z <br \/> Herkunftsland \u200f : \u200e  \u00d6sterreich <\/p>\n<p>Eine Online-Welt: heutzutage reist niemand mehr allein; Temtem hat eine \u201cMassive Multiplayer\u201d-Welt. B\u00e4ndiger auf der ganzen Welt k\u00f6nnen sich dir anschlie\u00dfen und du kannst sehen, wie sie ihre eigenen Abenteuer erleben und trainieren, die besten Temtemb\u00e4ndiger zu sein<br \/>Ein gemeinsames Abenteuer: du kannst dich jederzeit mit deinen Freunden zusammenschlie\u00dfen und gemeinsam an eurem n\u00e4chsten Ziel arbeiten. Fangt neue Temtem, erkundet neue Landschaften, oder tretet gegen einen Dojomeister an und helft euch im Kampf gegenseitig!<br \/>Wohnen: kauf dir dein eigenes Haus und dekoriere es, wie du willst. Kaufe neue M\u00f6bel, streiche die W\u00e4nde und schon bald kannst du deine Freunde in dein neues Heim einladen!<br \/>Anpassen: gestalte deinen Charakter so, dass du dich von der Masse abhebst und erhalte im Kampf gegen andere B\u00e4ndiger neue kosmetische Gegenst\u00e4nde. Trage einen l\u00e4cherlichen Hut, einen bequemen Pulli, vergiss die Hosen nicht \u2013 und los geht\u2019s! Oder bevorzugst du es doch eher, dich als dein Lieblingstemtem zu verkleiden? Wettkampf: fange damit an, 8 Temtem auszuw\u00e4hlen und die Wahl- und Sperrphase beginnt. Wechsle dich mit deinem Rivalen ab, um deine Temtem auszuw\u00e4hlen und gegnerische Temtem zu sperren. Wenn alle Entscheidungen getroffen wurden, hat jeder Spieler 5 Temtem und der Kampf beginnt<br \/>\n<br \/>[ad_2]<\/p>\n","protected":false},"excerpt":{"rendered":"<p>Price: [price_with_discount](as of [price_update_date] &#8211; Details) [ad_1] TEMTEM IST DAS KREATUREN-SAMMEL-MMO, NACH DEM DAS FANDOM GEFRAGT HAT! Temtem ist ein Massively Multiplayer Kreaturen-Sammelabenteuer. St\u00fcrze dich im wundersch\u00f6nen Fliegenden Archipel mit<\/p>\n","protected":false},"featured_media":50794,"comment_status":"open","ping_status":"closed","template":"","meta":[],"product_cat":[227],"product_tag":[255],"class_list":{"0":"post-50793","1":"product","2":"type-product","3":"status-publish","4":"has-post-thumbnail","6":"product_cat-gaming","7":"product_tag-amazon-games","9":"first","10":"instock","11":"sale","12":"shipping-taxable","13":"product-type-external"},"aioseo_notices":[],"_links":{"self":[{"href":"https:\/\/topgetestet.de\/index.php?rest_route=\/wp\/v2\/product\/50793","targetHints":{"allow":["GET"]}}],"collection":[{"href":"https:\/\/topgetestet.de\/index.php?rest_route=\/wp\/v2\/product"}],"about":[{"href":"https:\/\/topgetestet.de\/index.php?rest_route=\/wp\/v2\/types\/product"}],"replies":[{"embeddable":true,"href":"https:\/\/topgetestet.de\/index.php?rest_route=%2Fwp%2Fv2%2Fcomments&post=50793"}],"wp:featuredmedia":[{"embeddable":true,"href":"https:\/\/topgetestet.de\/index.php?rest_route=\/wp\/v2\/media\/50794"}],"wp:attachment":[{"href":"https:\/\/topgetestet.de\/index.php?rest_route=%2Fwp%2Fv2%2Fmedia&parent=50793"}],"wp:term":[{"taxonomy":"product_cat","embeddable":true,"href":"https:\/\/topgetestet.de\/index.php?rest_route=%2Fwp%2Fv2%2Fproduct_cat&post=50793"},{"taxonomy":"product_tag","embeddable":true,"href":"https:\/\/topgetestet.de\/index.php?rest_route=%2Fwp%2Fv2%2Fproduct_tag&post=50793"}],"curies":[{"name":"wp","href":"https:\/\/api.w.org\/{rel}","templated":true}]}}