{"id":50758,"date":"2022-10-02T22:44:55","date_gmt":"2022-10-02T22:44:55","guid":{"rendered":"https:\/\/topgetestet.de\/?product=nike-damen-venture-runner-sneaker-2"},"modified":"2022-10-02T22:44:55","modified_gmt":"2022-10-02T22:44:55","slug":"nike-damen-venture-runner-sneaker-2","status":"publish","type":"product","link":"https:\/\/topgetestet.de\/?product=nike-damen-venture-runner-sneaker-2","title":{"rendered":"Nike Damen Venture Runner Sneaker"},"content":{"rendered":"<p>Price: <span style=\"color:#b12704\">[price_with_discount]<\/span><br \/><i><small>(as of [price_update_date] &#8211; <span class=\"wp_automatic_amazon_disclaimer\" title=\"Product prices and availability are accurate as of the date\/time indicated and are subject to change. Any price and availability information displayed on [relevant Amazon Site(s), as applicable] at the time of purchase will apply to the purchase of this product.\">Details<\/span>)<\/small><\/i><\/p>\n<p><a href=\"https:\/\/amazon.de\/dp\/B082PH5J1N?tag=topgetestet09-21\"><img decoding=\"async\" src=\"https:\/\/i.imgur.com\/ISRHEWs.png\"><\/a><br \/>\n[ad_1]<br \/>\n <span>Das atmungsaktive Obermaterial des Nike Lauschuhs sorgt f\u00fcr ein angenehmes Fu\u00dfklima. Eine d\u00e4mpfende, zur Ferse hin breiter werdenden Sohle bietet dir ein leichtes Laufgef\u00fchl und hohen Tragekomfort. Die Mittelsohle polstert jeden Schritt, w\u00e4hrend die Au\u00dfensohle Halt garantiert. Der wei\u00dfe Swoosh setzt den finalen Akzent. Der Schaumstoff im Kn\u00f6chelbereich ist weich und bequem.<\/span> <br \/> Auslaufartikel (Produktion durch Hersteller eingestellt) \u200f : \u200e  Nein <br \/> Sprache \u200f : \u200e  Englisch, Englisch, Englisch, Englisch, Englisch <br \/> Produktabmessungen \u200f : \u200e  30 x 20 x 10 cm; 500 Gramm <br \/> Im Angebot von Amazon.de seit \u200f : \u200e  18. Juni 2020 <br \/> Hersteller \u200f : \u200e  Nike <br \/> ASIN \u200f : \u200e  B0838KK889 <br \/> Modellnummer \u200f : \u200e  CK2948 <br \/> Kategorie \u200f : \u200e  Damen <\/p>\n<p>Innenmaterial: Fabric<br \/>Sohle: Fabric<br \/>Verschluss: Schn\u00fcrung<br \/>Absatzh\u00f6he: 30 Millimeter<br \/>Absatzform: Plateauabsatz<br \/>Materialzusammensetzung: Mesh<br \/>\n<br \/>[ad_2]<\/p>\n","protected":false},"excerpt":{"rendered":"<p>Price: [price_with_discount](as of [price_update_date] &#8211; Details) [ad_1] Das atmungsaktive Obermaterial des Nike Lauschuhs sorgt f\u00fcr ein angenehmes Fu\u00dfklima. Eine d\u00e4mpfende, zur Ferse hin breiter werdenden Sohle bietet dir ein leichtes<\/p>\n","protected":false},"featured_media":50759,"comment_status":"open","ping_status":"closed","template":"","meta":[],"product_cat":[234],"product_tag":[235],"class_list":{"0":"post-50758","1":"product","2":"type-product","3":"status-publish","4":"has-post-thumbnail","6":"product_cat-shoes","7":"product_tag-mens-road-running-shoes","9":"first","10":"instock","11":"shipping-taxable","12":"product-type-external"},"aioseo_notices":[],"_links":{"self":[{"href":"https:\/\/topgetestet.de\/index.php?rest_route=\/wp\/v2\/product\/50758","targetHints":{"allow":["GET"]}}],"collection":[{"href":"https:\/\/topgetestet.de\/index.php?rest_route=\/wp\/v2\/product"}],"about":[{"href":"https:\/\/topgetestet.de\/index.php?rest_route=\/wp\/v2\/types\/product"}],"replies":[{"embeddable":true,"href":"https:\/\/topgetestet.de\/index.php?rest_route=%2Fwp%2Fv2%2Fcomments&post=50758"}],"wp:featuredmedia":[{"embeddable":true,"href":"https:\/\/topgetestet.de\/index.php?rest_route=\/wp\/v2\/media\/50759"}],"wp:attachment":[{"href":"https:\/\/topgetestet.de\/index.php?rest_route=%2Fwp%2Fv2%2Fmedia&parent=50758"}],"wp:term":[{"taxonomy":"product_cat","embeddable":true,"href":"https:\/\/topgetestet.de\/index.php?rest_route=%2Fwp%2Fv2%2Fproduct_cat&post=50758"},{"taxonomy":"product_tag","embeddable":true,"href":"https:\/\/topgetestet.de\/index.php?rest_route=%2Fwp%2Fv2%2Fproduct_tag&post=50758"}],"curies":[{"name":"wp","href":"https:\/\/api.w.org\/{rel}","templated":true}]}}