{"id":50656,"date":"2022-10-02T22:09:47","date_gmt":"2022-10-02T22:09:47","guid":{"rendered":"https:\/\/topgetestet.de\/?product=tamaris-damen-sneaker-1-1-23750-29-grose-eu-2"},"modified":"2022-10-02T22:09:47","modified_gmt":"2022-10-02T22:09:47","slug":"tamaris-damen-sneaker-1-1-23750-29-grose-eu-2","status":"publish","type":"product","link":"https:\/\/topgetestet.de\/?product=tamaris-damen-sneaker-1-1-23750-29-grose-eu-2","title":{"rendered":"Tamaris Damen Sneaker 1-1-23750-29 Gr\u00f6\u00dfe: EU"},"content":{"rendered":"<p>Price: <span style=\"color:#b12704\">[price_with_discount]<\/span><br \/><i><small>(as of [price_update_date] &#8211; <span class=\"wp_automatic_amazon_disclaimer\" title=\"Product prices and availability are accurate as of the date\/time indicated and are subject to change. Any price and availability information displayed on [relevant Amazon Site(s), as applicable] at the time of purchase will apply to the purchase of this product.\">Details<\/span>)<\/small><\/i><\/p>\n<p><a href=\"https:\/\/amazon.de\/dp\/B09MWMJP87?tag=topgetestet09-21\"><img decoding=\"async\" src=\"https:\/\/i.imgur.com\/ISRHEWs.png\"><\/a><br \/>\n[ad_1]<br \/>\n <span>Ein Schuh, viel Wei\u00dffl\u00e4che und jede Menge Raum f\u00fcr Fantasie \u2013 die Erfolgsformel von Tamaris ist so einfach wie genial, die Liebe zum Produkt seit jeher ungebrochen. Tamaris steht f\u00fcr den Modeanspruch der qualit\u00e4tsorientierten und preisbewussten Frau, die eine Marke nicht nur als Lifestyle-Label, sondern als ein Leistungsversprechen in ihrer pers\u00f6nlichen Lebenswelt sch\u00e4tzt.<\/span> <br \/> Verpackungsabmessungen \u200f : \u200e  31.1 x 20.5 x 11.5 cm; 926 Gramm <br \/> Im Angebot von Amazon.de seit \u200f : \u200e  2. Dezember 2021 <br \/> Hersteller \u200f : \u200e  Tamaris <br \/> ASIN \u200f : \u200e  B09MWMH9WJ <br \/> Modellnummer \u200f : \u200e  1-1-23750-29 006 <br \/> Kategorie \u200f : \u200e  Damen <\/p>\n<p>[ad_2]<\/p>\n","protected":false},"excerpt":{"rendered":"<p>Price: [price_with_discount](as of [price_update_date] &#8211; Details) [ad_1] Ein Schuh, viel Wei\u00dffl\u00e4che und jede Menge Raum f\u00fcr Fantasie \u2013 die Erfolgsformel von Tamaris ist so einfach wie genial, die Liebe zum<\/p>\n","protected":false},"featured_media":50657,"comment_status":"open","ping_status":"closed","template":"","meta":[],"product_cat":[230],"product_tag":[266],"class_list":{"0":"post-50656","1":"product","2":"type-product","3":"status-publish","4":"has-post-thumbnail","6":"product_cat-fashion","7":"product_tag-womens-fashion-sneakers","9":"first","10":"instock","11":"shipping-taxable","12":"product-type-external"},"aioseo_notices":[],"_links":{"self":[{"href":"https:\/\/topgetestet.de\/index.php?rest_route=\/wp\/v2\/product\/50656","targetHints":{"allow":["GET"]}}],"collection":[{"href":"https:\/\/topgetestet.de\/index.php?rest_route=\/wp\/v2\/product"}],"about":[{"href":"https:\/\/topgetestet.de\/index.php?rest_route=\/wp\/v2\/types\/product"}],"replies":[{"embeddable":true,"href":"https:\/\/topgetestet.de\/index.php?rest_route=%2Fwp%2Fv2%2Fcomments&post=50656"}],"wp:featuredmedia":[{"embeddable":true,"href":"https:\/\/topgetestet.de\/index.php?rest_route=\/wp\/v2\/media\/50657"}],"wp:attachment":[{"href":"https:\/\/topgetestet.de\/index.php?rest_route=%2Fwp%2Fv2%2Fmedia&parent=50656"}],"wp:term":[{"taxonomy":"product_cat","embeddable":true,"href":"https:\/\/topgetestet.de\/index.php?rest_route=%2Fwp%2Fv2%2Fproduct_cat&post=50656"},{"taxonomy":"product_tag","embeddable":true,"href":"https:\/\/topgetestet.de\/index.php?rest_route=%2Fwp%2Fv2%2Fproduct_tag&post=50656"}],"curies":[{"name":"wp","href":"https:\/\/api.w.org\/{rel}","templated":true}]}}