{"id":50638,"date":"2022-10-02T22:07:36","date_gmt":"2022-10-02T22:07:36","guid":{"rendered":"https:\/\/topgetestet.de\/?product=salomon-herren-speedcross-5-trail-running"},"modified":"2022-10-02T22:07:36","modified_gmt":"2022-10-02T22:07:36","slug":"salomon-herren-speedcross-5-trail-running","status":"publish","type":"product","link":"https:\/\/topgetestet.de\/?product=salomon-herren-speedcross-5-trail-running","title":{"rendered":"Salomon Herren Speedcross 5 Trail Running"},"content":{"rendered":"<p>Price: <span style=\"color:#b12704\">[price_with_discount]<\/span><br \/><i><small>(as of [price_update_date] &#8211; <span class=\"wp_automatic_amazon_disclaimer\" title=\"Product prices and availability are accurate as of the date\/time indicated and are subject to change. Any price and availability information displayed on [relevant Amazon Site(s), as applicable] at the time of purchase will apply to the purchase of this product.\">Details<\/span>)<\/small><\/i><\/p>\n<p><a href=\"https:\/\/amazon.de\/dp\/B07CZ1SY3T?tag=topgetestet09-21\"><img decoding=\"async\" src=\"https:\/\/i.imgur.com\/ISRHEWs.png\"><\/a><br \/>\n[ad_1]<br \/>\n <span>Um die n\u00e4chste Generation SPEEDCROSS 5 zu schaffen, haben wir uns auf den Quellcode zur\u00fcckgegangen, und dabei die Werte, die SPEEDCROSS legend\u00e4r machen. Noch mehr Grip und ein dynamischeres Obermaterial setzen einen neuen High-Bar in Sachen Leistung und Passform. Und mit besserer Stabilit\u00e4t und einem raffinierten Look ist eine neue Legende da.<\/span> <br \/> Produktabmessungen \u200f : \u200e  22.86 x 33.02 x 12.7 cm; 660 Gramm <br \/> Im Angebot von Amazon.de seit \u200f : \u200e  5. Dezember 2019 <br \/> Hersteller \u200f : \u200e  Salomon <br \/> ASIN \u200f : \u200e  B07WCQ1FB1 <br \/> Modellnummer \u200f : \u200e  L41042900 <br \/> Kategorie \u200f : \u200e  Herren <\/p>\n<p>[ad_2]<\/p>\n","protected":false},"excerpt":{"rendered":"<p>Price: [price_with_discount](as of [price_update_date] &#8211; Details) [ad_1] Um die n\u00e4chste Generation SPEEDCROSS 5 zu schaffen, haben wir uns auf den Quellcode zur\u00fcckgegangen, und dabei die Werte, die SPEEDCROSS legend\u00e4r machen.<\/p>\n","protected":false},"featured_media":50639,"comment_status":"open","ping_status":"closed","template":"","meta":[],"product_cat":[234],"product_tag":[235],"class_list":{"0":"post-50638","1":"product","2":"type-product","3":"status-publish","4":"has-post-thumbnail","6":"product_cat-shoes","7":"product_tag-mens-road-running-shoes","9":"first","10":"instock","11":"shipping-taxable","12":"product-type-external"},"aioseo_notices":[],"_links":{"self":[{"href":"https:\/\/topgetestet.de\/index.php?rest_route=\/wp\/v2\/product\/50638","targetHints":{"allow":["GET"]}}],"collection":[{"href":"https:\/\/topgetestet.de\/index.php?rest_route=\/wp\/v2\/product"}],"about":[{"href":"https:\/\/topgetestet.de\/index.php?rest_route=\/wp\/v2\/types\/product"}],"replies":[{"embeddable":true,"href":"https:\/\/topgetestet.de\/index.php?rest_route=%2Fwp%2Fv2%2Fcomments&post=50638"}],"wp:featuredmedia":[{"embeddable":true,"href":"https:\/\/topgetestet.de\/index.php?rest_route=\/wp\/v2\/media\/50639"}],"wp:attachment":[{"href":"https:\/\/topgetestet.de\/index.php?rest_route=%2Fwp%2Fv2%2Fmedia&parent=50638"}],"wp:term":[{"taxonomy":"product_cat","embeddable":true,"href":"https:\/\/topgetestet.de\/index.php?rest_route=%2Fwp%2Fv2%2Fproduct_cat&post=50638"},{"taxonomy":"product_tag","embeddable":true,"href":"https:\/\/topgetestet.de\/index.php?rest_route=%2Fwp%2Fv2%2Fproduct_tag&post=50638"}],"curies":[{"name":"wp","href":"https:\/\/api.w.org\/{rel}","templated":true}]}}